{"id":27727,"date":"2023-02-28T12:44:25","date_gmt":"2023-02-28T19:44:25","guid":{"rendered":"https:\/\/swimlane.com\/?page_id=27727"},"modified":"2023-02-28T12:48:45","modified_gmt":"2023-02-28T19:48:45","slug":"request-a-demo","status":"publish","type":"page","link":"https:\/\/swimlane.com\/de\/security-automation-workshop\/","title":{"rendered":"Demo anfordern"},"content":{"rendered":"<section class=\"bs-section bs-section-9c90a85f067671a1321bb9cc11b44442df7a1f05 bs-section---default bs-section--common-header-with-form bs-section--request-a-demo\"><div class=\"container\">\n<div class=\"bs-row row   bs-row---default\">\n<div class=\"bs-column col-sm-12   bs-column-5f6574ebb29ac8d58ab608d2aff5b1bbe4f96332 bs-column---default\"><div class=\"bs-lottie-animator bs-lottie-animator---default\" id=\"lottie-c7d5ff8e-a115-40ae-aecb-0a84b90fe739\" data-settings=\"{&quot;desktop&quot;:{&quot;settings&quot;:{&quot;animateViewPort&quot;:0.5,&quot;direction&quot;:1,&quot;delay&quot;:0,&quot;loop&quot;:false,&quot;fileName&quot;:&quot;Contact_lines.json&quot;,&quot;mouseOutAction&quot;:&quot;none&quot;,&quot;numberOfLoops&quot;:1,&quot;playSpeed&quot;:1,&quot;path&quot;:&quot;https:\\\/\\\/swimlane.com\\\/wp-content\\\/uploads\\\/Contact_lines.json&quot;,&quot;scrollRelativeTo&quot;:&quot;withinSection&quot;,&quot;trigger&quot;:false,&quot;triggerMethod&quot;:&quot;pageHover&quot;,&quot;oneTimePlay&quot;:true}},&quot;mobile&quot;:{&quot;breakpoint&quot;:576,&quot;settings&quot;:{&quot;animateViewPort&quot;:50,&quot;direction&quot;:1,&quot;delay&quot;:0,&quot;loop&quot;:false,&quot;fileName&quot;:&quot;&quot;,&quot;mouseOutAction&quot;:&quot;none&quot;,&quot;numberOfLoops&quot;:0,&quot;playSpeed&quot;:1,&quot;path&quot;:&quot;&quot;,&quot;scrollRelativeTo&quot;:&quot;withinSection&quot;,&quot;trigger&quot;:false,&quot;triggerMethod&quot;:&quot;pageHover&quot;,&quot;oneTimePlay&quot;:true}}}\"><\/div><\/div>\n<\/div>\n\n\n\n<div class=\"bs-row row   bs-row---default\">\n<div class=\"bs-column  col-md-7 col-sm-0   bs-column-3d962b00decd4fef444449c96db45c42599741ec bs-column---default\">\n<h1 class=\"has-deep-color has-text-color wp-block-heading\" id=\"h-2-hour-interactive-workshop\">2-st\u00fcndiger interaktiver Workshop<\/h1>\n\n\n\n<p>Erleben Sie die Leistungsf\u00e4higkeit von Swimlane in einem unserer n\u00e4chsten Swimlane-Workshops. Diese virtuelle Praxiserfahrung ist die perfekte technische Einf\u00fchrung in die Low-Code-Automatisierungsplattform Swimlane. In diesem zweist\u00fcndigen Produkttraining f\u00fchrt Sie ein Swimlane-Automatisierungsexperte durch f\u00fcnf \u00dcbungen, die Ihnen die Leistungsf\u00e4higkeit und Anpassungsf\u00e4higkeit der Swimlane-Funktionen demonstrieren.<\/p>\n\n\n\n<p>Sicherheitsexperten, die an einem Swimlane-Workshop teilnehmen, erhalten 2 CPE-Punkte und lernen Folgendes:<\/p>\n\n\n\n<div class=\"bs-div bs-div-91103da672f431009115c2b4dd3e89284290a37b bs-div---default\"><div class=\"bs-div__inner\">\n<ul class=\"wp-block-list\">\n<li>Navigieren Sie durch die Swimlane-Oberfl\u00e4che, um einen Echtzeit-\u00dcberblick \u00fcber die gesamte Automatisierungsplattform zu erhalten.<\/li>\n\n\n\n<li>Integrieren Sie Ihre Sicherheitstools, um Ihre bestehenden Prozesse schnell zu orchestrieren und zu automatisieren.<\/li>\n\n\n\n<li>Automatisieren Sie komplexe Arbeitsabl\u00e4ufe, um endlose Stunden unn\u00f6tiger und m\u00fchsamer manueller Aufgaben zu eliminieren.<\/li>\n\n\n\n<li>Nutzen Sie Automatisierung, um Sicherheitsbedenken schnell zu erkennen und zu beheben und gleichzeitig wichtige Kennzahlen zu verbessern.<\/li>\n\n\n\n<li>Erstellen und nutzen Sie Ihr eigenes, robustes Sicherheitssystem.<\/li>\n<\/ul>\n<\/div><\/div>\n\n\n\n<p class=\"has-grey-2-color has-text-color\">Melden Sie sich jetzt an, um sich Ihren Platz in einem der n\u00e4chsten Workshops zu sichern.<\/p>\n<\/div>\n\n\n\n<div class=\"bs-column  col-md-5 col-sm-0   bs-column-4e7708ec1047c5de435a1fcaa9bd912b51781ebd bs-column---default bs-column--form\">\n<div class=\"bs-div bs-div-9bea93ef98765147ecb6579716e4df158c8e6e71 bs-div---default bs-div--form-wrapper\"><div class=\"bs-div__inner\">\n<h2 class=\"wp-block-heading\" id=\"h-request-a-demo\" style=\"font-size:34px\">Demo anfordern<\/h2>\n\n\n\n<iframe loading=\"lazy\" src=\" https:\/\/go.swimlane.com\/l\/288742\/2022-02-14\/28c5r7p  \" width=\"100%\" height=\"500\" type=\"text\/html\" frameborder=\"0\" allowtransparency=\"true\" style=\"border: 0\"><\/iframe>\n<\/div><\/div>\n<\/div>\n<\/div>\n<\/div><\/section>\n\n\n\n<section class=\"bs-section bs-section-14ca56fdc3be4b5f0a8616120c8005c221b5c55b bs-section---default bs-section--related-items\"><div class=\"container\">\n<div class=\"bs-row row   bs-row---default\">\n<div class=\"bs-column col-sm-12   bs-column-5f6574ebb29ac8d58ab608d2aff5b1bbe4f96332 bs-column---default\">\n<h2 class=\"has-deep-color has-text-color wp-block-heading\" id=\"h-you-might-also-be-interested-in\">Das k\u00f6nnte Sie auch interessieren<\/h2>\n<\/div>\n\n\n\n<div class=\"bs-column col-sm-0 col-md-4   bs-column-0bd48ab99ccf0592f15a3bbe8e5862b43e00e968 bs-column---default\"><\/div>\n\n\n\n<div class=\"bs-column  col-md-4 col-sm-0   bs-column-4797b24fa4d712fe3bbbcea5d61c8844f940a33b bs-column---default\"><\/div>\n\n\n\n<div class=\"bs-column  col-md-4 col-sm-0   bs-column-4797b24fa4d712fe3bbbcea5d61c8844f940a33b bs-column---default\">\t\t\t\t\t<div class=\"bs-post bs-post-69f0cca44e55c bs-single-post---default bs-single-post--home-resources enable\" >\n\t\t\t<a class=\"bs-post__trigger\" href='https:\/\/swimlane.com\/de\/blog\/procircular-security-automation-customer-story\/' target='_self'>\t\t\t<div class=\"bs-post__inner\">\n\t\t\t\t<div class='bs-post__image'>\n                            <figure class='figure'>\n                                <img src='https:\/\/swimlane.com\/wp-content\/uploads\/PRO_CIRC.webp' class='img-fluid' alt='' title='PRO_CIRC' loading=\"lazy\"  \/>\n                                <figcaption class='figure-caption'><\/figcaption>\n                            <\/figure>\n                        <\/div><div class=\"bs-post__details\">    <div class=\"bs-post__category bs-post-taxonomy_resource-type\">\n        <span>Blog<\/span>    <\/div>\n    <div class=\"bs-post__title\">\n        <p>ProCircular optimiert Sicherheitsabl\u00e4ufe durch flexible Low-Code-Automatisierung<\/p>\n    <\/div>\n<div class=\"bs-post__learn-more\">\n    <span class='btn learn-more-text bs-post__learn-more-text'>Mehr lesen<\/span><\/div>\n<\/div>\t\t\t<\/div>\n\t\t\t<\/a>\t\t<\/div>\n\t<\/div>\n<\/div>\n<\/div><\/section>","protected":false},"excerpt":{"rendered":"","protected":false},"author":43,"featured_media":0,"parent":0,"menu_order":0,"comment_status":"closed","ping_status":"closed","template":"","meta":{"_acf_changed":false,"show_custom_date":false,"custom_date":"","featured":false,"featured_image":0,"learn_more_label":"","image_alt_text":"","learn_more_type":"","learn_more_link":[],"show_popup":false,"disable_iframe":false,"enable_lazy_loading":false,"learn_more_link_file":0,"event_date":false,"event_start_date":"","event_end_date":"","featured_page_list":[],"_relevanssi_hide_post":"","_relevanssi_hide_content":"","_relevanssi_pin_for_all":"","_relevanssi_pin_keywords":"","_relevanssi_unpin_keywords":"","_relevanssi_related_keywords":"","_relevanssi_related_include_ids":"","_relevanssi_related_exclude_ids":"","_relevanssi_related_no_append":"","_relevanssi_related_not_related":"","_relevanssi_related_posts":"","_relevanssi_noindex_reason":"","inline_featured_image":false,"footnotes":""},"class_list":["post-27727","page","type-page","status-publish","hentry"],"acf":[],"yoast_head":"<!-- This site is optimized with the Yoast SEO Premium plugin v22.5 (Yoast SEO v27.3) - https:\/\/yoast.com\/product\/yoast-seo-premium-wordpress\/ -->\n<title>Request a Demo - AI Security Automation<\/title>\n<meta name=\"description\" content=\"Swimlane is the largest and fastest-growing pure-play security automation company. Our platform is trusted by major organizations world-wide.\" \/>\n<meta name=\"robots\" content=\"index, follow, max-snippet:-1, max-image-preview:large, max-video-preview:-1\" \/>\n<link rel=\"canonical\" href=\"https:\/\/swimlane.com\/de\/workshop-zur-sicherheitsautomatisierung\/\" \/>\n<meta property=\"og:locale\" content=\"de_DE\" \/>\n<meta property=\"og:type\" content=\"article\" \/>\n<meta property=\"og:title\" content=\"Request a Demo\" \/>\n<meta property=\"og:description\" content=\"Swimlane is the largest and fastest-growing pure-play security automation company. Our platform is trusted by major organizations world-wide.\" \/>\n<meta property=\"og:url\" content=\"https:\/\/swimlane.com\/de\/workshop-zur-sicherheitsautomatisierung\/\" \/>\n<meta property=\"og:site_name\" content=\"AI Security Automation\" \/>\n<meta property=\"article:modified_time\" content=\"2023-02-28T19:48:45+00:00\" \/>\n<meta property=\"og:image\" content=\"https:\/\/swimlane.com\/wp-content\/uploads\/Sitewide-OG.png\" \/>\n\t<meta property=\"og:image:width\" content=\"1200\" \/>\n\t<meta property=\"og:image:height\" content=\"630\" \/>\n\t<meta property=\"og:image:type\" content=\"image\/png\" \/>\n<meta name=\"twitter:card\" content=\"summary_large_image\" \/>\n<meta name=\"twitter:site\" content=\"@swimlane\" \/>\n<meta name=\"twitter:label1\" content=\"Est. reading time\" \/>\n\t<meta name=\"twitter:data1\" content=\"1\u00a0Minute\" \/>\n<script type=\"application\/ld+json\" class=\"yoast-schema-graph\">{\"@context\":\"https:\\\/\\\/schema.org\",\"@graph\":[{\"@type\":\"WebPage\",\"@id\":\"https:\\\/\\\/swimlane.com\\\/de\\\/security-automation-workshop\\\/\",\"url\":\"https:\\\/\\\/swimlane.com\\\/de\\\/security-automation-workshop\\\/\",\"name\":\"Request a Demo - AI Security Automation\",\"isPartOf\":{\"@id\":\"https:\\\/\\\/swimlane.com\\\/de\\\/#website\"},\"datePublished\":\"2023-02-28T19:44:25+00:00\",\"dateModified\":\"2023-02-28T19:48:45+00:00\",\"description\":\"Swimlane is the largest and fastest-growing pure-play security automation company. Our platform is trusted by major organizations world-wide.\",\"breadcrumb\":{\"@id\":\"https:\\\/\\\/swimlane.com\\\/de\\\/security-automation-workshop\\\/#breadcrumb\"},\"inLanguage\":\"de\",\"potentialAction\":[{\"@type\":\"ReadAction\",\"target\":[\"https:\\\/\\\/swimlane.com\\\/de\\\/security-automation-workshop\\\/\"]}]},{\"@type\":\"BreadcrumbList\",\"@id\":\"https:\\\/\\\/swimlane.com\\\/de\\\/security-automation-workshop\\\/#breadcrumb\",\"itemListElement\":[{\"@type\":\"ListItem\",\"position\":1,\"name\":\"Home\",\"item\":\"https:\\\/\\\/swimlane.com\\\/\"},{\"@type\":\"ListItem\",\"position\":2,\"name\":\"Request a Demo\"}]},{\"@type\":\"WebSite\",\"@id\":\"https:\\\/\\\/swimlane.com\\\/de\\\/#website\",\"url\":\"https:\\\/\\\/swimlane.com\\\/de\\\/\",\"name\":\"Low-Code Security Automation & SOAR Platform | Swimlane\",\"description\":\"Agentic AI automation for every security function\",\"publisher\":{\"@id\":\"https:\\\/\\\/swimlane.com\\\/de\\\/#organization\"},\"potentialAction\":[{\"@type\":\"SearchAction\",\"target\":{\"@type\":\"EntryPoint\",\"urlTemplate\":\"https:\\\/\\\/swimlane.com\\\/de\\\/?s={search_term_string}\"},\"query-input\":{\"@type\":\"PropertyValueSpecification\",\"valueRequired\":true,\"valueName\":\"search_term_string\"}}],\"inLanguage\":\"de\"},{\"@type\":\"Organization\",\"@id\":\"https:\\\/\\\/swimlane.com\\\/de\\\/#organization\",\"name\":\"Low-Code Security Automation & SOAR Platform | Swimlane\",\"url\":\"https:\\\/\\\/swimlane.com\\\/de\\\/\",\"logo\":{\"@type\":\"ImageObject\",\"inLanguage\":\"de\",\"@id\":\"https:\\\/\\\/swimlane.com\\\/de\\\/#\\\/schema\\\/logo\\\/image\\\/\",\"url\":\"https:\\\/\\\/swimlane.com\\\/wp-content\\\/uploads\\\/sw-inline-logo-color-white.svg\",\"contentUrl\":\"https:\\\/\\\/swimlane.com\\\/wp-content\\\/uploads\\\/sw-inline-logo-color-white.svg\",\"width\":912,\"height\":190,\"caption\":\"Low-Code Security Automation & SOAR Platform | Swimlane\"},\"image\":{\"@id\":\"https:\\\/\\\/swimlane.com\\\/de\\\/#\\\/schema\\\/logo\\\/image\\\/\"},\"sameAs\":[\"https:\\\/\\\/x.com\\\/swimlane\",\"https:\\\/\\\/www.linkedin.com\\\/company\\\/swimlane\\\/\"]}]}<\/script>\n<!-- \/ Yoast SEO Premium plugin. -->","yoast_head_json":{"title":"Demo anfordern \u2013 KI-gest\u00fctzte Sicherheitsautomatisierung","description":"Swimlane ist das gr\u00f6\u00dfte und am schnellsten wachsende Unternehmen, das sich ausschlie\u00dflich auf Sicherheitsautomatisierung spezialisiert hat. Unsere Plattform genie\u00dft das Vertrauen f\u00fchrender Organisationen weltweit.","robots":{"index":"index","follow":"follow","max-snippet":"max-snippet:-1","max-image-preview":"max-image-preview:large","max-video-preview":"max-video-preview:-1"},"canonical":"https:\/\/swimlane.com\/de\/workshop-zur-sicherheitsautomatisierung\/","og_locale":"de_DE","og_type":"article","og_title":"Request a Demo","og_description":"Swimlane is the largest and fastest-growing pure-play security automation company. Our platform is trusted by major organizations world-wide.","og_url":"https:\/\/swimlane.com\/de\/workshop-zur-sicherheitsautomatisierung\/","og_site_name":"AI Security Automation","article_modified_time":"2023-02-28T19:48:45+00:00","og_image":[{"width":1200,"height":630,"url":"https:\/\/swimlane.com\/wp-content\/uploads\/Sitewide-OG.png","type":"image\/png"}],"twitter_card":"summary_large_image","twitter_site":"@swimlane","twitter_misc":{"Est. reading time":"1\u00a0Minute"},"schema":{"@context":"https:\/\/schema.org","@graph":[{"@type":"WebPage","@id":"https:\/\/swimlane.com\/de\/security-automation-workshop\/","url":"https:\/\/swimlane.com\/de\/security-automation-workshop\/","name":"Demo anfordern \u2013 KI-gest\u00fctzte Sicherheitsautomatisierung","isPartOf":{"@id":"https:\/\/swimlane.com\/de\/#website"},"datePublished":"2023-02-28T19:44:25+00:00","dateModified":"2023-02-28T19:48:45+00:00","description":"Swimlane ist das gr\u00f6\u00dfte und am schnellsten wachsende Unternehmen, das sich ausschlie\u00dflich auf Sicherheitsautomatisierung spezialisiert hat. Unsere Plattform genie\u00dft das Vertrauen f\u00fchrender Organisationen weltweit.","breadcrumb":{"@id":"https:\/\/swimlane.com\/de\/security-automation-workshop\/#breadcrumb"},"inLanguage":"de","potentialAction":[{"@type":"ReadAction","target":["https:\/\/swimlane.com\/de\/security-automation-workshop\/"]}]},{"@type":"BreadcrumbList","@id":"https:\/\/swimlane.com\/de\/security-automation-workshop\/#breadcrumb","itemListElement":[{"@type":"ListItem","position":1,"name":"Home","item":"https:\/\/swimlane.com\/"},{"@type":"ListItem","position":2,"name":"Request a Demo"}]},{"@type":"WebSite","@id":"https:\/\/swimlane.com\/de\/#website","url":"https:\/\/swimlane.com\/de\/","name":"Low-Code Sicherheitsautomatisierung &amp; SOAR-Plattform | Swimlane","description":"Agentische KI-Automatisierung f\u00fcr jede Sicherheitsfunktion","publisher":{"@id":"https:\/\/swimlane.com\/de\/#organization"},"potentialAction":[{"@type":"SearchAction","target":{"@type":"EntryPoint","urlTemplate":"https:\/\/swimlane.com\/de\/?s={search_term_string}"},"query-input":{"@type":"PropertyValueSpecification","valueRequired":true,"valueName":"search_term_string"}}],"inLanguage":"de"},{"@type":"Organization","@id":"https:\/\/swimlane.com\/de\/#organization","name":"Low-Code Sicherheitsautomatisierung &amp; SOAR-Plattform | Swimlane","url":"https:\/\/swimlane.com\/de\/","logo":{"@type":"ImageObject","inLanguage":"de","@id":"https:\/\/swimlane.com\/de\/#\/schema\/logo\/image\/","url":"https:\/\/swimlane.com\/wp-content\/uploads\/sw-inline-logo-color-white.svg","contentUrl":"https:\/\/swimlane.com\/wp-content\/uploads\/sw-inline-logo-color-white.svg","width":912,"height":190,"caption":"Low-Code Security Automation & SOAR Platform | Swimlane"},"image":{"@id":"https:\/\/swimlane.com\/de\/#\/schema\/logo\/image\/"},"sameAs":["https:\/\/x.com\/swimlane","https:\/\/www.linkedin.com\/company\/swimlane\/"]}]}},"publishpress_future_action":{"enabled":false,"date":"2026-05-05 09:05:08","action":"change-status","newStatus":"draft","terms":[],"taxonomy":"","extraData":[]},"publishpress_future_workflow_manual_trigger":{"enabledWorkflows":[]},"_links":{"self":[{"href":"https:\/\/swimlane.com\/de\/wp-json\/wp\/v2\/pages\/27727","targetHints":{"allow":["GET"]}}],"collection":[{"href":"https:\/\/swimlane.com\/de\/wp-json\/wp\/v2\/pages"}],"about":[{"href":"https:\/\/swimlane.com\/de\/wp-json\/wp\/v2\/types\/page"}],"author":[{"embeddable":true,"href":"https:\/\/swimlane.com\/de\/wp-json\/wp\/v2\/users\/43"}],"replies":[{"embeddable":true,"href":"https:\/\/swimlane.com\/de\/wp-json\/wp\/v2\/comments?post=27727"}],"version-history":[{"count":0,"href":"https:\/\/swimlane.com\/de\/wp-json\/wp\/v2\/pages\/27727\/revisions"}],"wp:attachment":[{"href":"https:\/\/swimlane.com\/de\/wp-json\/wp\/v2\/media?parent=27727"}],"curies":[{"name":"wp","href":"https:\/\/api.w.org\/{rel}","templated":true}]}}