{"id":38062,"date":"2024-04-30T14:43:49","date_gmt":"2024-04-30T20:43:49","guid":{"rendered":"https:\/\/swimlane.com\/?page_id=38062"},"modified":"2026-02-04T22:39:52","modified_gmt":"2026-02-05T05:39:52","slug":"iframe-bedrohungsanalyse","status":"publish","type":"page","link":"https:\/\/swimlane.com\/de\/iframe-threat-intelligence\/","title":{"rendered":"Iframe-Bedrohungsintelligenz"},"content":{"rendered":"\n\n\n<section class=\"bs-section bs-section-2155d06be2eb598c3a7abe278222dee8f0c94814 bs-section---default bs-section--home-resources bs-section--background-transition-helper bs-section--home-pp bs-section--home-resources-to-help  \"><div class=\"container\">\n<div class=\"bs-row row   bs-row---default\">\n<div class=\" bs-column col-sm-9   bs-column-892b12601b4dc78044ce14f491f5352f67d711c0 bs-column---default     \">\n<h4 class=\"wp-block-heading\" id=\"h-learn-more-about-threat-intelligence\">Learn More about Threat Intelligence<\/h4>\n<\/div>\n\n\n\n<div class=\" bs-column col-sm-3   bs-column-b456bf8f80591ae737e53c37a0581a176bf8c406 bs-column---default d-flex align-items-center justify-content-end    \">\n<span class=\"bs-pro-button bs-pro-button---default bs-pro-button--primary-with-arrow bs-pro-button-p-btn-6c66537bcd48cc401b629dc5ddab0e088548593e\"><style>.bs-pro-button-p-btn-6c66537bcd48cc401b629dc5ddab0e088548593e .bs-pro-button__container {background-color: #abb8c3; color: #000000;}<\/style><a href=\"https:\/\/swimlane.com\/resources\/\" target=\"\" rel=\"noopener noreferrer\" class=\"bs-pro-button__container\">View All Resources<\/a><\/span>\n<\/div>\n<\/div>\n\n\n\n<div class=\"bs-row row   bs-row---default\">\n<div class=\" bs-column col-sm-12   bs-column-601afe1d46256d3b13b7ac6679644286e4c6669e bs-column---default     \">\t<div id=\"slider-e9d94a893d72e18d2ee4bf6ae809510dd73c7baf\"\n\t\tclass=\"bs-slider bs-slider---default\">\n\t\t<div id=\"slider-e9d94a893d72e18d2ee4bf6ae809510dd73c7baf-content\" class=\"slick-slider\"\n\t\t\tdata-slick='{\"responsive\":[{\"breakpoint\":9999,\"settings\":{\"slidesToShow\":3,\"slidesToScroll\":1,\"arrows\":true,\"dots\":false,\"infinite\":false,\"autoplay\":false,\"draggable\":true,\"swipe\":true,\"autoplaySpeed\":3000,\"initialSlide\":0,\"speed\":300,\"fade\":false,\"variableWidth\":false,\"adaptiveHeight\":false,\"focusOnSelect\":false,\"centerMode\":false,\"centerPadding\":\"50px\",\"lazyLoad\":\"progressive\",\"unslick\":false}},{\"breakpoint\":576,\"settings\":\"unslick\"},{\"breakpoint\":992,\"settings\":\"unslick\"},{\"breakpoint\":1200,\"settings\":{\"slidesToShow\":3,\"slidesToScroll\":1,\"arrows\":true,\"dots\":false,\"infinite\":false,\"autoplay\":false,\"draggable\":true,\"swipe\":true,\"autoplaySpeed\":3000,\"initialSlide\":0,\"speed\":300,\"fade\":false,\"variableWidth\":false,\"adaptiveHeight\":false,\"focusOnSelect\":false,\"centerMode\":false,\"centerPadding\":\"50px\",\"lazyLoad\":\"progressive\",\"unslick\":false}}]}'\n\t\t\tdata-unslick-mobile data-unslick-tablet\n\t\t>\t\t\t<div class=\"slick-slide-wrapper\" >\n\t\t\t\t\n\n<div class=\"bs-row row   bs-row---default\">\n<div class=\" bs-column col-sm-0 col-lg-12   bs-column-b4c3d2ad72c089ef604d1455d642fb1a50d13f45 bs-column---default     \">\t\t\t\t\t<div class=\"bs-post bs-post-69f42ff04c494 bs-single-post---default bs-single-post--home-resources enable\" >\n\t\t\t<a class=\"bs-post__trigger\" href='https:\/\/swimlane.com\/de\/resources\/videos\/threat-intelligence-ioc-lookup-use-case\/' target='_self'>\t\t\t<div class=\"bs-post__inner\">\n\t\t\t\t<div class='bs-post__image'>\n                            <figure class='figure'>\n                                <img src='https:\/\/swimlane.com\/wp-content\/uploads\/THREAT-INT-IOC-1.png' class='img-fluid' alt='' title='THREAT INT IOC'   \/>\n                                <figcaption class='figure-caption'><\/figcaption>\n                            <\/figure>\n                        <\/div><div class=\"bs-post__details\">    <div class=\"bs-post__category bs-post-taxonomy_resource-type\">\n        <span>Demo<\/span><span>Video<\/span>    <\/div>\n    <div class=\"bs-post__title\">\n        <h3>Threat Intelligence &amp; IOC Lookup Use Case<\/h3>\n    <\/div>\n<div class=\"bs-post__learn-more\">\n    <span class='btn learn-more-text bs-post__learn-more-text'>Read More<\/span><\/div>\n<\/div>\t\t\t<\/div>\n\t\t\t<\/a>\t\t<\/div>\n\t<\/div>\n<\/div>\n\n\n\t\t\t<\/div>\t\t\t<div class=\"slick-slide-wrapper\" >\n\t\t\t\t\n\n<div class=\"bs-row row   bs-row---default\">\n<div class=\" bs-column col-sm-0 col-lg-12   bs-column-b4c3d2ad72c089ef604d1455d642fb1a50d13f45 bs-column---default     \">\t\t\t\t\t<div class=\"bs-post bs-post-69f42ff04cf3f bs-single-post---default bs-single-post--home-resources enable\" >\n\t\t\t<a class=\"bs-post__trigger\" href='https:\/\/swimlane.com\/de\/blog\/cyber-threat-intelligence\/' target='_self'>\t\t\t<div class=\"bs-post__inner\">\n\t\t\t\t<div class='bs-post__image'>\n                            <figure class='figure'>\n                                <img src='https:\/\/swimlane.com\/wp-content\/uploads\/THREATINTELLIGENCE-1.png' class='img-fluid' alt='' title='1'   \/>\n                                <figcaption class='figure-caption'><\/figcaption>\n                            <\/figure>\n                        <\/div><div class=\"bs-post__details\">    <div class=\"bs-post__category bs-post-taxonomy_resource-type\">\n        <span>Blog<\/span>    <\/div>\n    <div class=\"bs-post__title\">\n        <h3>Automating Threat Intelligence Enrichment<\/h3>\n    <\/div>\n<div class=\"bs-post__learn-more\">\n    <span class='btn learn-more-text bs-post__learn-more-text'>Read More<\/span><\/div>\n<\/div>\t\t\t<\/div>\n\t\t\t<\/a>\t\t<\/div>\n\t<\/div>\n<\/div>\n\n\n\t\t\t<\/div>\t\t\t<div class=\"slick-slide-wrapper\" >\n\t\t\t\t\n\n<div class=\"bs-row row   bs-row---default\">\n<div class=\" bs-column col-sm-0 col-lg-12   bs-column-b4c3d2ad72c089ef604d1455d642fb1a50d13f45 bs-column---default     \">\t\t\t\t\t<div class=\"bs-post bs-post-69f42ff04d726 bs-single-post---default bs-single-post--home-resources enable\" >\n\t\t\t<a class=\"bs-post__trigger\" href='https:\/\/swimlane.com\/de\/resources\/e-books\/a-buyers-guide-for-modern-security-automation\/' target='_self'>\t\t\t<div class=\"bs-post__inner\">\n\t\t\t\t<div class='bs-post__image'>\n                            <figure class='figure'>\n                                <img src='https:\/\/swimlane.com\/wp-content\/uploads\/image_2024-06-11_095344781.png' class='img-fluid' alt='' title='image_2024-06-11_095344781'   \/>\n                                <figcaption class='figure-caption'><\/figcaption>\n                            <\/figure>\n                        <\/div><div class=\"bs-post__details\">    <div class=\"bs-post__category bs-post-taxonomy_resource-type\">\n        <span>E-book<\/span>    <\/div>\n    <div class=\"bs-post__title\">\n        <h3>A Buyer&#8217;s Guide for Modern Security Automation<\/h3>\n    <\/div>\n<div class=\"bs-post__learn-more\">\n    <span class='btn learn-more-text bs-post__learn-more-text'>Read More<\/span><\/div>\n<\/div>\t\t\t<\/div>\n\t\t\t<\/a>\t\t<\/div>\n\t<\/div>\n<\/div>\n\n\n\t\t\t<\/div>\t\t<\/div>\n\t<\/div><\/div>\n<\/div>\n<\/div><\/section>\n\n\n\n\n","protected":false},"excerpt":{"rendered":"","protected":false},"author":43,"featured_media":0,"parent":0,"menu_order":0,"comment_status":"closed","ping_status":"closed","template":"iframe-page.php","meta":{"_acf_changed":false,"show_custom_date":false,"custom_date":"","featured":false,"featured_image":0,"learn_more_label":"","image_alt_text":"","learn_more_type":"","learn_more_link":[],"show_popup":false,"disable_iframe":false,"enable_lazy_loading":false,"learn_more_link_file":0,"event_date":false,"event_start_date":"","event_end_date":"","featured_page_list":[],"_relevanssi_hide_post":"","_relevanssi_hide_content":"","_relevanssi_pin_for_all":"","_relevanssi_pin_keywords":"","_relevanssi_unpin_keywords":"","_relevanssi_related_keywords":"","_relevanssi_related_include_ids":"","_relevanssi_related_exclude_ids":"","_relevanssi_related_no_append":"","_relevanssi_related_not_related":"","_relevanssi_related_posts":"","_relevanssi_noindex_reason":"Yoast SEO Relevanssi index exclude","inline_featured_image":false,"footnotes":""},"class_list":["post-38062","page","type-page","status-publish","hentry"],"acf":[],"yoast_head":"<!-- This site is optimized with the Yoast SEO Premium plugin v22.5 (Yoast SEO v27.3) - https:\/\/yoast.com\/product\/yoast-seo-premium-wordpress\/ -->\n<title>Iframe-threat-intelligence - AI Security Automation<\/title>\n<meta name=\"description\" content=\"Swimlane is the largest and fastest-growing pure-play security automation company. Our platform is trusted by major organizations world-wide.\" \/>\n<meta name=\"robots\" content=\"noindex, nofollow\" \/>\n<meta property=\"og:locale\" content=\"de_DE\" \/>\n<meta property=\"og:type\" content=\"article\" \/>\n<meta property=\"og:title\" content=\"Iframe-threat-intelligence\" \/>\n<meta property=\"og:description\" content=\"Swimlane is the largest and fastest-growing pure-play security automation company. Our platform is trusted by major organizations world-wide.\" \/>\n<meta property=\"og:url\" content=\"https:\/\/swimlane.com\/de\/iframe-bedrohungsanalyse\/\" \/>\n<meta property=\"og:site_name\" content=\"AI Security Automation\" \/>\n<meta property=\"article:modified_time\" content=\"2026-02-05T05:39:52+00:00\" \/>\n<meta property=\"og:image\" content=\"https:\/\/swimlane.com\/wp-content\/uploads\/Sitewide-OG.png\" \/>\n\t<meta property=\"og:image:width\" content=\"1200\" \/>\n\t<meta property=\"og:image:height\" content=\"630\" \/>\n\t<meta property=\"og:image:type\" content=\"image\/png\" \/>\n<meta name=\"twitter:card\" content=\"summary_large_image\" \/>\n<meta name=\"twitter:site\" content=\"@swimlane\" \/>\n<meta name=\"twitter:label1\" content=\"Est. reading time\" \/>\n\t<meta name=\"twitter:data1\" content=\"1\u00a0Minute\" \/>\n<script type=\"application\/ld+json\" class=\"yoast-schema-graph\">{\"@context\":\"https:\\\/\\\/schema.org\",\"@graph\":[{\"@type\":\"WebPage\",\"@id\":\"https:\\\/\\\/swimlane.com\\\/de\\\/iframe-threat-intelligence\\\/\",\"url\":\"https:\\\/\\\/swimlane.com\\\/de\\\/iframe-threat-intelligence\\\/\",\"name\":\"Iframe-threat-intelligence - AI Security Automation\",\"isPartOf\":{\"@id\":\"https:\\\/\\\/swimlane.com\\\/de\\\/#website\"},\"datePublished\":\"2024-04-30T20:43:49+00:00\",\"dateModified\":\"2026-02-05T05:39:52+00:00\",\"description\":\"Swimlane is the largest and fastest-growing pure-play security automation company. Our platform is trusted by major organizations world-wide.\",\"breadcrumb\":{\"@id\":\"https:\\\/\\\/swimlane.com\\\/de\\\/iframe-threat-intelligence\\\/#breadcrumb\"},\"inLanguage\":\"de\",\"potentialAction\":[{\"@type\":\"ReadAction\",\"target\":[\"https:\\\/\\\/swimlane.com\\\/de\\\/iframe-threat-intelligence\\\/\"]}]},{\"@type\":\"BreadcrumbList\",\"@id\":\"https:\\\/\\\/swimlane.com\\\/de\\\/iframe-threat-intelligence\\\/#breadcrumb\",\"itemListElement\":[{\"@type\":\"ListItem\",\"position\":1,\"name\":\"Home\",\"item\":\"https:\\\/\\\/swimlane.com\\\/\"},{\"@type\":\"ListItem\",\"position\":2,\"name\":\"Iframe-threat-intelligence\"}]},{\"@type\":\"WebSite\",\"@id\":\"https:\\\/\\\/swimlane.com\\\/de\\\/#website\",\"url\":\"https:\\\/\\\/swimlane.com\\\/de\\\/\",\"name\":\"Low-Code Security Automation & SOAR Platform | Swimlane\",\"description\":\"Agentic AI automation for every security function\",\"publisher\":{\"@id\":\"https:\\\/\\\/swimlane.com\\\/de\\\/#organization\"},\"potentialAction\":[{\"@type\":\"SearchAction\",\"target\":{\"@type\":\"EntryPoint\",\"urlTemplate\":\"https:\\\/\\\/swimlane.com\\\/de\\\/?s={search_term_string}\"},\"query-input\":{\"@type\":\"PropertyValueSpecification\",\"valueRequired\":true,\"valueName\":\"search_term_string\"}}],\"inLanguage\":\"de\"},{\"@type\":\"Organization\",\"@id\":\"https:\\\/\\\/swimlane.com\\\/de\\\/#organization\",\"name\":\"Low-Code Security Automation & SOAR Platform | Swimlane\",\"url\":\"https:\\\/\\\/swimlane.com\\\/de\\\/\",\"logo\":{\"@type\":\"ImageObject\",\"inLanguage\":\"de\",\"@id\":\"https:\\\/\\\/swimlane.com\\\/de\\\/#\\\/schema\\\/logo\\\/image\\\/\",\"url\":\"https:\\\/\\\/swimlane.com\\\/wp-content\\\/uploads\\\/sw-inline-logo-color-white.svg\",\"contentUrl\":\"https:\\\/\\\/swimlane.com\\\/wp-content\\\/uploads\\\/sw-inline-logo-color-white.svg\",\"width\":912,\"height\":190,\"caption\":\"Low-Code Security Automation & SOAR Platform | Swimlane\"},\"image\":{\"@id\":\"https:\\\/\\\/swimlane.com\\\/de\\\/#\\\/schema\\\/logo\\\/image\\\/\"},\"sameAs\":[\"https:\\\/\\\/x.com\\\/swimlane\",\"https:\\\/\\\/www.linkedin.com\\\/company\\\/swimlane\\\/\"]}]}<\/script>\n<!-- \/ Yoast SEO Premium plugin. -->","yoast_head_json":{"title":"Iframe-Bedrohungserkennung \u2013 KI-gest\u00fctzte Sicherheitsautomatisierung","description":"Swimlane ist das gr\u00f6\u00dfte und am schnellsten wachsende Unternehmen, das sich ausschlie\u00dflich auf Sicherheitsautomatisierung spezialisiert hat. Unsere Plattform genie\u00dft das Vertrauen f\u00fchrender Organisationen weltweit.","robots":{"index":"noindex","follow":"nofollow"},"og_locale":"de_DE","og_type":"article","og_title":"Iframe-threat-intelligence","og_description":"Swimlane is the largest and fastest-growing pure-play security automation company. Our platform is trusted by major organizations world-wide.","og_url":"https:\/\/swimlane.com\/de\/iframe-bedrohungsanalyse\/","og_site_name":"AI Security Automation","article_modified_time":"2026-02-05T05:39:52+00:00","og_image":[{"width":1200,"height":630,"url":"https:\/\/swimlane.com\/wp-content\/uploads\/Sitewide-OG.png","type":"image\/png"}],"twitter_card":"summary_large_image","twitter_site":"@swimlane","twitter_misc":{"Est. reading time":"1\u00a0Minute"},"schema":{"@context":"https:\/\/schema.org","@graph":[{"@type":"WebPage","@id":"https:\/\/swimlane.com\/de\/iframe-threat-intelligence\/","url":"https:\/\/swimlane.com\/de\/iframe-threat-intelligence\/","name":"Iframe-Bedrohungserkennung \u2013 KI-gest\u00fctzte Sicherheitsautomatisierung","isPartOf":{"@id":"https:\/\/swimlane.com\/de\/#website"},"datePublished":"2024-04-30T20:43:49+00:00","dateModified":"2026-02-05T05:39:52+00:00","description":"Swimlane ist das gr\u00f6\u00dfte und am schnellsten wachsende Unternehmen, das sich ausschlie\u00dflich auf Sicherheitsautomatisierung spezialisiert hat. Unsere Plattform genie\u00dft das Vertrauen f\u00fchrender Organisationen weltweit.","breadcrumb":{"@id":"https:\/\/swimlane.com\/de\/iframe-threat-intelligence\/#breadcrumb"},"inLanguage":"de","potentialAction":[{"@type":"ReadAction","target":["https:\/\/swimlane.com\/de\/iframe-threat-intelligence\/"]}]},{"@type":"BreadcrumbList","@id":"https:\/\/swimlane.com\/de\/iframe-threat-intelligence\/#breadcrumb","itemListElement":[{"@type":"ListItem","position":1,"name":"Home","item":"https:\/\/swimlane.com\/"},{"@type":"ListItem","position":2,"name":"Iframe-threat-intelligence"}]},{"@type":"WebSite","@id":"https:\/\/swimlane.com\/de\/#website","url":"https:\/\/swimlane.com\/de\/","name":"Low-Code Sicherheitsautomatisierung &amp; SOAR-Plattform | Swimlane","description":"Agentische KI-Automatisierung f\u00fcr jede Sicherheitsfunktion","publisher":{"@id":"https:\/\/swimlane.com\/de\/#organization"},"potentialAction":[{"@type":"SearchAction","target":{"@type":"EntryPoint","urlTemplate":"https:\/\/swimlane.com\/de\/?s={search_term_string}"},"query-input":{"@type":"PropertyValueSpecification","valueRequired":true,"valueName":"search_term_string"}}],"inLanguage":"de"},{"@type":"Organization","@id":"https:\/\/swimlane.com\/de\/#organization","name":"Low-Code Sicherheitsautomatisierung &amp; SOAR-Plattform | Swimlane","url":"https:\/\/swimlane.com\/de\/","logo":{"@type":"ImageObject","inLanguage":"de","@id":"https:\/\/swimlane.com\/de\/#\/schema\/logo\/image\/","url":"https:\/\/swimlane.com\/wp-content\/uploads\/sw-inline-logo-color-white.svg","contentUrl":"https:\/\/swimlane.com\/wp-content\/uploads\/sw-inline-logo-color-white.svg","width":912,"height":190,"caption":"Low-Code Security Automation & SOAR Platform | Swimlane"},"image":{"@id":"https:\/\/swimlane.com\/de\/#\/schema\/logo\/image\/"},"sameAs":["https:\/\/x.com\/swimlane","https:\/\/www.linkedin.com\/company\/swimlane\/"]}]}},"publishpress_future_action":{"enabled":false,"date":"2026-05-07 22:45:36","action":"change-status","newStatus":"draft","terms":[],"taxonomy":"","extraData":[]},"publishpress_future_workflow_manual_trigger":{"enabledWorkflows":[]},"_links":{"self":[{"href":"https:\/\/swimlane.com\/de\/wp-json\/wp\/v2\/pages\/38062","targetHints":{"allow":["GET"]}}],"collection":[{"href":"https:\/\/swimlane.com\/de\/wp-json\/wp\/v2\/pages"}],"about":[{"href":"https:\/\/swimlane.com\/de\/wp-json\/wp\/v2\/types\/page"}],"author":[{"embeddable":true,"href":"https:\/\/swimlane.com\/de\/wp-json\/wp\/v2\/users\/43"}],"replies":[{"embeddable":true,"href":"https:\/\/swimlane.com\/de\/wp-json\/wp\/v2\/comments?post=38062"}],"version-history":[{"count":0,"href":"https:\/\/swimlane.com\/de\/wp-json\/wp\/v2\/pages\/38062\/revisions"}],"wp:attachment":[{"href":"https:\/\/swimlane.com\/de\/wp-json\/wp\/v2\/media?parent=38062"}],"curies":[{"name":"wp","href":"https:\/\/api.w.org\/{rel}","templated":true}]}}