{"id":25,"date":"2025-11-19T12:59:42","date_gmt":"2025-11-19T19:59:42","guid":{"rendered":"https:\/\/swimlane.com\/?page_id=25"},"modified":"2026-03-17T18:46:09","modified_gmt":"2026-03-18T00:46:09","slug":"manifestacion","status":"publish","type":"page","link":"https:\/\/swimlane.com\/es\/demo\/","title":{"rendered":"Solicitar una demostraci\u00f3n"},"content":{"rendered":"\n<section class=\"bs-section bs-section-a8d370afc7c56f18bb8f1654043363c081c33154 bs-section---default bs-section--common-header-with-form bs-section--request-a-demo bs-section--common-marketo-form bs-section--common-form-sticky  \"><div class=\"container\">\n<div class=\"bs-row row   bs-row---default\">\n<div class=\" bs-column col-sm-12   bs-column-601afe1d46256d3b13b7ac6679644286e4c6669e bs-column---default     \"><div class=\"bs-lottie-animator bs-lottie-animator---default\" id=\"lottie-c7d5ff8e-a115-40ae-aecb-0a84b90fe739\" data-settings=\"{&quot;desktop&quot;:{&quot;settings&quot;:{&quot;animateViewPort&quot;:0.5,&quot;direction&quot;:1,&quot;delay&quot;:0,&quot;loop&quot;:false,&quot;fileName&quot;:&quot;Contact_lines.json&quot;,&quot;mouseOutAction&quot;:&quot;none&quot;,&quot;numberOfLoops&quot;:1,&quot;playSpeed&quot;:1,&quot;path&quot;:&quot;https:\\\/\\\/swimlane.com\\\/wp-content\\\/uploads\\\/Contact_lines.json&quot;,&quot;scrollRelativeTo&quot;:&quot;withinSection&quot;,&quot;trigger&quot;:false,&quot;triggerMethod&quot;:&quot;pageHover&quot;,&quot;oneTimePlay&quot;:true}},&quot;mobile&quot;:{&quot;breakpoint&quot;:576,&quot;settings&quot;:{&quot;animateViewPort&quot;:50,&quot;direction&quot;:1,&quot;delay&quot;:0,&quot;loop&quot;:false,&quot;fileName&quot;:&quot;&quot;,&quot;mouseOutAction&quot;:&quot;none&quot;,&quot;numberOfLoops&quot;:0,&quot;playSpeed&quot;:1,&quot;path&quot;:&quot;&quot;,&quot;scrollRelativeTo&quot;:&quot;withinSection&quot;,&quot;trigger&quot;:false,&quot;triggerMethod&quot;:&quot;pageHover&quot;,&quot;oneTimePlay&quot;:true}}}\"><\/div><\/div>\n<\/div>\n\n\n\n\n\n<div class=\"bs-row row   bs-row---default\">\n<div class=\" bs-column  col-md-7 col-sm-0   bs-column-c5aaceede3eeda5174e222358de534c1f95b864c bs-column---default     \">\n<h1 class=\"wp-block-heading has-deep-color has-text-color\" id=\"h-get-an-agentic-ai-automation-demo\">Get an Agentic AI Automation Demo<\/h1>\n\n\n\n<p class=\"has-grey-2-color has-text-color\">Schedule a demo to see how our platform drives efficiency and reduces risk through solutions like AI SOC, vulnerability management, compliance audit readiness, and business continuity management.<\/p>\n\n\n\n<p>See how Swimlane Turbine empowers your team:<\/p>\n\n\n\n<ul class=\"wp-block-list\">\n<li>Automate 99% of tier-1 SOC tasks with AI<\/li>\n\n\n\n<li>Achieve a 75% improvement in MTTR<\/li>\n\n\n\n<li>Leverage infinite integrations with any API, at no cost<\/li>\n<\/ul>\n\n\n\n<p>Please call us at 1-844-SWIMLANE (1-844-794-6526) to talk to someone right away.<\/p>\n\n\n\n<div class=\"bs-div bs-div-5215953708d4b427e0aa1b77898e8fd9f715f34d bs-div---default bs-div--label\"><div class=\"bs-div__inner     \">\n<p>Trusted By<\/p>\n<\/div><\/div>\n\n\n\n<div class=\"bs-row row   bs-row---default bs-row--logo-grid\">\n<div class=\" bs-column col-4  col-sm-0 col-md-0 col-lg-3   bs-column-911f2534ccd293407404ec74a7c29bd1f2cf6efb bs-column---default justify-content-center    \"><div class='media-elements bs-media-element---default enable'>    <div class='bs-common-image'>\n                            <figure class='figure justify-content-start d-flex'>\n                            <picture>\n                            \n                            <img src='https:\/\/swimlane.com\/wp-content\/uploads\/logo-wordmark-blue.svg' class='img-fluid'   alt='U.S. Department of Homeland Security seal representing federal agency collaboration and public sector trust.' title=''  \/>\n                            <\/picture>\n                                \n                            <\/figure>\n                        <\/div><\/div><\/div>\n\n\n\n<div class=\" bs-column col-4  col-sm-0 col-md-0 col-lg-3   bs-column-72644ce475494a6cbb6a9a79cc8778f6e0522756 bs-column---default     \"><div class='media-elements bs-media-element---default enable'>    <div class='bs-common-image'>\n                            <figure class='figure justify-content-start d-flex'>\n                            <picture>\n                            \n                            <img src='https:\/\/swimlane.com\/wp-content\/uploads\/toshiba_logo.svg' class='img-fluid'   alt='Toshiba logo: A bold red wordmark representing the global technology entity and Swimlane enterprise client.' title=''  \/>\n                            <\/picture>\n                                \n                            <\/figure>\n                        <\/div><\/div><\/div>\n\n\n\n<div class=\" bs-column col-4  col-sm-0 col-md-0 col-lg-3   bs-column-72644ce475494a6cbb6a9a79cc8778f6e0522756 bs-column---default     \"><div class='media-elements bs-media-element---default enable'>    <div class='bs-common-image'>\n                            <figure class='figure justify-content-start d-flex'>\n                            <picture>\n                            \n                            <img src='https:\/\/swimlane.com\/wp-content\/uploads\/camlogo.svg' class='img-fluid'   alt='Campbell\u2019s red script wordmark representing the global enterprise entity and strategic Swimlane client.' title=''  \/>\n                            <\/picture>\n                                \n                            <\/figure>\n                        <\/div><\/div><\/div>\n\n\n\n<div class=\" bs-column col-4  col-sm-0 col-md-0 col-lg-3   bs-column-72644ce475494a6cbb6a9a79cc8778f6e0522756 bs-column---default     \"><div class='media-elements bs-media-element---default enable'>    <div class='bs-common-image'>\n                            <figure class='figure justify-content-start d-flex'>\n                            <picture>\n                            \n                            <img src='https:\/\/swimlane.com\/wp-content\/uploads\/Harvaard.png' class='img-fluid'   alt='Harvard University logo: A red shield crest representing the academic entity and Swimlane research client.' title=''  \/>\n                            <\/picture>\n                                \n                            <\/figure>\n                        <\/div><\/div><\/div>\n\n\n\n<div class=\" bs-column col-4  col-sm-0 col-md-0 col-lg-3   bs-column-72644ce475494a6cbb6a9a79cc8778f6e0522756 bs-column---default     \"><div class='media-elements bs-media-element---default enable'>    <div class='bs-common-image'>\n                            <figure class='figure justify-content-start d-flex'>\n                            <picture>\n                            \n                            <img src='https:\/\/swimlane.com\/wp-content\/uploads\/2022\/12\/experian.svg' class='img-fluid'   alt='Experian logo: A lowercase wordmark with color accents representing the global credit intelligence entity.' title=''  \/>\n                            <\/picture>\n                                \n                            <\/figure>\n                        <\/div><\/div><\/div>\n\n\n\n<div class=\" bs-column col-4  col-sm-0 col-md-0 col-lg-3   bs-column-72644ce475494a6cbb6a9a79cc8778f6e0522756 bs-column---default     \"><div class='media-elements bs-media-element---default enable'>    <div class='bs-common-image'>\n                            <figure class='figure justify-content-start d-flex'>\n                            <picture>\n                            \n                            <img src='https:\/\/swimlane.com\/wp-content\/uploads\/2022\/12\/chubb.svg' class='img-fluid'   alt='Chubb logo: A black uppercase wordmark representing the global insurance entity and a Swimlane customer.' title=''  \/>\n                            <\/picture>\n                                \n                            <\/figure>\n                        <\/div><\/div><\/div>\n\n\n\n<div class=\" bs-column col-4  col-sm-0 col-md-0 col-lg-3   bs-column-72644ce475494a6cbb6a9a79cc8778f6e0522756 bs-column---default     \"><div class='media-elements bs-media-element---default enable'>    <div class='bs-common-image'>\n                            <figure class='figure justify-content-start d-flex'>\n                            <picture>\n                            \n                            <img src='https:\/\/swimlane.com\/wp-content\/uploads\/2022\/12\/bloomberg.svg' class='img-fluid'   alt='Bloomberg logo: Financial data and global intelligence entity representing enterprise trust and integration.' title=''  \/>\n                            <\/picture>\n                                \n                            <\/figure>\n                        <\/div><\/div><\/div>\n\n\n\n<div class=\" bs-column col-4  col-sm-0 col-md-0 col-lg-3   bs-column-72644ce475494a6cbb6a9a79cc8778f6e0522756 bs-column---default     \"><div class='media-elements bs-media-element---default enable'>    <div class='bs-common-image'>\n                            <figure class='figure justify-content-start d-flex'>\n                            <picture>\n                            \n                            <img src='https:\/\/swimlane.com\/wp-content\/uploads\/Logo_Konica_Minolta.svg' class='img-fluid'   alt='Konica Minolta logo: A blue globe mark representing imaging innovation and enterprise technology expertise.' title=''  \/>\n                            <\/picture>\n                                \n                            <\/figure>\n                        <\/div><\/div><\/div>\n<\/div>\n<\/div>\n\n\n\n<div class=\" bs-column  col-md-5 col-sm-0   bs-column-d19d761dd0229518dec7d999f413a61ff4c252db bs-column---default bs-column--form     \">\n<div class=\"bs-div bs-div-a26739da972d81c7a9a31b22044be2c1b368549d bs-div---default bs-div--form-wrapper\"><div class=\"bs-div__inner     \">\n<h2 class=\"wp-block-heading\" id=\"h-request-a-demo-0\" style=\"font-size:34px\">Request a Demo<\/h2>\n\n\n<script src=\"\/\/pages.swimlane.com\/js\/forms2\/js\/forms2.min.js\"><\/script>\n<form id=\"mktoForm_1010\"><\/form>\n<script>\n    var embeddedFormId = '7b514254635f23497b43b6f7f12e6073488355c6';\n    var marketoBaseUrl = '\/\/pages.swimlane.com';\n    var munchkinId = '978-QCM-390';\n    var formId = '1010';\n    var responseType = 'redirect';\n    var responseMessage = 'Thank you!';\n    var redirectURL = '';\n    var downloadFileURL = '';\n    var linkOpenType = '_self';\n    var popupVideo = 'url';\n    var popupVideoURL = '';\n    var popupVideoUploadURL = '';\n    MktoForms2.loadForm(marketoBaseUrl, munchkinId, formId, function(form) {\n        form.onSuccess(function(values, followUpUrl) {\n            document.getElementById(\"int_mktoForm_\" + formId).innerHTML = responseMessage;\n                    });\n    });\n<\/script>\n<div class=\"form-submit-note\" id=\"int_mktoForm_1010\"><\/div>\n<!-- Incluing form response options -->\n\n\n\n<script>\n    (function() {\n        \/\/ Please include the email domains you would like to block in this list\n        var invalidDomains = [\"@gmail.\", \"@yahoo.\", \"@hotmail.\", \"@live.\", \"@aol.\", \"@outlook.\", \"@proton.\",\"@icloud.\", \"@iubridge.com\", \"@mailinator.\", \"@example.\"];\n\n\n        MktoForms2.whenReady(function(form) {\n            form.onValidate(function() {\n                var email = form.vals().Email;\n                if (email) {\n                    if (!isEmailGood(email)) {\n                        form.submitable(false);\n                        var emailElem = form.getFormElem().find(\"#Email\");\n                        form.showErrorMessage(\"Must be Business email.\", emailElem);\n                    } else {\n                        form.submitable(true);\n                    }\n                }\n            });\n        });\n\n        function isEmailGood(email) {\n            for (var i = 0; i < invalidDomains.length; i++) {\n                var domain = invalidDomains[i];\n                if (email.indexOf(domain) != -1) {\n                    return false;\n                }\n            }\n            return true;\n        }\n\n\n    })(); \n<\/script>\n<\/div><\/div>\n<\/div>\n<\/div>\n<\/div><\/section>\n\n\n\n\n","protected":false},"excerpt":{"rendered":"","protected":false},"author":1,"featured_media":51163,"parent":0,"menu_order":0,"comment_status":"closed","ping_status":"closed","template":"","meta":{"_acf_changed":false,"show_custom_date":false,"custom_date":"","featured":false,"featured_image":0,"learn_more_label":"","image_alt_text":"","learn_more_type":"","learn_more_link":[],"show_popup":false,"disable_iframe":false,"enable_lazy_loading":false,"learn_more_link_file":0,"event_date":false,"event_start_date":"","event_end_date":"","featured_page_list":[],"_relevanssi_hide_post":"","_relevanssi_hide_content":"","_relevanssi_pin_for_all":"","_relevanssi_pin_keywords":"","_relevanssi_unpin_keywords":"","_relevanssi_related_keywords":"","_relevanssi_related_include_ids":"","_relevanssi_related_exclude_ids":"","_relevanssi_related_no_append":"","_relevanssi_related_not_related":"","_relevanssi_related_posts":"","_relevanssi_noindex_reason":"","inline_featured_image":false,"footnotes":""},"class_list":["post-25","page","type-page","status-publish","has-post-thumbnail","hentry"],"acf":[],"yoast_head":"<!-- This site is optimized with the Yoast SEO Premium plugin v22.5 (Yoast SEO v27.1.1) - https:\/\/yoast.com\/product\/yoast-seo-premium-wordpress\/ -->\n<title>Request a Demo - Agentic AI Automation | Swimlane Turbine<\/title>\n<meta name=\"description\" content=\"Get a live demo of Swimlane Turbine, the agentic AI automation platform, and see how it transforms SecOps, vulnerability management, compliance audits, and more.\" \/>\n<meta name=\"robots\" content=\"index, follow, max-snippet:-1, max-image-preview:large, max-video-preview:-1\" \/>\n<link rel=\"canonical\" href=\"https:\/\/swimlane.com\/es\/manifestacion\/\" \/>\n<meta property=\"og:locale\" content=\"es_ES\" \/>\n<meta property=\"og:type\" content=\"article\" \/>\n<meta property=\"og:title\" content=\"Request a Demo\" \/>\n<meta property=\"og:description\" content=\"Get a live demo of Swimlane Turbine, the agentic AI automation platform, and see how it transforms SecOps, vulnerability management, compliance audits, and more.\" \/>\n<meta property=\"og:url\" content=\"https:\/\/swimlane.com\/es\/manifestacion\/\" \/>\n<meta property=\"og:site_name\" content=\"AI Security Automation\" \/>\n<meta property=\"article:modified_time\" content=\"2026-03-18T00:46:09+00:00\" \/>\n<meta property=\"og:image\" content=\"https:\/\/swimlane.com\/wp-content\/uploads\/OG-Demo-Page.png\" \/>\n\t<meta property=\"og:image:width\" content=\"1200\" \/>\n\t<meta property=\"og:image:height\" content=\"630\" \/>\n\t<meta property=\"og:image:type\" content=\"image\/png\" \/>\n<meta name=\"twitter:card\" content=\"summary_large_image\" \/>\n<meta name=\"twitter:description\" content=\"Get a live demo of Swimlane Turbine, the agentic AI automation platform, and see how it transforms SecOps, vulnerability management, compliance audits, and more.\" \/>\n<meta name=\"twitter:site\" content=\"@swimlane\" \/>\n<meta name=\"twitter:label1\" content=\"Tiempo de lectura\" \/>\n\t<meta name=\"twitter:data1\" content=\"1 minuto\" \/>\n<script type=\"application\/ld+json\" class=\"yoast-schema-graph\">{\"@context\":\"https:\/\/schema.org\",\"@graph\":[{\"@type\":\"WebPage\",\"@id\":\"https:\/\/swimlane.com\/es\/demo\/\",\"url\":\"https:\/\/swimlane.com\/es\/demo\/\",\"name\":\"Request a Demo - Agentic AI Automation | Swimlane Turbine\",\"isPartOf\":{\"@id\":\"https:\/\/swimlane.com\/es\/#website\"},\"primaryImageOfPage\":{\"@id\":\"https:\/\/swimlane.com\/es\/demo\/#primaryimage\"},\"image\":{\"@id\":\"https:\/\/swimlane.com\/es\/demo\/#primaryimage\"},\"thumbnailUrl\":\"https:\/\/swimlane.com\/wp-content\/uploads\/OG-Demo-Page.png\",\"datePublished\":\"2025-11-19T19:59:42+00:00\",\"dateModified\":\"2026-03-18T00:46:09+00:00\",\"description\":\"Get a live demo of Swimlane Turbine, the agentic AI automation platform, and see how it transforms SecOps, vulnerability management, compliance audits, and more.\",\"breadcrumb\":{\"@id\":\"https:\/\/swimlane.com\/es\/demo\/#breadcrumb\"},\"inLanguage\":\"es\",\"potentialAction\":[{\"@type\":\"ReadAction\",\"target\":[\"https:\/\/swimlane.com\/es\/demo\/\"]}]},{\"@type\":\"ImageObject\",\"inLanguage\":\"es\",\"@id\":\"https:\/\/swimlane.com\/es\/demo\/#primaryimage\",\"url\":\"https:\/\/swimlane.com\/wp-content\/uploads\/OG-Demo-Page.png\",\"contentUrl\":\"https:\/\/swimlane.com\/wp-content\/uploads\/OG-Demo-Page.png\",\"width\":1200,\"height\":630,\"caption\":\"Get a live demo of Swimlane turbine\"},{\"@type\":\"BreadcrumbList\",\"@id\":\"https:\/\/swimlane.com\/es\/demo\/#breadcrumb\",\"itemListElement\":[{\"@type\":\"ListItem\",\"position\":1,\"name\":\"Home\",\"item\":\"https:\/\/swimlane.com\/\"},{\"@type\":\"ListItem\",\"position\":2,\"name\":\"Request a Demo\"}]},{\"@type\":\"WebSite\",\"@id\":\"https:\/\/swimlane.com\/es\/#website\",\"url\":\"https:\/\/swimlane.com\/es\/\",\"name\":\"Low-Code Security Automation & SOAR Platform | Swimlane\",\"description\":\"Agentic AI automation for every security function\",\"publisher\":{\"@id\":\"https:\/\/swimlane.com\/es\/#organization\"},\"potentialAction\":[{\"@type\":\"SearchAction\",\"target\":{\"@type\":\"EntryPoint\",\"urlTemplate\":\"https:\/\/swimlane.com\/es\/?s={search_term_string}\"},\"query-input\":{\"@type\":\"PropertyValueSpecification\",\"valueRequired\":true,\"valueName\":\"search_term_string\"}}],\"inLanguage\":\"es\"},{\"@type\":\"Organization\",\"@id\":\"https:\/\/swimlane.com\/es\/#organization\",\"name\":\"Low-Code Security Automation & SOAR Platform | Swimlane\",\"url\":\"https:\/\/swimlane.com\/es\/\",\"logo\":{\"@type\":\"ImageObject\",\"inLanguage\":\"es\",\"@id\":\"https:\/\/swimlane.com\/es\/#\/schema\/logo\/image\/\",\"url\":\"https:\/\/swimlane.com\/wp-content\/uploads\/sw-inline-logo-color-white.svg\",\"contentUrl\":\"https:\/\/swimlane.com\/wp-content\/uploads\/sw-inline-logo-color-white.svg\",\"width\":912,\"height\":190,\"caption\":\"Low-Code Security Automation & SOAR Platform | Swimlane\"},\"image\":{\"@id\":\"https:\/\/swimlane.com\/es\/#\/schema\/logo\/image\/\"},\"sameAs\":[\"https:\/\/x.com\/swimlane\",\"https:\/\/www.linkedin.com\/company\/swimlane\/\"]}]}<\/script>\n<!-- \/ Yoast SEO Premium plugin. -->","yoast_head_json":{"title":"Solicitar una demostraci\u00f3n - Automatizaci\u00f3n de IA de Agentic | Swimlane Turbine","description":"Obtenga una demostraci\u00f3n en vivo de Swimlane Turbine, la plataforma de automatizaci\u00f3n de IA agente, y vea c\u00f3mo transforma SecOps, la gesti\u00f3n de vulnerabilidades, las auditor\u00edas de cumplimiento y m\u00e1s.","robots":{"index":"index","follow":"follow","max-snippet":"max-snippet:-1","max-image-preview":"max-image-preview:large","max-video-preview":"max-video-preview:-1"},"canonical":"https:\/\/swimlane.com\/es\/manifestacion\/","og_locale":"es_ES","og_type":"article","og_title":"Request a Demo","og_description":"Get a live demo of Swimlane Turbine, the agentic AI automation platform, and see how it transforms SecOps, vulnerability management, compliance audits, and more.","og_url":"https:\/\/swimlane.com\/es\/manifestacion\/","og_site_name":"AI Security Automation","article_modified_time":"2026-03-18T00:46:09+00:00","og_image":[{"width":1200,"height":630,"url":"https:\/\/swimlane.com\/wp-content\/uploads\/OG-Demo-Page.png","type":"image\/png"}],"twitter_card":"summary_large_image","twitter_description":"Get a live demo of Swimlane Turbine, the agentic AI automation platform, and see how it transforms SecOps, vulnerability management, compliance audits, and more.","twitter_site":"@swimlane","twitter_misc":{"Tiempo de lectura":"1 minuto"},"schema":{"@context":"https:\/\/schema.org","@graph":[{"@type":"WebPage","@id":"https:\/\/swimlane.com\/es\/demo\/","url":"https:\/\/swimlane.com\/es\/demo\/","name":"Solicitar una demostraci\u00f3n - Automatizaci\u00f3n de IA de Agentic | Swimlane Turbine","isPartOf":{"@id":"https:\/\/swimlane.com\/es\/#website"},"primaryImageOfPage":{"@id":"https:\/\/swimlane.com\/es\/demo\/#primaryimage"},"image":{"@id":"https:\/\/swimlane.com\/es\/demo\/#primaryimage"},"thumbnailUrl":"https:\/\/swimlane.com\/wp-content\/uploads\/OG-Demo-Page.png","datePublished":"2025-11-19T19:59:42+00:00","dateModified":"2026-03-18T00:46:09+00:00","description":"Obtenga una demostraci\u00f3n en vivo de Swimlane Turbine, la plataforma de automatizaci\u00f3n de IA agente, y vea c\u00f3mo transforma SecOps, la gesti\u00f3n de vulnerabilidades, las auditor\u00edas de cumplimiento y m\u00e1s.","breadcrumb":{"@id":"https:\/\/swimlane.com\/es\/demo\/#breadcrumb"},"inLanguage":"es","potentialAction":[{"@type":"ReadAction","target":["https:\/\/swimlane.com\/es\/demo\/"]}]},{"@type":"ImageObject","inLanguage":"es","@id":"https:\/\/swimlane.com\/es\/demo\/#primaryimage","url":"https:\/\/swimlane.com\/wp-content\/uploads\/OG-Demo-Page.png","contentUrl":"https:\/\/swimlane.com\/wp-content\/uploads\/OG-Demo-Page.png","width":1200,"height":630,"caption":"Get a live demo of Swimlane turbine"},{"@type":"BreadcrumbList","@id":"https:\/\/swimlane.com\/es\/demo\/#breadcrumb","itemListElement":[{"@type":"ListItem","position":1,"name":"Home","item":"https:\/\/swimlane.com\/"},{"@type":"ListItem","position":2,"name":"Request a Demo"}]},{"@type":"WebSite","@id":"https:\/\/swimlane.com\/es\/#website","url":"https:\/\/swimlane.com\/es\/","name":"Automatizaci\u00f3n de seguridad de c\u00f3digo bajo y plataforma SOAR | Swimlane","description":"Automatizaci\u00f3n de la inteligencia artificial para todas las funciones de seguridad","publisher":{"@id":"https:\/\/swimlane.com\/es\/#organization"},"potentialAction":[{"@type":"SearchAction","target":{"@type":"EntryPoint","urlTemplate":"https:\/\/swimlane.com\/es\/?s={search_term_string}"},"query-input":{"@type":"PropertyValueSpecification","valueRequired":true,"valueName":"search_term_string"}}],"inLanguage":"es"},{"@type":"Organization","@id":"https:\/\/swimlane.com\/es\/#organization","name":"Automatizaci\u00f3n de seguridad de c\u00f3digo bajo y plataforma SOAR | Swimlane","url":"https:\/\/swimlane.com\/es\/","logo":{"@type":"ImageObject","inLanguage":"es","@id":"https:\/\/swimlane.com\/es\/#\/schema\/logo\/image\/","url":"https:\/\/swimlane.com\/wp-content\/uploads\/sw-inline-logo-color-white.svg","contentUrl":"https:\/\/swimlane.com\/wp-content\/uploads\/sw-inline-logo-color-white.svg","width":912,"height":190,"caption":"Low-Code Security Automation & SOAR Platform | Swimlane"},"image":{"@id":"https:\/\/swimlane.com\/es\/#\/schema\/logo\/image\/"},"sameAs":["https:\/\/x.com\/swimlane","https:\/\/www.linkedin.com\/company\/swimlane\/"]}]}},"publishpress_future_action":{"enabled":false,"date":"2026-04-22 16:06:39","action":"change-status","newStatus":"draft","terms":[],"taxonomy":"","extraData":[]},"publishpress_future_workflow_manual_trigger":{"enabledWorkflows":[]},"_links":{"self":[{"href":"https:\/\/swimlane.com\/es\/wp-json\/wp\/v2\/pages\/25","targetHints":{"allow":["GET"]}}],"collection":[{"href":"https:\/\/swimlane.com\/es\/wp-json\/wp\/v2\/pages"}],"about":[{"href":"https:\/\/swimlane.com\/es\/wp-json\/wp\/v2\/types\/page"}],"author":[{"embeddable":true,"href":"https:\/\/swimlane.com\/es\/wp-json\/wp\/v2\/users\/1"}],"replies":[{"embeddable":true,"href":"https:\/\/swimlane.com\/es\/wp-json\/wp\/v2\/comments?post=25"}],"version-history":[{"count":5,"href":"https:\/\/swimlane.com\/es\/wp-json\/wp\/v2\/pages\/25\/revisions"}],"predecessor-version":[{"id":55005,"href":"https:\/\/swimlane.com\/es\/wp-json\/wp\/v2\/pages\/25\/revisions\/55005"}],"wp:featuredmedia":[{"embeddable":true,"href":"https:\/\/swimlane.com\/es\/wp-json\/wp\/v2\/media\/51163"}],"wp:attachment":[{"href":"https:\/\/swimlane.com\/es\/wp-json\/wp\/v2\/media?parent=25"}],"curies":[{"name":"wp","href":"https:\/\/api.w.org\/{rel}","templated":true}]}}