{"id":43567,"date":"2024-12-16T11:26:25","date_gmt":"2024-12-16T18:26:25","guid":{"rendered":"https:\/\/swimlane.com\/?page_id=43567"},"modified":"2024-12-16T11:33:22","modified_gmt":"2024-12-16T18:33:22","slug":"thank-you-4","status":"publish","type":"page","link":"https:\/\/swimlane.com\/es\/thank-you-download\/","title":{"rendered":"Gracias"},"content":{"rendered":"<section class=\"bs-section bs-section-1fc6c83304569bfed9354ae98983c9c05eb54c56 bs-section---default bs-section--common-banner-type-one bs-section--thank-you-two-header\"><style>.bs-section.bs-section-1fc6c83304569bfed9354ae98983c9c05eb54c56{ background-color: #000743;} <\/style><div class=\"container\">\n<div class=\"bs-row row   bs-row---default\">\n<div class=\"bs-column col-sm-12   bs-column-5f6574ebb29ac8d58ab608d2aff5b1bbe4f96332 bs-column---default\"><div class=\"bs-lottie-animator bs-lottie-animator---default\" id=\"lottie-c0bc2b86-4f9c-4a78-a2f6-f018966300d7\" data-settings=\"{&quot;desktop&quot;:{&quot;settings&quot;:{&quot;animateViewPort&quot;:1,&quot;direction&quot;:1,&quot;delay&quot;:0,&quot;loop&quot;:false,&quot;fileName&quot;:&quot;Resource_lines.json&quot;,&quot;mouseOutAction&quot;:&quot;none&quot;,&quot;numberOfLoops&quot;:0,&quot;playSpeed&quot;:1,&quot;path&quot;:&quot;https:\\\/\\\/swimlane.com\\\/wp-content\\\/uploads\\\/2023\\\/01\\\/Resource_lines.json&quot;,&quot;scrollRelativeTo&quot;:&quot;withinSection&quot;,&quot;trigger&quot;:false,&quot;triggerMethod&quot;:&quot;pageHover&quot;,&quot;oneTimePlay&quot;:true}},&quot;mobile&quot;:{&quot;breakpoint&quot;:576,&quot;settings&quot;:{&quot;animateViewPort&quot;:1,&quot;direction&quot;:1,&quot;delay&quot;:0,&quot;loop&quot;:false,&quot;fileName&quot;:&quot;Resource_lines_mobile_no-loop.json&quot;,&quot;mouseOutAction&quot;:&quot;none&quot;,&quot;numberOfLoops&quot;:0,&quot;playSpeed&quot;:1,&quot;path&quot;:&quot;https:\\\/\\\/swimlane.com\\\/wp-content\\\/uploads\\\/2022\\\/12\\\/Resource_lines_mobile_no-loop.json&quot;,&quot;scrollRelativeTo&quot;:&quot;withinSection&quot;,&quot;trigger&quot;:false,&quot;triggerMethod&quot;:&quot;pageHover&quot;,&quot;oneTimePlay&quot;:true}}}\"><\/div>\n\n\n<h1 class=\"wp-block-heading has-white-color has-text-color\" id=\"h-thanks-for-your-interest\">\u00a1Gracias por tu inter\u00e9s!<\/h1>\n<\/div>\n<\/div>\n<\/div><\/section>\n\n\n\n<section class=\"bs-section bs-section-502c73832019bda8fb232c98d214f96542b40af6 bs-section--thank-you-2\"><div class=\"container\">\n<div class=\"bs-row row   bs-row---default\">\n<div class=\"bs-column col-sm-12   bs-column-5f6574ebb29ac8d58ab608d2aff5b1bbe4f96332 bs-column---default\">\n<h2 class=\"wp-block-heading has-grey-1-color has-text-color\" id=\"h-your-resource-is-on-its-way\">\u00a1Tu recurso est\u00e1 en camino!<\/h2>\n\n\n\n<p class=\"has-grey-2-color has-text-color\">Espera un correo nuestro en tu bandeja de entrada con un enlace al recurso que descargaste. Si no lo ves llegar en un momento, revisa tambi\u00e9n tu carpeta de correo no deseado o spam. Recuerda a\u00f1adirnos a la lista blanca seleccionando &quot;No es correo no deseado&quot; o &quot;No es spam&quot;.\u201c<\/p>\n\n\n\n<p>\u00a1Disfrutenlo! Por favor <a href=\"\/es\/contacto\/\">Cont\u00e1ctanos<\/a> Si tienes alguna pregunta.<\/p>\n\n\n\n<p>1-844-SWIMLANE<\/p>\n\n\n\n<span class=\"bs-pro-button bs-pro-button---default bs-pro-button--primary-with-arrow-small bs-pro-button-p-btn-2947f83c58d30fc01807316205e78ff6c62fb438\"><style>.bs-pro-button-p-btn-2947f83c58d30fc01807316205e78ff6c62fb438 .bs-pro-button__container {background-color: #abb8c3; color: #000000;}<\/style><a href=\"https:\/\/swimlane.com\/es\/\" target=\"\" rel=\"noopener noreferrer\" class=\"bs-pro-button__container\">M\u00e1s informaci\u00f3n<\/a><\/span>\n\n\n<\/div>\n<\/div>\n<\/div><\/section>","protected":false},"excerpt":{"rendered":"","protected":false},"author":77,"featured_media":0,"parent":0,"menu_order":0,"comment_status":"closed","ping_status":"closed","template":"","meta":{"_acf_changed":false,"show_custom_date":false,"custom_date":"","featured":false,"featured_image":0,"learn_more_label":"","image_alt_text":"","learn_more_type":"","learn_more_link":[],"show_popup":false,"disable_iframe":false,"enable_lazy_loading":false,"learn_more_link_file":0,"event_date":false,"event_start_date":"","event_end_date":"","featured_page_list":[],"_relevanssi_hide_post":"","_relevanssi_hide_content":"","_relevanssi_pin_for_all":"","_relevanssi_pin_keywords":"","_relevanssi_unpin_keywords":"","_relevanssi_related_keywords":"","_relevanssi_related_include_ids":"","_relevanssi_related_exclude_ids":"","_relevanssi_related_no_append":"","_relevanssi_related_not_related":"","_relevanssi_related_posts":"","_relevanssi_noindex_reason":"Yoast SEO Relevanssi index exclude","inline_featured_image":false,"footnotes":""},"class_list":["post-43567","page","type-page","status-publish","hentry"],"acf":[],"yoast_head":"<!-- This site is optimized with the Yoast SEO Premium plugin v22.5 (Yoast SEO v27.3) - https:\/\/yoast.com\/product\/yoast-seo-premium-wordpress\/ -->\n<title>Thank You - AI Security Automation<\/title>\n<meta name=\"description\" content=\"Swimlane is the largest and fastest-growing pure-play security automation company. Our platform is trusted by major organizations world-wide.\" \/>\n<meta name=\"robots\" content=\"noindex, nofollow\" \/>\n<meta property=\"og:locale\" content=\"es_ES\" \/>\n<meta property=\"og:type\" content=\"article\" \/>\n<meta property=\"og:title\" content=\"Thank You\" \/>\n<meta property=\"og:description\" content=\"Swimlane is the largest and fastest-growing pure-play security automation company. Our platform is trusted by major organizations world-wide.\" \/>\n<meta property=\"og:url\" content=\"https:\/\/swimlane.com\/es\/gracias-por-descargar\/\" \/>\n<meta property=\"og:site_name\" content=\"AI Security Automation\" \/>\n<meta property=\"article:modified_time\" content=\"2024-12-16T18:33:22+00:00\" \/>\n<meta property=\"og:image\" content=\"https:\/\/swimlane.com\/wp-content\/uploads\/Sitewide-OG.png\" \/>\n\t<meta property=\"og:image:width\" content=\"1200\" \/>\n\t<meta property=\"og:image:height\" content=\"630\" \/>\n\t<meta property=\"og:image:type\" content=\"image\/png\" \/>\n<meta name=\"twitter:card\" content=\"summary_large_image\" \/>\n<meta name=\"twitter:site\" content=\"@swimlane\" \/>\n<meta name=\"twitter:label1\" content=\"Tiempo de lectura\" \/>\n\t<meta name=\"twitter:data1\" content=\"1 minuto\" \/>\n<script type=\"application\/ld+json\" class=\"yoast-schema-graph\">{\"@context\":\"https:\\\/\\\/schema.org\",\"@graph\":[{\"@type\":\"WebPage\",\"@id\":\"https:\\\/\\\/swimlane.com\\\/es\\\/thank-you-download\\\/\",\"url\":\"https:\\\/\\\/swimlane.com\\\/es\\\/thank-you-download\\\/\",\"name\":\"Thank You - AI Security Automation\",\"isPartOf\":{\"@id\":\"https:\\\/\\\/swimlane.com\\\/es\\\/#website\"},\"datePublished\":\"2024-12-16T18:26:25+00:00\",\"dateModified\":\"2024-12-16T18:33:22+00:00\",\"description\":\"Swimlane is the largest and fastest-growing pure-play security automation company. Our platform is trusted by major organizations world-wide.\",\"breadcrumb\":{\"@id\":\"https:\\\/\\\/swimlane.com\\\/es\\\/thank-you-download\\\/#breadcrumb\"},\"inLanguage\":\"es\",\"potentialAction\":[{\"@type\":\"ReadAction\",\"target\":[\"https:\\\/\\\/swimlane.com\\\/es\\\/thank-you-download\\\/\"]}]},{\"@type\":\"BreadcrumbList\",\"@id\":\"https:\\\/\\\/swimlane.com\\\/es\\\/thank-you-download\\\/#breadcrumb\",\"itemListElement\":[{\"@type\":\"ListItem\",\"position\":1,\"name\":\"Home\",\"item\":\"https:\\\/\\\/swimlane.com\\\/\"},{\"@type\":\"ListItem\",\"position\":2,\"name\":\"Thank You\"}]},{\"@type\":\"WebSite\",\"@id\":\"https:\\\/\\\/swimlane.com\\\/es\\\/#website\",\"url\":\"https:\\\/\\\/swimlane.com\\\/es\\\/\",\"name\":\"Low-Code Security Automation & SOAR Platform | Swimlane\",\"description\":\"Agentic AI automation for every security function\",\"publisher\":{\"@id\":\"https:\\\/\\\/swimlane.com\\\/es\\\/#organization\"},\"potentialAction\":[{\"@type\":\"SearchAction\",\"target\":{\"@type\":\"EntryPoint\",\"urlTemplate\":\"https:\\\/\\\/swimlane.com\\\/es\\\/?s={search_term_string}\"},\"query-input\":{\"@type\":\"PropertyValueSpecification\",\"valueRequired\":true,\"valueName\":\"search_term_string\"}}],\"inLanguage\":\"es\"},{\"@type\":\"Organization\",\"@id\":\"https:\\\/\\\/swimlane.com\\\/es\\\/#organization\",\"name\":\"Low-Code Security Automation & SOAR Platform | Swimlane\",\"url\":\"https:\\\/\\\/swimlane.com\\\/es\\\/\",\"logo\":{\"@type\":\"ImageObject\",\"inLanguage\":\"es\",\"@id\":\"https:\\\/\\\/swimlane.com\\\/es\\\/#\\\/schema\\\/logo\\\/image\\\/\",\"url\":\"https:\\\/\\\/swimlane.com\\\/wp-content\\\/uploads\\\/sw-inline-logo-color-white.svg\",\"contentUrl\":\"https:\\\/\\\/swimlane.com\\\/wp-content\\\/uploads\\\/sw-inline-logo-color-white.svg\",\"width\":912,\"height\":190,\"caption\":\"Low-Code Security Automation & SOAR Platform | Swimlane\"},\"image\":{\"@id\":\"https:\\\/\\\/swimlane.com\\\/es\\\/#\\\/schema\\\/logo\\\/image\\\/\"},\"sameAs\":[\"https:\\\/\\\/x.com\\\/swimlane\",\"https:\\\/\\\/www.linkedin.com\\\/company\\\/swimlane\\\/\"]}]}<\/script>\n<!-- \/ Yoast SEO Premium plugin. -->","yoast_head_json":{"title":"Gracias - Automatizaci\u00f3n de seguridad con IA","description":"Swimlane es la empresa especializada en automatizaci\u00f3n de seguridad m\u00e1s grande y de mayor crecimiento. Nuestra plataforma cuenta con la confianza de importantes organizaciones a nivel mundial.","robots":{"index":"noindex","follow":"nofollow"},"og_locale":"es_ES","og_type":"article","og_title":"Thank You","og_description":"Swimlane is the largest and fastest-growing pure-play security automation company. Our platform is trusted by major organizations world-wide.","og_url":"https:\/\/swimlane.com\/es\/gracias-por-descargar\/","og_site_name":"AI Security Automation","article_modified_time":"2024-12-16T18:33:22+00:00","og_image":[{"width":1200,"height":630,"url":"https:\/\/swimlane.com\/wp-content\/uploads\/Sitewide-OG.png","type":"image\/png"}],"twitter_card":"summary_large_image","twitter_site":"@swimlane","twitter_misc":{"Tiempo de lectura":"1 minuto"},"schema":{"@context":"https:\/\/schema.org","@graph":[{"@type":"WebPage","@id":"https:\/\/swimlane.com\/es\/thank-you-download\/","url":"https:\/\/swimlane.com\/es\/thank-you-download\/","name":"Gracias - Automatizaci\u00f3n de seguridad con IA","isPartOf":{"@id":"https:\/\/swimlane.com\/es\/#website"},"datePublished":"2024-12-16T18:26:25+00:00","dateModified":"2024-12-16T18:33:22+00:00","description":"Swimlane es la empresa especializada en automatizaci\u00f3n de seguridad m\u00e1s grande y de mayor crecimiento. Nuestra plataforma cuenta con la confianza de importantes organizaciones a nivel mundial.","breadcrumb":{"@id":"https:\/\/swimlane.com\/es\/thank-you-download\/#breadcrumb"},"inLanguage":"es","potentialAction":[{"@type":"ReadAction","target":["https:\/\/swimlane.com\/es\/thank-you-download\/"]}]},{"@type":"BreadcrumbList","@id":"https:\/\/swimlane.com\/es\/thank-you-download\/#breadcrumb","itemListElement":[{"@type":"ListItem","position":1,"name":"Home","item":"https:\/\/swimlane.com\/"},{"@type":"ListItem","position":2,"name":"Thank You"}]},{"@type":"WebSite","@id":"https:\/\/swimlane.com\/es\/#website","url":"https:\/\/swimlane.com\/es\/","name":"Automatizaci\u00f3n de seguridad de c\u00f3digo bajo y plataforma SOAR | Swimlane","description":"Automatizaci\u00f3n de la inteligencia artificial para todas las funciones de seguridad","publisher":{"@id":"https:\/\/swimlane.com\/es\/#organization"},"potentialAction":[{"@type":"SearchAction","target":{"@type":"EntryPoint","urlTemplate":"https:\/\/swimlane.com\/es\/?s={search_term_string}"},"query-input":{"@type":"PropertyValueSpecification","valueRequired":true,"valueName":"search_term_string"}}],"inLanguage":"es"},{"@type":"Organization","@id":"https:\/\/swimlane.com\/es\/#organization","name":"Automatizaci\u00f3n de seguridad de c\u00f3digo bajo y plataforma SOAR | Swimlane","url":"https:\/\/swimlane.com\/es\/","logo":{"@type":"ImageObject","inLanguage":"es","@id":"https:\/\/swimlane.com\/es\/#\/schema\/logo\/image\/","url":"https:\/\/swimlane.com\/wp-content\/uploads\/sw-inline-logo-color-white.svg","contentUrl":"https:\/\/swimlane.com\/wp-content\/uploads\/sw-inline-logo-color-white.svg","width":912,"height":190,"caption":"Low-Code Security Automation & SOAR Platform | Swimlane"},"image":{"@id":"https:\/\/swimlane.com\/es\/#\/schema\/logo\/image\/"},"sameAs":["https:\/\/x.com\/swimlane","https:\/\/www.linkedin.com\/company\/swimlane\/"]}]}},"publishpress_future_action":{"enabled":false,"date":"2026-05-11 12:23:06","action":"change-status","newStatus":"draft","terms":[],"taxonomy":"","extraData":[]},"publishpress_future_workflow_manual_trigger":{"enabledWorkflows":[]},"_links":{"self":[{"href":"https:\/\/swimlane.com\/es\/wp-json\/wp\/v2\/pages\/43567","targetHints":{"allow":["GET"]}}],"collection":[{"href":"https:\/\/swimlane.com\/es\/wp-json\/wp\/v2\/pages"}],"about":[{"href":"https:\/\/swimlane.com\/es\/wp-json\/wp\/v2\/types\/page"}],"author":[{"embeddable":true,"href":"https:\/\/swimlane.com\/es\/wp-json\/wp\/v2\/users\/77"}],"replies":[{"embeddable":true,"href":"https:\/\/swimlane.com\/es\/wp-json\/wp\/v2\/comments?post=43567"}],"version-history":[{"count":0,"href":"https:\/\/swimlane.com\/es\/wp-json\/wp\/v2\/pages\/43567\/revisions"}],"wp:attachment":[{"href":"https:\/\/swimlane.com\/es\/wp-json\/wp\/v2\/media?parent=43567"}],"curies":[{"name":"wp","href":"https:\/\/api.w.org\/{rel}","templated":true}]}}