{"id":27197,"date":"2023-02-25T18:19:00","date_gmt":"2023-02-25T18:19:00","guid":{"rendered":"https:\/\/swimlane.com\/?page_id=27197"},"modified":"2023-02-25T18:20:58","modified_gmt":"2023-02-25T18:20:58","slug":"testing-facetwp","status":"publish","type":"page","link":"https:\/\/swimlane.com\/fr\/events-2\/","title":{"rendered":"Test de FacetWP"},"content":{"rendered":"<section class=\"bs-section bs-section-fff89712bff899443a03040d45126ba07308f41d bs-section---default\"><div class=\"container\">\n<div class=\"bs-row row   bs-row---default\">\n<div class=\"bs-column col-sm-12   bs-column-5f6574ebb29ac8d58ab608d2aff5b1bbe4f96332 bs-column---default\">\n<div class=\"bs-column col-sm-12   bs-column-5f6574ebb29ac8d58ab608d2aff5b1bbe4f96332 bs-column---default\">\n<h1 class=\"wp-block-heading\" id=\"h-testing-facetwp\">Test de FacetWP<\/h1>\n<\/div>\n<\/div>\n<\/div>\n<\/div><\/section>\n\n\n\n<section class=\"bs-section bs-section-426b8b6680e3190cde1d94b1d619f98f52c6d2e6 bs-section---default bs-section--blog-post bs-section--blog-pp\"><div class=\"container\">\n<div class=\"bs-row row   bs-row---default bs-row--common-filter\">\n<div class=\"bs-column col-sm-6 col-md-5 col-lg-4   bs-column-a477b0194bfc554aa4bb7d9fcadbc70da7864f7f bs-column---default\"><div class=\"facetwp-facet facetwp-facet-search facetwp-type-search\" data-name=\"search\" data-type=\"search\"><\/div>\n<\/div>\n\n\n\n<div class=\"bs-column col-sm-6 col-md-5 col-lg-4   bs-column-a477b0194bfc554aa4bb7d9fcadbc70da7864f7f bs-column---default\"><div class=\"facetwp-facet facetwp-facet-future_past facetwp-type-future_past\" data-name=\"future_past\" data-type=\"future_past\"><\/div>\n<\/div>\n\n\n\n<div class=\"bs-column col-sm-12   bs-column-5f6574ebb29ac8d58ab608d2aff5b1bbe4f96332 bs-column---default\"><div class=\"facetwp-selections\"><\/div>\n\n\n<div class=\"facetwp-facet facetwp-facet-clear_all facetwp-type-reset\" data-name=\"clear_all\" data-type=\"reset\"><\/div>\n<\/div>\n<\/div>\n\n\n\n<div class=\"bs-row row   bs-row---default\">\n<div class=\"bs-column col-sm-12   bs-column-5f6574ebb29ac8d58ab608d2aff5b1bbe4f96332 bs-column---default\"><div class=\"facetwp-template\" data-name=\"events\"><div class=\"bs-posts\">\n    <div class=\"bs-posts__list bs-posts__normal-row row\">\n                    \n                <div class=\"col-sm-12 col-md-4 bs-post bs-post-events trade-show has-image\"><a class=\"bs-post__trigger\" href='https:\/\/www.blackhat.com\/eu-24\/' target='_blank'>                <div class=\"bs-post__inner\">\n                    <div class=\"bs-post__details\"><div class=\"bs-post__date bs-post__date--event\"> <span>9-12 d\u00e9cembre 2024<\/span><\/div><div class=\"bs-post__title\"><p>Black Hat Europe 2024<\/p><\/div><div class=\"bs-post__learn-more\"><span class=\"btn learn-more-text bs-post__learn-more-text\">Plus d&#039;informations<\/span><\/div><\/div>                <\/div>\n                <\/a><\/div>                \n                        \n                <div class=\"col-sm-12 col-md-4 bs-post bs-post-events trade-show-|-summit has-image\"><a class=\"bs-post__trigger\" href='https:\/\/www.distology.com\/news-events\/disruptor-day14th-november-2024\/' target='_blank'>                <div class=\"bs-post__inner\">\n                    <div class=\"bs-post__details\"><div class=\"bs-post__date bs-post__date--event\"> <span>14 novembre 2024<\/span><\/div><div class=\"bs-post__title\"><p>Journ\u00e9e des perturbateurs en distologie<\/p><\/div><div class=\"bs-post__learn-more\"><span class=\"btn learn-more-text bs-post__learn-more-text\">Plus d&#039;informations<\/span><\/div><\/div>                <\/div>\n                <\/a><\/div>                \n                        \n                <div class=\"col-sm-12 col-md-4 bs-post bs-post-events trade-show has-image\"><a class=\"bs-post__trigger\" href='https:\/\/www.itsa365.de\/en\/it-sa-expo-congress' target='_blank'>                <div class=\"bs-post__inner\">\n                    <div class=\"bs-post__details\"><div class=\"bs-post__date bs-post__date--event\"> <span>22-24 octobre 2024<\/span><\/div><div class=\"bs-post__title\"><p>it-sa Expo &amp; Congr\u00e8s<\/p><\/div><div class=\"bs-post__learn-more\"><span class=\"btn learn-more-text bs-post__learn-more-text\">Plus d&#039;informations<\/span><\/div><\/div>                <\/div>\n                <\/a><\/div>                \n                        \n                <div class=\"col-sm-12 col-md-4 bs-post bs-post-events trade-show has-image\"><a class=\"bs-post__trigger\" href='https:\/\/events.api.org\/19th-annual-api-cybersecurity-conference-for-the-oil-and-natural-gas-industry\/' target='_blank'>                <div class=\"bs-post__inner\">\n                    <div class=\"bs-post__details\"><div class=\"bs-post__date bs-post__date--event\"> <span>1er - 26 octobre 2024<\/span><\/div><div class=\"bs-post__title\"><p>Conf\u00e9rence API sur la cybers\u00e9curit\u00e9 pour l&#039;industrie p\u00e9troli\u00e8re et gazi\u00e8re<\/p><\/div><div class=\"bs-post__learn-more\"><span class=\"btn learn-more-text bs-post__learn-more-text\">Plus d&#039;informations<\/span><\/div><\/div>                <\/div>\n                <\/a><\/div>                \n                        \n                <div class=\"col-sm-12 col-md-4 bs-post bs-post-events trade-show-|-summit has-image\"><a class=\"bs-post__trigger\" href='https:\/\/www.gartner.com\/en\/conferences\/emea\/security-risk-management-uk' target='_blank'>                <div class=\"bs-post__inner\">\n                    <div class=\"bs-post__details\"><div class=\"bs-post__date bs-post__date--event\"> <span>23-25 septembre 2024<\/span><\/div><div class=\"bs-post__title\"><p>Sommet Gartner sur la s\u00e9curit\u00e9 et la gestion des risques au Royaume-Uni<\/p><\/div><div class=\"bs-post__learn-more\"><span class=\"btn learn-more-text bs-post__learn-more-text\">Plus d&#039;informations<\/span><\/div><\/div>                <\/div>\n                <\/a><\/div>                \n                        \n                <div class=\"col-sm-12 col-md-4 bs-post bs-post-events trade-show-|-summit has-image\"><a class=\"bs-post__trigger\" href='https:\/\/cybersecuritysummit.com\/summit\/dcmetro24\/' target='_blank'>                <div class=\"bs-post__inner\">\n                    <div class=\"bs-post__details\"><div class=\"bs-post__date bs-post__date--event\"> <span>18 juillet 2024<\/span><\/div><div class=\"bs-post__title\"><p>Sommet sur la cybers\u00e9curit\u00e9 de la r\u00e9gion m\u00e9tropolitaine de Washington 2024<\/p><\/div><div class=\"bs-post__learn-more\"><span class=\"btn learn-more-text bs-post__learn-more-text\">Plus d&#039;informations<\/span><\/div><\/div>                <\/div>\n                <\/a><\/div>                \n                        \n                <div class=\"col-sm-12 col-md-4 bs-post bs-post-events trade-show-|-summit has-image\"><a class=\"bs-post__trigger\" href='https:\/\/cybersecuritysummit.com\/summit\/raleigh24\/' target='_blank'>                <div class=\"bs-post__inner\">\n                    <div class=\"bs-post__details\"><div class=\"bs-post__date bs-post__date--event\"> <span>16 juillet 2024<\/span><\/div><div class=\"bs-post__title\"><p>Sommet sur la cybers\u00e9curit\u00e9 de Raleigh 2024<\/p><\/div><div class=\"bs-post__learn-more\"><span class=\"btn learn-more-text bs-post__learn-more-text\">Plus d&#039;informations<\/span><\/div><\/div>                <\/div>\n                <\/a><\/div>                \n                        \n                <div class=\"col-sm-12 col-md-4 bs-post bs-post-events trade-show-|-summit has-image\"><a class=\"bs-post__trigger\" href='https:\/\/cybersecuritysummit.com\/summit\/pittsburgh24\/' target='_blank'>                <div class=\"bs-post__inner\">\n                    <div class=\"bs-post__details\"><div class=\"bs-post__date bs-post__date--event\"> <span>27 juin 2024<\/span><\/div><div class=\"bs-post__title\"><p>Sommet sur la cybers\u00e9curit\u00e9 de Pittsburgh 2024<\/p><\/div><div class=\"bs-post__learn-more\"><span class=\"btn learn-more-text bs-post__learn-more-text\">Plus d&#039;informations<\/span><\/div><\/div>                <\/div>\n                <\/a><\/div>                \n                        \n                <div class=\"col-sm-12 col-md-4 bs-post bs-post-events trade-show-|-summit has-image\"><a class=\"bs-post__trigger\" href='https:\/\/cybersecuritysummit.com\/summit\/hartford24\/' target='_blank'>                <div class=\"bs-post__inner\">\n                    <div class=\"bs-post__details\"><div class=\"bs-post__date bs-post__date--event\"> <span>25 juin 2024<\/span><\/div><div class=\"bs-post__title\"><p>Sommet sur la cybers\u00e9curit\u00e9 de Hartford 2024<\/p><\/div><div class=\"bs-post__learn-more\"><span class=\"btn learn-more-text bs-post__learn-more-text\">Plus d&#039;informations<\/span><\/div><\/div>                <\/div>\n                <\/a><\/div>                \n                        \n                <div class=\"col-sm-12 col-md-4 bs-post bs-post-events trade-show-|-summit has-image\"><a class=\"bs-post__trigger\" href='https:\/\/cybersecuritysummit.com\/summit\/saltlakecity24\/' target='_blank'>                <div class=\"bs-post__inner\">\n                    <div class=\"bs-post__details\"><div class=\"bs-post__date bs-post__date--event\"> <span>6 juin 2024<\/span><\/div><div class=\"bs-post__title\"><p>Sommet sur la cybers\u00e9curit\u00e9 de Salt Lake City 2024<\/p><\/div><div class=\"bs-post__learn-more\"><span class=\"btn learn-more-text bs-post__learn-more-text\">Plus d&#039;informations<\/span><\/div><\/div>                <\/div>\n                <\/a><\/div>                \n                        \n                <div class=\"col-sm-12 col-md-4 bs-post bs-post-events trade-show-|-summit has-image\"><a class=\"bs-post__trigger\" href='https:\/\/www.infosecurityeurope.com\/en-gb.html' target='_blank'>                <div class=\"bs-post__inner\">\n                    <div class=\"bs-post__details\"><div class=\"bs-post__date bs-post__date--event\"> <span>4 juin 2024<\/span><\/div><div class=\"bs-post__title\"><p>Infosecurity Europe 2024<\/p><\/div><div class=\"bs-post__learn-more\"><span class=\"btn learn-more-text bs-post__learn-more-text\">Plus d&#039;informations<\/span><\/div><\/div>                <\/div>\n                <\/a><\/div>                \n                        \n                <div class=\"col-sm-12 col-md-4 bs-post bs-post-events trade-show-|-summit has-image\"><a class=\"bs-post__trigger\" href='https:\/\/www.gartner.com\/en\/conferences\/na\/security-risk-management-us' target='_blank'>                <div class=\"bs-post__inner\">\n                    <div class=\"bs-post__details\"><div class=\"bs-post__date bs-post__date--event\"> <span>3-5 juin 2024<\/span><\/div><div class=\"bs-post__title\"><p>Sommet Gartner sur la s\u00e9curit\u00e9 et la gestion des risques aux \u00c9tats-Unis 2024<\/p><\/div><div class=\"bs-post__learn-more\"><span class=\"btn learn-more-text bs-post__learn-more-text\">Plus d&#039;informations<\/span><\/div><\/div>                <\/div>\n                <\/a><\/div>                \n            \n    <\/div>\n<\/div><\/div>\n\n\n<div class=\"facetwp-facet facetwp-facet-pagination facetwp-type-pager\" data-name=\"pagination\" data-type=\"pager\"><\/div>\n<\/div>\n<\/div>\n<\/div><\/section>","protected":false},"excerpt":{"rendered":"","protected":false},"author":43,"featured_media":0,"parent":0,"menu_order":0,"comment_status":"closed","ping_status":"closed","template":"","meta":{"_acf_changed":false,"show_custom_date":false,"custom_date":"","featured":false,"featured_image":0,"learn_more_label":"","image_alt_text":"","learn_more_type":"","learn_more_link":[],"show_popup":false,"disable_iframe":false,"enable_lazy_loading":false,"learn_more_link_file":0,"event_date":false,"event_start_date":"","event_end_date":"","featured_page_list":[],"_relevanssi_hide_post":"","_relevanssi_hide_content":"","_relevanssi_pin_for_all":"","_relevanssi_pin_keywords":"","_relevanssi_unpin_keywords":"","_relevanssi_related_keywords":"","_relevanssi_related_include_ids":"","_relevanssi_related_exclude_ids":"","_relevanssi_related_no_append":"","_relevanssi_related_not_related":"","_relevanssi_related_posts":"","_relevanssi_noindex_reason":"","inline_featured_image":false,"footnotes":""},"class_list":["post-27197","page","type-page","status-publish","hentry"],"acf":[],"yoast_head":"<!-- This site is optimized with the Yoast SEO Premium plugin v22.5 (Yoast SEO v27.3) - https:\/\/yoast.com\/product\/yoast-seo-premium-wordpress\/ -->\n<title>Testing FacetWP - AI Security Automation<\/title>\n<meta name=\"description\" content=\"Swimlane is the largest and fastest-growing pure-play security automation company. Our platform is trusted by major organizations world-wide.\" \/>\n<meta name=\"robots\" content=\"index, follow, max-snippet:-1, max-image-preview:large, max-video-preview:-1\" \/>\n<link rel=\"canonical\" href=\"https:\/\/swimlane.com\/fr\/evenements-2\/\" \/>\n<meta property=\"og:locale\" content=\"fr_FR\" \/>\n<meta property=\"og:type\" content=\"article\" \/>\n<meta property=\"og:title\" content=\"Testing FacetWP\" \/>\n<meta property=\"og:description\" content=\"Swimlane is the largest and fastest-growing pure-play security automation company. Our platform is trusted by major organizations world-wide.\" \/>\n<meta property=\"og:url\" content=\"https:\/\/swimlane.com\/fr\/evenements-2\/\" \/>\n<meta property=\"og:site_name\" content=\"AI Security Automation\" \/>\n<meta property=\"article:modified_time\" content=\"2023-02-25T18:20:58+00:00\" \/>\n<meta property=\"og:image\" content=\"https:\/\/swimlane.com\/wp-content\/uploads\/Sitewide-OG.png\" \/>\n\t<meta property=\"og:image:width\" content=\"1200\" \/>\n\t<meta property=\"og:image:height\" content=\"630\" \/>\n\t<meta property=\"og:image:type\" content=\"image\/png\" \/>\n<meta name=\"twitter:card\" content=\"summary_large_image\" \/>\n<meta name=\"twitter:site\" content=\"@swimlane\" \/>\n<meta name=\"twitter:label1\" content=\"Est. reading time\" \/>\n\t<meta name=\"twitter:data1\" content=\"1 minute\" \/>\n<script type=\"application\/ld+json\" class=\"yoast-schema-graph\">{\"@context\":\"https:\\\/\\\/schema.org\",\"@graph\":[{\"@type\":\"WebPage\",\"@id\":\"https:\\\/\\\/swimlane.com\\\/fr\\\/events-2\\\/\",\"url\":\"https:\\\/\\\/swimlane.com\\\/fr\\\/events-2\\\/\",\"name\":\"Testing FacetWP - AI Security Automation\",\"isPartOf\":{\"@id\":\"https:\\\/\\\/swimlane.com\\\/fr\\\/#website\"},\"datePublished\":\"2023-02-25T18:19:00+00:00\",\"dateModified\":\"2023-02-25T18:20:58+00:00\",\"description\":\"Swimlane is the largest and fastest-growing pure-play security automation company. Our platform is trusted by major organizations world-wide.\",\"breadcrumb\":{\"@id\":\"https:\\\/\\\/swimlane.com\\\/fr\\\/events-2\\\/#breadcrumb\"},\"inLanguage\":\"fr-FR\",\"potentialAction\":[{\"@type\":\"ReadAction\",\"target\":[\"https:\\\/\\\/swimlane.com\\\/fr\\\/events-2\\\/\"]}]},{\"@type\":\"BreadcrumbList\",\"@id\":\"https:\\\/\\\/swimlane.com\\\/fr\\\/events-2\\\/#breadcrumb\",\"itemListElement\":[{\"@type\":\"ListItem\",\"position\":1,\"name\":\"Home\",\"item\":\"https:\\\/\\\/swimlane.com\\\/\"},{\"@type\":\"ListItem\",\"position\":2,\"name\":\"Testing FacetWP\"}]},{\"@type\":\"WebSite\",\"@id\":\"https:\\\/\\\/swimlane.com\\\/fr\\\/#website\",\"url\":\"https:\\\/\\\/swimlane.com\\\/fr\\\/\",\"name\":\"Low-Code Security Automation & SOAR Platform | Swimlane\",\"description\":\"Agentic AI automation for every security function\",\"publisher\":{\"@id\":\"https:\\\/\\\/swimlane.com\\\/fr\\\/#organization\"},\"potentialAction\":[{\"@type\":\"SearchAction\",\"target\":{\"@type\":\"EntryPoint\",\"urlTemplate\":\"https:\\\/\\\/swimlane.com\\\/fr\\\/?s={search_term_string}\"},\"query-input\":{\"@type\":\"PropertyValueSpecification\",\"valueRequired\":true,\"valueName\":\"search_term_string\"}}],\"inLanguage\":\"fr-FR\"},{\"@type\":\"Organization\",\"@id\":\"https:\\\/\\\/swimlane.com\\\/fr\\\/#organization\",\"name\":\"Low-Code Security Automation & SOAR Platform | Swimlane\",\"url\":\"https:\\\/\\\/swimlane.com\\\/fr\\\/\",\"logo\":{\"@type\":\"ImageObject\",\"inLanguage\":\"fr-FR\",\"@id\":\"https:\\\/\\\/swimlane.com\\\/fr\\\/#\\\/schema\\\/logo\\\/image\\\/\",\"url\":\"https:\\\/\\\/swimlane.com\\\/wp-content\\\/uploads\\\/sw-inline-logo-color-white.svg\",\"contentUrl\":\"https:\\\/\\\/swimlane.com\\\/wp-content\\\/uploads\\\/sw-inline-logo-color-white.svg\",\"width\":912,\"height\":190,\"caption\":\"Low-Code Security Automation & SOAR Platform | Swimlane\"},\"image\":{\"@id\":\"https:\\\/\\\/swimlane.com\\\/fr\\\/#\\\/schema\\\/logo\\\/image\\\/\"},\"sameAs\":[\"https:\\\/\\\/x.com\\\/swimlane\",\"https:\\\/\\\/www.linkedin.com\\\/company\\\/swimlane\\\/\"]}]}<\/script>\n<!-- \/ Yoast SEO Premium plugin. -->","yoast_head_json":{"title":"Tests de FacetWP - Automatisation de la s\u00e9curit\u00e9 par IA","description":"Swimlane est la plus grande et la plus dynamique des entreprises sp\u00e9cialis\u00e9es dans l&#039;automatisation de la s\u00e9curit\u00e9. Notre plateforme est utilis\u00e9e par de grandes organisations \u00e0 travers le monde.","robots":{"index":"index","follow":"follow","max-snippet":"max-snippet:-1","max-image-preview":"max-image-preview:large","max-video-preview":"max-video-preview:-1"},"canonical":"https:\/\/swimlane.com\/fr\/evenements-2\/","og_locale":"fr_FR","og_type":"article","og_title":"Testing FacetWP","og_description":"Swimlane is the largest and fastest-growing pure-play security automation company. Our platform is trusted by major organizations world-wide.","og_url":"https:\/\/swimlane.com\/fr\/evenements-2\/","og_site_name":"AI Security Automation","article_modified_time":"2023-02-25T18:20:58+00:00","og_image":[{"width":1200,"height":630,"url":"https:\/\/swimlane.com\/wp-content\/uploads\/Sitewide-OG.png","type":"image\/png"}],"twitter_card":"summary_large_image","twitter_site":"@swimlane","twitter_misc":{"Est. reading time":"1 minute"},"schema":{"@context":"https:\/\/schema.org","@graph":[{"@type":"WebPage","@id":"https:\/\/swimlane.com\/fr\/events-2\/","url":"https:\/\/swimlane.com\/fr\/events-2\/","name":"Tests de FacetWP - Automatisation de la s\u00e9curit\u00e9 par IA","isPartOf":{"@id":"https:\/\/swimlane.com\/fr\/#website"},"datePublished":"2023-02-25T18:19:00+00:00","dateModified":"2023-02-25T18:20:58+00:00","description":"Swimlane est la plus grande et la plus dynamique des entreprises sp\u00e9cialis\u00e9es dans l&#039;automatisation de la s\u00e9curit\u00e9. Notre plateforme est utilis\u00e9e par de grandes organisations \u00e0 travers le monde.","breadcrumb":{"@id":"https:\/\/swimlane.com\/fr\/events-2\/#breadcrumb"},"inLanguage":"fr-FR","potentialAction":[{"@type":"ReadAction","target":["https:\/\/swimlane.com\/fr\/events-2\/"]}]},{"@type":"BreadcrumbList","@id":"https:\/\/swimlane.com\/fr\/events-2\/#breadcrumb","itemListElement":[{"@type":"ListItem","position":1,"name":"Home","item":"https:\/\/swimlane.com\/"},{"@type":"ListItem","position":2,"name":"Testing FacetWP"}]},{"@type":"WebSite","@id":"https:\/\/swimlane.com\/fr\/#website","url":"https:\/\/swimlane.com\/fr\/","name":"Plateforme d&#039;automatisation de la s\u00e9curit\u00e9 low-code et SOAR | Swimlane","description":"Automatisation par IA agentique pour chaque fonction de s\u00e9curit\u00e9","publisher":{"@id":"https:\/\/swimlane.com\/fr\/#organization"},"potentialAction":[{"@type":"SearchAction","target":{"@type":"EntryPoint","urlTemplate":"https:\/\/swimlane.com\/fr\/?s={search_term_string}"},"query-input":{"@type":"PropertyValueSpecification","valueRequired":true,"valueName":"search_term_string"}}],"inLanguage":"fr-FR"},{"@type":"Organization","@id":"https:\/\/swimlane.com\/fr\/#organization","name":"Plateforme d&#039;automatisation de la s\u00e9curit\u00e9 low-code et SOAR | Swimlane","url":"https:\/\/swimlane.com\/fr\/","logo":{"@type":"ImageObject","inLanguage":"fr-FR","@id":"https:\/\/swimlane.com\/fr\/#\/schema\/logo\/image\/","url":"https:\/\/swimlane.com\/wp-content\/uploads\/sw-inline-logo-color-white.svg","contentUrl":"https:\/\/swimlane.com\/wp-content\/uploads\/sw-inline-logo-color-white.svg","width":912,"height":190,"caption":"Low-Code Security Automation & SOAR Platform | Swimlane"},"image":{"@id":"https:\/\/swimlane.com\/fr\/#\/schema\/logo\/image\/"},"sameAs":["https:\/\/x.com\/swimlane","https:\/\/www.linkedin.com\/company\/swimlane\/"]}]}},"publishpress_future_action":{"enabled":false,"date":"2026-05-06 15:36:40","action":"change-status","newStatus":"draft","terms":[],"taxonomy":"","extraData":[]},"publishpress_future_workflow_manual_trigger":{"enabledWorkflows":[]},"_links":{"self":[{"href":"https:\/\/swimlane.com\/fr\/wp-json\/wp\/v2\/pages\/27197","targetHints":{"allow":["GET"]}}],"collection":[{"href":"https:\/\/swimlane.com\/fr\/wp-json\/wp\/v2\/pages"}],"about":[{"href":"https:\/\/swimlane.com\/fr\/wp-json\/wp\/v2\/types\/page"}],"author":[{"embeddable":true,"href":"https:\/\/swimlane.com\/fr\/wp-json\/wp\/v2\/users\/43"}],"replies":[{"embeddable":true,"href":"https:\/\/swimlane.com\/fr\/wp-json\/wp\/v2\/comments?post=27197"}],"version-history":[{"count":0,"href":"https:\/\/swimlane.com\/fr\/wp-json\/wp\/v2\/pages\/27197\/revisions"}],"wp:attachment":[{"href":"https:\/\/swimlane.com\/fr\/wp-json\/wp\/v2\/media?parent=27197"}],"curies":[{"name":"wp","href":"https:\/\/api.w.org\/{rel}","templated":true}]}}