{"id":29146,"date":"2023-03-16T11:36:40","date_gmt":"2023-03-16T17:36:40","guid":{"rendered":"https:\/\/swimlane.com\/?page_id=29146"},"modified":"2024-07-01T09:21:47","modified_gmt":"2024-07-01T15:21:47","slug":"legal-dsar","status":"publish","type":"page","link":"https:\/\/swimlane.com\/fr\/legal\/dsar\/","title":{"rendered":"Juridique\/DSAR"},"content":{"rendered":"<section class=\"bs-section bs-section-9c90a85f067671a1321bb9cc11b44442df7a1f05 bs-section---default bs-section--common-header-with-form bs-section--request-a-demo\"><div class=\"container\">\n<div class=\"bs-row row   bs-row---default\">\n<div class=\"bs-column col-sm-12   bs-column-5f6574ebb29ac8d58ab608d2aff5b1bbe4f96332 bs-column---default\"><div class=\"bs-lottie-animator bs-lottie-animator---default\" id=\"lottie-c7d5ff8e-a115-40ae-aecb-0a84b90fe739\" data-settings=\"{&quot;desktop&quot;:{&quot;settings&quot;:{&quot;animateViewPort&quot;:0.5,&quot;direction&quot;:1,&quot;delay&quot;:0,&quot;loop&quot;:false,&quot;fileName&quot;:&quot;Contact_lines.json&quot;,&quot;mouseOutAction&quot;:&quot;none&quot;,&quot;numberOfLoops&quot;:1,&quot;playSpeed&quot;:1,&quot;path&quot;:&quot;https:\\\/\\\/swimlane.com\\\/wp-content\\\/uploads\\\/Contact_lines.json&quot;,&quot;scrollRelativeTo&quot;:&quot;withinSection&quot;,&quot;trigger&quot;:false,&quot;triggerMethod&quot;:&quot;pageHover&quot;,&quot;oneTimePlay&quot;:true}},&quot;mobile&quot;:{&quot;breakpoint&quot;:576,&quot;settings&quot;:{&quot;animateViewPort&quot;:50,&quot;direction&quot;:1,&quot;delay&quot;:0,&quot;loop&quot;:false,&quot;fileName&quot;:&quot;&quot;,&quot;mouseOutAction&quot;:&quot;none&quot;,&quot;numberOfLoops&quot;:0,&quot;playSpeed&quot;:1,&quot;path&quot;:&quot;&quot;,&quot;scrollRelativeTo&quot;:&quot;withinSection&quot;,&quot;trigger&quot;:false,&quot;triggerMethod&quot;:&quot;pageHover&quot;,&quot;oneTimePlay&quot;:true}}}\"><\/div><\/div>\n<\/div>\n\n\n\n<div class=\"bs-row row   bs-row---default\">\n<div class=\"bs-column  col-sm-0 col-md-10   bs-column-e324ba46e668efb8a167f6c6f82d98452b10172b bs-column---default\">\n<h1 class=\"has-deep-color has-text-color wp-block-heading\" id=\"h-dsar\">DSAR<\/h1>\n\n\n\n<p class=\"has-grey-2-color has-text-color\">Si vous souhaitez demander l&#039;acc\u00e8s, la modification, le transfert ou la suppression de vos donn\u00e9es personnelles, vous pouvez remplir ce formulaire. <a href=\"https:\/\/my.datasubject.com\/6orO8TB1pHUg2mPK\/22049\" target=\"_blank\" rel=\"noreferrer noopener\">formulaire<\/a>. Notre \u00e9quipe charg\u00e9e de la protection des donn\u00e9es vous r\u00e9pondra dans les plus brefs d\u00e9lais.<\/p>\n\n\n\n<p>Les r\u00e9sidents de Californie ont le droit de nous demander une notification identifiant les cat\u00e9gories de renseignements personnels que nous partageons avec des tiers \u00e0 des fins de marketing. Ils peuvent exercer ce droit en soumettant une demande \u00e9crite \u00e0 son adresse. <a href=\"https:\/\/my.datasubject.com\/6orO8TB1pHUg2mPK\/22049\" target=\"_blank\" rel=\"noreferrer noopener\">emplacement<\/a>.<\/p>\n\n\n\n<p class=\"has-grey-2-color has-text-color\"><\/p>\n<\/div>\n\n\n\n<div class=\"bs-column  col-md-5 col-sm-0   bs-column-4e7708ec1047c5de435a1fcaa9bd912b51781ebd bs-column---default bs-column--form\"><\/div>\n<\/div>\n<\/div><\/section>\n\n\n\n\n\n<p><\/p>","protected":false},"excerpt":{"rendered":"","protected":false},"author":43,"featured_media":0,"parent":0,"menu_order":0,"comment_status":"closed","ping_status":"closed","template":"","meta":{"_acf_changed":false,"show_custom_date":false,"custom_date":"","featured":false,"featured_image":0,"learn_more_label":"","image_alt_text":"","learn_more_type":"","learn_more_link":[],"show_popup":false,"disable_iframe":false,"enable_lazy_loading":false,"learn_more_link_file":0,"event_date":false,"event_start_date":"","event_end_date":"","featured_page_list":[],"_relevanssi_hide_post":"","_relevanssi_hide_content":"","_relevanssi_pin_for_all":"","_relevanssi_pin_keywords":"","_relevanssi_unpin_keywords":"","_relevanssi_related_keywords":"","_relevanssi_related_include_ids":"","_relevanssi_related_exclude_ids":"","_relevanssi_related_no_append":"","_relevanssi_related_not_related":"","_relevanssi_related_posts":"","_relevanssi_noindex_reason":"","inline_featured_image":false,"footnotes":""},"class_list":["post-29146","page","type-page","status-publish","hentry"],"acf":[],"yoast_head":"<!-- This site is optimized with the Yoast SEO Premium plugin v22.5 (Yoast SEO v27.3) - https:\/\/yoast.com\/product\/yoast-seo-premium-wordpress\/ -->\n<title>Legal\/DSAR - AI Security Automation<\/title>\n<meta name=\"description\" content=\"Swimlane is the largest and fastest-growing pure-play security automation company. Access your DSAR information.\" \/>\n<meta name=\"robots\" content=\"index, follow, max-snippet:-1, max-image-preview:large, max-video-preview:-1\" \/>\n<link rel=\"canonical\" href=\"https:\/\/swimlane.com\/fr\/legal\/dsar\/\" \/>\n<meta property=\"og:locale\" content=\"fr_FR\" \/>\n<meta property=\"og:type\" content=\"article\" \/>\n<meta property=\"og:title\" content=\"Legal\/DSAR\" \/>\n<meta property=\"og:description\" content=\"Swimlane is the largest and fastest-growing pure-play security automation company. Our platform is trusted by major organizations world-wide.\" \/>\n<meta property=\"og:url\" content=\"https:\/\/swimlane.com\/fr\/legal\/dsar\/\" \/>\n<meta property=\"og:site_name\" content=\"AI Security Automation\" \/>\n<meta property=\"article:modified_time\" content=\"2024-07-01T15:21:47+00:00\" \/>\n<meta property=\"og:image\" content=\"https:\/\/swimlane.com\/wp-content\/uploads\/Sitewide-OG.png\" \/>\n\t<meta property=\"og:image:width\" content=\"1200\" \/>\n\t<meta property=\"og:image:height\" content=\"630\" \/>\n\t<meta property=\"og:image:type\" content=\"image\/png\" \/>\n<meta name=\"twitter:card\" content=\"summary_large_image\" \/>\n<meta name=\"twitter:site\" content=\"@swimlane\" \/>\n<meta name=\"twitter:label1\" content=\"Est. reading time\" \/>\n\t<meta name=\"twitter:data1\" content=\"1 minute\" \/>\n<script type=\"application\/ld+json\" class=\"yoast-schema-graph\">{\"@context\":\"https:\\\/\\\/schema.org\",\"@graph\":[{\"@type\":\"WebPage\",\"@id\":\"https:\\\/\\\/swimlane.com\\\/fr\\\/legal\\\/dsar\\\/\",\"url\":\"https:\\\/\\\/swimlane.com\\\/fr\\\/legal\\\/dsar\\\/\",\"name\":\"Legal\\\/DSAR - AI Security Automation\",\"isPartOf\":{\"@id\":\"https:\\\/\\\/swimlane.com\\\/fr\\\/#website\"},\"datePublished\":\"2023-03-16T17:36:40+00:00\",\"dateModified\":\"2024-07-01T15:21:47+00:00\",\"description\":\"Swimlane is the largest and fastest-growing pure-play security automation company. Access your DSAR information.\",\"breadcrumb\":{\"@id\":\"https:\\\/\\\/swimlane.com\\\/fr\\\/legal\\\/dsar\\\/#breadcrumb\"},\"inLanguage\":\"fr-FR\",\"potentialAction\":[{\"@type\":\"ReadAction\",\"target\":[\"https:\\\/\\\/swimlane.com\\\/fr\\\/legal\\\/dsar\\\/\"]}]},{\"@type\":\"BreadcrumbList\",\"@id\":\"https:\\\/\\\/swimlane.com\\\/fr\\\/legal\\\/dsar\\\/#breadcrumb\",\"itemListElement\":[{\"@type\":\"ListItem\",\"position\":1,\"name\":\"Home\",\"item\":\"https:\\\/\\\/swimlane.com\\\/\"},{\"@type\":\"ListItem\",\"position\":2,\"name\":\"Legal\\\/DSAR\"}]},{\"@type\":\"WebSite\",\"@id\":\"https:\\\/\\\/swimlane.com\\\/fr\\\/#website\",\"url\":\"https:\\\/\\\/swimlane.com\\\/fr\\\/\",\"name\":\"Low-Code Security Automation & SOAR Platform | Swimlane\",\"description\":\"Agentic AI automation for every security function\",\"publisher\":{\"@id\":\"https:\\\/\\\/swimlane.com\\\/fr\\\/#organization\"},\"potentialAction\":[{\"@type\":\"SearchAction\",\"target\":{\"@type\":\"EntryPoint\",\"urlTemplate\":\"https:\\\/\\\/swimlane.com\\\/fr\\\/?s={search_term_string}\"},\"query-input\":{\"@type\":\"PropertyValueSpecification\",\"valueRequired\":true,\"valueName\":\"search_term_string\"}}],\"inLanguage\":\"fr-FR\"},{\"@type\":\"Organization\",\"@id\":\"https:\\\/\\\/swimlane.com\\\/fr\\\/#organization\",\"name\":\"Low-Code Security Automation & SOAR Platform | Swimlane\",\"url\":\"https:\\\/\\\/swimlane.com\\\/fr\\\/\",\"logo\":{\"@type\":\"ImageObject\",\"inLanguage\":\"fr-FR\",\"@id\":\"https:\\\/\\\/swimlane.com\\\/fr\\\/#\\\/schema\\\/logo\\\/image\\\/\",\"url\":\"https:\\\/\\\/swimlane.com\\\/wp-content\\\/uploads\\\/sw-inline-logo-color-white.svg\",\"contentUrl\":\"https:\\\/\\\/swimlane.com\\\/wp-content\\\/uploads\\\/sw-inline-logo-color-white.svg\",\"width\":912,\"height\":190,\"caption\":\"Low-Code Security Automation & SOAR Platform | Swimlane\"},\"image\":{\"@id\":\"https:\\\/\\\/swimlane.com\\\/fr\\\/#\\\/schema\\\/logo\\\/image\\\/\"},\"sameAs\":[\"https:\\\/\\\/x.com\\\/swimlane\",\"https:\\\/\\\/www.linkedin.com\\\/company\\\/swimlane\\\/\"]}]}<\/script>\n<!-- \/ Yoast SEO Premium plugin. -->","yoast_head_json":{"title":"Juridique\/DSAR - Automatisation de la s\u00e9curit\u00e9 par IA","description":"Swimlane est la plus grande et la plus dynamique des entreprises sp\u00e9cialis\u00e9es dans l&#039;automatisation de la s\u00e9curit\u00e9. Acc\u00e9dez \u00e0 vos informations DSAR.","robots":{"index":"index","follow":"follow","max-snippet":"max-snippet:-1","max-image-preview":"max-image-preview:large","max-video-preview":"max-video-preview:-1"},"canonical":"https:\/\/swimlane.com\/fr\/legal\/dsar\/","og_locale":"fr_FR","og_type":"article","og_title":"Legal\/DSAR","og_description":"Swimlane is the largest and fastest-growing pure-play security automation company. Our platform is trusted by major organizations world-wide.","og_url":"https:\/\/swimlane.com\/fr\/legal\/dsar\/","og_site_name":"AI Security Automation","article_modified_time":"2024-07-01T15:21:47+00:00","og_image":[{"width":1200,"height":630,"url":"https:\/\/swimlane.com\/wp-content\/uploads\/Sitewide-OG.png","type":"image\/png"}],"twitter_card":"summary_large_image","twitter_site":"@swimlane","twitter_misc":{"Est. reading time":"1 minute"},"schema":{"@context":"https:\/\/schema.org","@graph":[{"@type":"WebPage","@id":"https:\/\/swimlane.com\/fr\/legal\/dsar\/","url":"https:\/\/swimlane.com\/fr\/legal\/dsar\/","name":"Juridique\/DSAR - Automatisation de la s\u00e9curit\u00e9 par IA","isPartOf":{"@id":"https:\/\/swimlane.com\/fr\/#website"},"datePublished":"2023-03-16T17:36:40+00:00","dateModified":"2024-07-01T15:21:47+00:00","description":"Swimlane est la plus grande et la plus dynamique des entreprises sp\u00e9cialis\u00e9es dans l&#039;automatisation de la s\u00e9curit\u00e9. Acc\u00e9dez \u00e0 vos informations DSAR.","breadcrumb":{"@id":"https:\/\/swimlane.com\/fr\/legal\/dsar\/#breadcrumb"},"inLanguage":"fr-FR","potentialAction":[{"@type":"ReadAction","target":["https:\/\/swimlane.com\/fr\/legal\/dsar\/"]}]},{"@type":"BreadcrumbList","@id":"https:\/\/swimlane.com\/fr\/legal\/dsar\/#breadcrumb","itemListElement":[{"@type":"ListItem","position":1,"name":"Home","item":"https:\/\/swimlane.com\/"},{"@type":"ListItem","position":2,"name":"Legal\/DSAR"}]},{"@type":"WebSite","@id":"https:\/\/swimlane.com\/fr\/#website","url":"https:\/\/swimlane.com\/fr\/","name":"Plateforme d&#039;automatisation de la s\u00e9curit\u00e9 low-code et SOAR | Swimlane","description":"Automatisation par IA agentique pour chaque fonction de s\u00e9curit\u00e9","publisher":{"@id":"https:\/\/swimlane.com\/fr\/#organization"},"potentialAction":[{"@type":"SearchAction","target":{"@type":"EntryPoint","urlTemplate":"https:\/\/swimlane.com\/fr\/?s={search_term_string}"},"query-input":{"@type":"PropertyValueSpecification","valueRequired":true,"valueName":"search_term_string"}}],"inLanguage":"fr-FR"},{"@type":"Organization","@id":"https:\/\/swimlane.com\/fr\/#organization","name":"Plateforme d&#039;automatisation de la s\u00e9curit\u00e9 low-code et SOAR | Swimlane","url":"https:\/\/swimlane.com\/fr\/","logo":{"@type":"ImageObject","inLanguage":"fr-FR","@id":"https:\/\/swimlane.com\/fr\/#\/schema\/logo\/image\/","url":"https:\/\/swimlane.com\/wp-content\/uploads\/sw-inline-logo-color-white.svg","contentUrl":"https:\/\/swimlane.com\/wp-content\/uploads\/sw-inline-logo-color-white.svg","width":912,"height":190,"caption":"Low-Code Security Automation & SOAR Platform | Swimlane"},"image":{"@id":"https:\/\/swimlane.com\/fr\/#\/schema\/logo\/image\/"},"sameAs":["https:\/\/x.com\/swimlane","https:\/\/www.linkedin.com\/company\/swimlane\/"]}]}},"publishpress_future_action":{"enabled":false,"date":"2026-05-06 21:12:46","action":"change-status","newStatus":"draft","terms":[],"taxonomy":"","extraData":[]},"publishpress_future_workflow_manual_trigger":{"enabledWorkflows":[]},"_links":{"self":[{"href":"https:\/\/swimlane.com\/fr\/wp-json\/wp\/v2\/pages\/29146","targetHints":{"allow":["GET"]}}],"collection":[{"href":"https:\/\/swimlane.com\/fr\/wp-json\/wp\/v2\/pages"}],"about":[{"href":"https:\/\/swimlane.com\/fr\/wp-json\/wp\/v2\/types\/page"}],"author":[{"embeddable":true,"href":"https:\/\/swimlane.com\/fr\/wp-json\/wp\/v2\/users\/43"}],"replies":[{"embeddable":true,"href":"https:\/\/swimlane.com\/fr\/wp-json\/wp\/v2\/comments?post=29146"}],"version-history":[{"count":0,"href":"https:\/\/swimlane.com\/fr\/wp-json\/wp\/v2\/pages\/29146\/revisions"}],"wp:attachment":[{"href":"https:\/\/swimlane.com\/fr\/wp-json\/wp\/v2\/media?parent=29146"}],"curies":[{"name":"wp","href":"https:\/\/api.w.org\/{rel}","templated":true}]}}