{"id":33744,"date":"2023-11-06T22:33:19","date_gmt":"2023-11-07T05:33:19","guid":{"rendered":"https:\/\/swimlane.com\/?page_id=33744"},"modified":"2026-03-09T06:51:55","modified_gmt":"2026-03-09T12:51:55","slug":"iframe","status":"publish","type":"page","link":"https:\/\/swimlane.com\/fr\/iframe\/","title":{"rendered":"iframe"},"content":{"rendered":"\n\n\n<section class=\"bs-section bs-section-2155d06be2eb598c3a7abe278222dee8f0c94814 bs-section---default bs-section--home-resources bs-section--background-transition-helper bs-section--home-pp bs-section--home-resources-to-help  \"><div class=\"container\">\n<div class=\"bs-row row   bs-row---default\">\n<div class=\" bs-column col-sm-9   bs-column-892b12601b4dc78044ce14f491f5352f67d711c0 bs-column---default     \">\n<h2 class=\"wp-block-heading\" id=\"h-what-s-new\">What&#8217;s New<\/h2>\n<\/div>\n\n\n\n<div class=\" bs-column col-sm-3   bs-column-b456bf8f80591ae737e53c37a0581a176bf8c406 bs-column---default d-flex align-items-center justify-content-end    \">\n<span class=\"bs-pro-button bs-pro-button---default bs-pro-button--primary-with-arrow bs-pro-button-p-btn-6c66537bcd48cc401b629dc5ddab0e088548593e\"><style>.bs-pro-button-p-btn-6c66537bcd48cc401b629dc5ddab0e088548593e .bs-pro-button__container {background-color: #abb8c3; color: #000000;}<\/style><a href=\"https:\/\/swimlane.com\/resources\/\" target=\"\" rel=\"noopener noreferrer\" class=\"bs-pro-button__container\">View All Resources<\/a><\/span>\n<\/div>\n<\/div>\n\n\n\n<div class=\"bs-row row   bs-row---default\">\n<div class=\" bs-column col-sm-12   bs-column-601afe1d46256d3b13b7ac6679644286e4c6669e bs-column---default     \">\t<div id=\"slider-e9d94a893d72e18d2ee4bf6ae809510dd73c7baf\"\n\t\tclass=\"bs-slider bs-slider---default\">\n\t\t<div id=\"slider-e9d94a893d72e18d2ee4bf6ae809510dd73c7baf-content\" class=\"slick-slider\"\n\t\t\tdata-slick='{\"responsive\":[{\"breakpoint\":9999,\"settings\":{\"slidesToShow\":3,\"slidesToScroll\":1,\"arrows\":true,\"dots\":false,\"infinite\":false,\"autoplay\":false,\"draggable\":true,\"swipe\":true,\"autoplaySpeed\":3000,\"initialSlide\":0,\"speed\":300,\"fade\":false,\"variableWidth\":false,\"adaptiveHeight\":false,\"focusOnSelect\":false,\"centerMode\":false,\"centerPadding\":\"50px\",\"lazyLoad\":\"progressive\",\"unslick\":false}},{\"breakpoint\":576,\"settings\":\"unslick\"},{\"breakpoint\":992,\"settings\":\"unslick\"},{\"breakpoint\":1200,\"settings\":{\"slidesToShow\":3,\"slidesToScroll\":1,\"arrows\":true,\"dots\":false,\"infinite\":false,\"autoplay\":false,\"draggable\":true,\"swipe\":true,\"autoplaySpeed\":3000,\"initialSlide\":0,\"speed\":300,\"fade\":false,\"variableWidth\":false,\"adaptiveHeight\":false,\"focusOnSelect\":false,\"centerMode\":false,\"centerPadding\":\"50px\",\"lazyLoad\":\"progressive\",\"unslick\":false}}]}'\n\t\t\tdata-unslick-mobile data-unslick-tablet\n\t\t>\t\t\t<div class=\"slick-slide-wrapper\" >\n\t\t\t\t\n\n<div class=\"bs-row row   bs-row---default\">\n<div class=\" bs-column col-sm-0 col-lg-12   bs-column-b4c3d2ad72c089ef604d1455d642fb1a50d13f45 bs-column---default     \">\t\t\t\t\t<div class=\"bs-post bs-post-69d00699ae6cf bs-single-post---default bs-single-post--home-resources enable\" >\n\t\t\t<a class=\"bs-post__trigger\" href='https:\/\/swimlane.com\/fr\/news\/swimlane-and-dragos-partner-to-extend-protection-for-ot-infrastructure-with-automation\/' target='_self'>\t\t\t<div class=\"bs-post__inner\">\n\t\t\t\t<div class='bs-post__image'>\n                            <figure class='figure'>\n                                <img src='https:\/\/swimlane.com\/wp-content\/uploads\/OG-Dragos-Press.png' class='img-fluid' alt='' title='OG Dragos Press'   \/>\n                                <figcaption class='figure-caption'><\/figcaption>\n                            <\/figure>\n                        <\/div><div class=\"bs-post__details\">    <div class=\"bs-post__title\">\n        <h3>Swimlane and Dragos Partner to Extend Protection for OT Infrastructure with Automation<\/h3>\n    <\/div>\n<div class=\"bs-post__learn-more\">\n    <span class='btn learn-more-text bs-post__learn-more-text'>Read More<\/span><\/div>\n<\/div>\t\t\t<\/div>\n\t\t\t<\/a>\t\t<\/div>\n\t<\/div>\n<\/div>\n\n\n\t\t\t<\/div>\t\t\t<div class=\"slick-slide-wrapper\" >\n\t\t\t\t\n\n<div class=\"bs-row row   bs-row---default\">\n<div class=\" bs-column col-sm-0 col-lg-12   bs-column-b4c3d2ad72c089ef604d1455d642fb1a50d13f45 bs-column---default     \">\t\t\t\t\t<div class=\"bs-post bs-post-69d00699aee60 bs-single-post---default bs-single-post--home-resources enable\" >\n\t\t\t<a class=\"bs-post__trigger\" href='https:\/\/swimlane.com\/fr\/news\/data-quadrant-report-ranks-swimlane-undisputed-leader-in-security-automation\/' target='_self'>\t\t\t<div class=\"bs-post__inner\">\n\t\t\t\t<div class='bs-post__image'>\n                            <figure class='figure'>\n                                <img src='https:\/\/swimlane.com\/wp-content\/uploads\/Quadrant_Solutions_2024_ST.png' class='img-fluid' alt='' title='Quadrant_Solutions_2024_ST'   \/>\n                                <figcaption class='figure-caption'><\/figcaption>\n                            <\/figure>\n                        <\/div><div class=\"bs-post__details\">    <div class=\"bs-post__title\">\n        <h3>Data Quadrant Report Ranks Swimlane Undisputed Leader in Security Automation<\/h3>\n    <\/div>\n<div class=\"bs-post__learn-more\">\n    <span class='btn learn-more-text bs-post__learn-more-text'>Read More<\/span><\/div>\n<\/div>\t\t\t<\/div>\n\t\t\t<\/a>\t\t<\/div>\n\t<\/div>\n<\/div>\n\n\n\t\t\t<\/div>\t\t\t<div class=\"slick-slide-wrapper\" >\n\t\t\t\t\n\n<div class=\"bs-row row   bs-row---default\">\n<div class=\" bs-column col-sm-0 col-lg-12   bs-column-b4c3d2ad72c089ef604d1455d642fb1a50d13f45 bs-column---default     \">\t\t\t\t\t<div class=\"bs-post bs-post-69d00699af57e bs-single-post---default bs-single-post--home-resources enable\" >\n\t\t\t<a class=\"bs-post__trigger\" href='https:\/\/swimlane.com\/fr\/news\/ntt-data-selects-swimlane-as-global-partner-for-security-automation\/' target='_self'>\t\t\t<div class=\"bs-post__inner\">\n\t\t\t\t<div class='bs-post__image'>\n                            <figure class='figure'>\n                                <img src='https:\/\/swimlane.com\/wp-content\/uploads\/NTT_OG_RRR.png' class='img-fluid' alt='' title='NTT_OG_RRR'   \/>\n                                <figcaption class='figure-caption'><\/figcaption>\n                            <\/figure>\n                        <\/div><div class=\"bs-post__details\">    <div class=\"bs-post__title\">\n        <h3>NTT DATA Selects Swimlane as Global Partner for Security Automation<\/h3>\n    <\/div>\n<div class=\"bs-post__learn-more\">\n    <span class='btn learn-more-text bs-post__learn-more-text'>Read More<\/span><\/div>\n<\/div>\t\t\t<\/div>\n\t\t\t<\/a>\t\t<\/div>\n\t<\/div>\n<\/div>\n\n\n\t\t\t<\/div>\t\t\t<div class=\"slick-slide-wrapper\" >\n\t\t\t\t\n\n<div class=\"bs-row row   bs-row---default\">\n<div class=\" bs-column col-sm-0 col-lg-12   bs-column-b4c3d2ad72c089ef604d1455d642fb1a50d13f45 bs-column---default     \">\t\t\t\t\t<div class=\"bs-post bs-post-69d00699afd61 bs-single-post---default bs-single-post--home-resources enable\" >\n\t\t\t<a class=\"bs-post__trigger\" href='https:\/\/swimlane.com\/fr\/blog\/11-time-saving-tricks-to-try-with-swimlane-chatbot-for-slack\/' target='_self'>\t\t\t<div class=\"bs-post__inner\">\n\t\t\t\t<div class='bs-post__image'>\n                            <figure class='figure'>\n                                <img src='https:\/\/swimlane.com\/wp-content\/uploads\/SwimmyMastHead.png' class='img-fluid' alt='' title='1' loading=\"lazy\"  \/>\n                                <figcaption class='figure-caption'><\/figcaption>\n                            <\/figure>\n                        <\/div><div class=\"bs-post__details\">    <div class=\"bs-post__category bs-post-taxonomy_resource-type\">\n        <span>Blog<\/span>    <\/div>\n    <div class=\"bs-post__title\">\n        <h3>11 time saving tricks to try with Swimlane ChatBot for Slack<\/h3>\n    <\/div>\n<div class=\"bs-post__learn-more\">\n    <span class='btn learn-more-text bs-post__learn-more-text'>Read More<\/span><\/div>\n<\/div>\t\t\t<\/div>\n\t\t\t<\/a>\t\t<\/div>\n\t<\/div>\n<\/div>\n\n\n\t\t\t<\/div>\t\t\t<div class=\"slick-slide-wrapper\" >\n\t\t\t\t\n\n<div class=\"bs-row row   bs-row---default\">\n<div class=\" bs-column col-sm-0 col-lg-12   bs-column-b4c3d2ad72c089ef604d1455d642fb1a50d13f45 bs-column---default     \">\t\t\t\t\t<div class=\"bs-post bs-post-69d00699b04f7 bs-single-post---default bs-single-post--home-resources enable\" >\n\t\t\t<a class=\"bs-post__trigger\" href='https:\/\/swimlane.com\/fr\/blog\/automating-dfir-with-soar\/' target='_self'>\t\t\t<div class=\"bs-post__inner\">\n\t\t\t\t<div class='bs-post__image'>\n                            <figure class='figure'>\n                                <img src='https:\/\/swimlane.com\/wp-content\/uploads\/DFIR-1.png' class='img-fluid' alt='' title='1' loading=\"lazy\"  \/>\n                                <figcaption class='figure-caption'><\/figcaption>\n                            <\/figure>\n                        <\/div><div class=\"bs-post__details\">    <div class=\"bs-post__category bs-post-taxonomy_resource-type\">\n        <span>Blog<\/span>    <\/div>\n    <div class=\"bs-post__title\">\n        <h3>Everything You Need to Know About Automating DFIR<\/h3>\n    <\/div>\n<div class=\"bs-post__learn-more\">\n    <span class='btn learn-more-text bs-post__learn-more-text'>Read More<\/span><\/div>\n<\/div>\t\t\t<\/div>\n\t\t\t<\/a>\t\t<\/div>\n\t<\/div>\n<\/div>\n\n\n\t\t\t<\/div>\t\t\t<div class=\"slick-slide-wrapper\" >\n\t\t\t\t\n\n<div class=\"bs-row row   bs-row---default\">\n<div class=\" bs-column col-sm-0 col-lg-12   bs-column-b4c3d2ad72c089ef604d1455d642fb1a50d13f45 bs-column---default     \">\t\t\t\t\t<div class=\"bs-post bs-post-69d00699b0b3a bs-single-post---default bs-single-post--home-resources enable\" >\n\t\t\t<a class=\"bs-post__trigger\" href='https:\/\/swimlane.com\/fr\/blog\/vulnerability-and-patch-management\/' target='_self'>\t\t\t<div class=\"bs-post__inner\">\n\t\t\t\t<div class='bs-post__image'>\n                            <figure class='figure'>\n                                <img src='https:\/\/swimlane.com\/wp-content\/uploads\/Vulnerability-Management-vs.-Patch-Management-Explained-Masthead.webp' class='img-fluid' alt='' title='Vulnerability Management vs. Patch Management Explained-Masthead'   \/>\n                                <figcaption class='figure-caption'><\/figcaption>\n                            <\/figure>\n                        <\/div><div class=\"bs-post__details\">    <div class=\"bs-post__category bs-post-taxonomy_resource-type\">\n        <span>Blog<\/span>    <\/div>\n    <div class=\"bs-post__title\">\n        <h3>Vulnerability Management vs. Patch Management Explained<\/h3>\n    <\/div>\n<div class=\"bs-post__learn-more\">\n    <span class='btn learn-more-text bs-post__learn-more-text'>Read More<\/span><\/div>\n<\/div>\t\t\t<\/div>\n\t\t\t<\/a>\t\t<\/div>\n\t<\/div>\n<\/div>\n\n\n\t\t\t<\/div>\t\t<\/div>\n\t<\/div><\/div>\n<\/div>\n<\/div><\/section>\n\n\n\n\n","protected":false},"excerpt":{"rendered":"","protected":false},"author":58,"featured_media":0,"parent":0,"menu_order":0,"comment_status":"closed","ping_status":"closed","template":"iframe-page.php","meta":{"_acf_changed":false,"show_custom_date":false,"custom_date":"","featured":false,"featured_image":0,"learn_more_label":"","image_alt_text":"","learn_more_type":"","learn_more_link":[],"show_popup":false,"disable_iframe":false,"enable_lazy_loading":false,"learn_more_link_file":0,"event_date":false,"event_start_date":"","event_end_date":"","featured_page_list":[],"_relevanssi_hide_post":"","_relevanssi_hide_content":"","_relevanssi_pin_for_all":"","_relevanssi_pin_keywords":"","_relevanssi_unpin_keywords":"","_relevanssi_related_keywords":"","_relevanssi_related_include_ids":"","_relevanssi_related_exclude_ids":"","_relevanssi_related_no_append":"","_relevanssi_related_not_related":"","_relevanssi_related_posts":"","_relevanssi_noindex_reason":"Yoast SEO Relevanssi index exclude","inline_featured_image":false,"footnotes":""},"class_list":["post-33744","page","type-page","status-publish","hentry"],"acf":[],"yoast_head":"<!-- This site is optimized with the Yoast SEO Premium plugin v22.5 (Yoast SEO v27.1.1) - https:\/\/yoast.com\/product\/yoast-seo-premium-wordpress\/ -->\n<title>Iframe - AI Security Automation<\/title>\n<meta name=\"description\" content=\"Swimlane is the largest and fastest-growing pure-play security automation company. Our platform is trusted by major organizations world-wide.\" \/>\n<meta name=\"robots\" content=\"noindex, nofollow\" \/>\n<meta property=\"og:locale\" content=\"fr_FR\" \/>\n<meta property=\"og:type\" content=\"article\" \/>\n<meta property=\"og:title\" content=\"Iframe\" \/>\n<meta property=\"og:description\" content=\"Swimlane is the largest and fastest-growing pure-play security automation company. Our platform is trusted by major organizations world-wide.\" \/>\n<meta property=\"og:url\" content=\"https:\/\/swimlane.com\/fr\/iframe\/\" \/>\n<meta property=\"og:site_name\" content=\"AI Security Automation\" \/>\n<meta property=\"article:modified_time\" content=\"2026-03-09T12:51:55+00:00\" \/>\n<meta property=\"og:image\" content=\"https:\/\/swimlane.com\/wp-content\/uploads\/Sitewide-OG.png\" \/>\n\t<meta property=\"og:image:width\" content=\"1200\" \/>\n\t<meta property=\"og:image:height\" content=\"630\" \/>\n\t<meta property=\"og:image:type\" content=\"image\/png\" \/>\n<meta name=\"twitter:card\" content=\"summary_large_image\" \/>\n<meta name=\"twitter:site\" content=\"@swimlane\" \/>\n<meta name=\"twitter:label1\" content=\"Est. reading time\" \/>\n\t<meta name=\"twitter:data1\" content=\"1 minute\" \/>\n<script type=\"application\/ld+json\" class=\"yoast-schema-graph\">{\"@context\":\"https:\/\/schema.org\",\"@graph\":[{\"@type\":\"WebPage\",\"@id\":\"https:\/\/swimlane.com\/fr\/iframe\/\",\"url\":\"https:\/\/swimlane.com\/fr\/iframe\/\",\"name\":\"Iframe - AI Security Automation\",\"isPartOf\":{\"@id\":\"https:\/\/swimlane.com\/fr\/#website\"},\"datePublished\":\"2023-11-07T05:33:19+00:00\",\"dateModified\":\"2026-03-09T12:51:55+00:00\",\"description\":\"Swimlane is the largest and fastest-growing pure-play security automation company. Our platform is trusted by major organizations world-wide.\",\"breadcrumb\":{\"@id\":\"https:\/\/swimlane.com\/fr\/iframe\/#breadcrumb\"},\"inLanguage\":\"fr-FR\",\"potentialAction\":[{\"@type\":\"ReadAction\",\"target\":[\"https:\/\/swimlane.com\/fr\/iframe\/\"]}]},{\"@type\":\"BreadcrumbList\",\"@id\":\"https:\/\/swimlane.com\/fr\/iframe\/#breadcrumb\",\"itemListElement\":[{\"@type\":\"ListItem\",\"position\":1,\"name\":\"Home\",\"item\":\"https:\/\/swimlane.com\/\"},{\"@type\":\"ListItem\",\"position\":2,\"name\":\"Iframe\"}]},{\"@type\":\"WebSite\",\"@id\":\"https:\/\/swimlane.com\/fr\/#website\",\"url\":\"https:\/\/swimlane.com\/fr\/\",\"name\":\"Low-Code Security Automation & SOAR Platform | Swimlane\",\"description\":\"Agentic AI automation for every security function\",\"publisher\":{\"@id\":\"https:\/\/swimlane.com\/fr\/#organization\"},\"potentialAction\":[{\"@type\":\"SearchAction\",\"target\":{\"@type\":\"EntryPoint\",\"urlTemplate\":\"https:\/\/swimlane.com\/fr\/?s={search_term_string}\"},\"query-input\":{\"@type\":\"PropertyValueSpecification\",\"valueRequired\":true,\"valueName\":\"search_term_string\"}}],\"inLanguage\":\"fr-FR\"},{\"@type\":\"Organization\",\"@id\":\"https:\/\/swimlane.com\/fr\/#organization\",\"name\":\"Low-Code Security Automation & SOAR Platform | Swimlane\",\"url\":\"https:\/\/swimlane.com\/fr\/\",\"logo\":{\"@type\":\"ImageObject\",\"inLanguage\":\"fr-FR\",\"@id\":\"https:\/\/swimlane.com\/fr\/#\/schema\/logo\/image\/\",\"url\":\"https:\/\/swimlane.com\/wp-content\/uploads\/sw-inline-logo-color-white.svg\",\"contentUrl\":\"https:\/\/swimlane.com\/wp-content\/uploads\/sw-inline-logo-color-white.svg\",\"width\":912,\"height\":190,\"caption\":\"Low-Code Security Automation & SOAR Platform | Swimlane\"},\"image\":{\"@id\":\"https:\/\/swimlane.com\/fr\/#\/schema\/logo\/image\/\"},\"sameAs\":[\"https:\/\/x.com\/swimlane\",\"https:\/\/www.linkedin.com\/company\/swimlane\/\"]}]}<\/script>\n<!-- \/ Yoast SEO Premium plugin. -->","yoast_head_json":{"title":"Iframe - Automatisation de la s\u00e9curit\u00e9 par IA","description":"Swimlane est la plus grande et la plus dynamique des entreprises sp\u00e9cialis\u00e9es dans l&#039;automatisation de la s\u00e9curit\u00e9. Notre plateforme est utilis\u00e9e par de grandes organisations \u00e0 travers le monde.","robots":{"index":"noindex","follow":"nofollow"},"og_locale":"fr_FR","og_type":"article","og_title":"Iframe","og_description":"Swimlane is the largest and fastest-growing pure-play security automation company. Our platform is trusted by major organizations world-wide.","og_url":"https:\/\/swimlane.com\/fr\/iframe\/","og_site_name":"AI Security Automation","article_modified_time":"2026-03-09T12:51:55+00:00","og_image":[{"width":1200,"height":630,"url":"https:\/\/swimlane.com\/wp-content\/uploads\/Sitewide-OG.png","type":"image\/png"}],"twitter_card":"summary_large_image","twitter_site":"@swimlane","twitter_misc":{"Est. reading time":"1 minute"},"schema":{"@context":"https:\/\/schema.org","@graph":[{"@type":"WebPage","@id":"https:\/\/swimlane.com\/fr\/iframe\/","url":"https:\/\/swimlane.com\/fr\/iframe\/","name":"Iframe - Automatisation de la s\u00e9curit\u00e9 par IA","isPartOf":{"@id":"https:\/\/swimlane.com\/fr\/#website"},"datePublished":"2023-11-07T05:33:19+00:00","dateModified":"2026-03-09T12:51:55+00:00","description":"Swimlane est la plus grande et la plus dynamique des entreprises sp\u00e9cialis\u00e9es dans l&#039;automatisation de la s\u00e9curit\u00e9. Notre plateforme est utilis\u00e9e par de grandes organisations \u00e0 travers le monde.","breadcrumb":{"@id":"https:\/\/swimlane.com\/fr\/iframe\/#breadcrumb"},"inLanguage":"fr-FR","potentialAction":[{"@type":"ReadAction","target":["https:\/\/swimlane.com\/fr\/iframe\/"]}]},{"@type":"BreadcrumbList","@id":"https:\/\/swimlane.com\/fr\/iframe\/#breadcrumb","itemListElement":[{"@type":"ListItem","position":1,"name":"Home","item":"https:\/\/swimlane.com\/"},{"@type":"ListItem","position":2,"name":"Iframe"}]},{"@type":"WebSite","@id":"https:\/\/swimlane.com\/fr\/#website","url":"https:\/\/swimlane.com\/fr\/","name":"Plateforme d&#039;automatisation de la s\u00e9curit\u00e9 low-code et SOAR | Swimlane","description":"Automatisation par IA agentique pour chaque fonction de s\u00e9curit\u00e9","publisher":{"@id":"https:\/\/swimlane.com\/fr\/#organization"},"potentialAction":[{"@type":"SearchAction","target":{"@type":"EntryPoint","urlTemplate":"https:\/\/swimlane.com\/fr\/?s={search_term_string}"},"query-input":{"@type":"PropertyValueSpecification","valueRequired":true,"valueName":"search_term_string"}}],"inLanguage":"fr-FR"},{"@type":"Organization","@id":"https:\/\/swimlane.com\/fr\/#organization","name":"Plateforme d&#039;automatisation de la s\u00e9curit\u00e9 low-code et SOAR | Swimlane","url":"https:\/\/swimlane.com\/fr\/","logo":{"@type":"ImageObject","inLanguage":"fr-FR","@id":"https:\/\/swimlane.com\/fr\/#\/schema\/logo\/image\/","url":"https:\/\/swimlane.com\/wp-content\/uploads\/sw-inline-logo-color-white.svg","contentUrl":"https:\/\/swimlane.com\/wp-content\/uploads\/sw-inline-logo-color-white.svg","width":912,"height":190,"caption":"Low-Code Security Automation & SOAR Platform | Swimlane"},"image":{"@id":"https:\/\/swimlane.com\/fr\/#\/schema\/logo\/image\/"},"sameAs":["https:\/\/x.com\/swimlane","https:\/\/www.linkedin.com\/company\/swimlane\/"]}]}},"publishpress_future_action":{"enabled":false,"date":"2026-04-10 12:27:37","action":"change-status","newStatus":"draft","terms":[],"taxonomy":"","extraData":[]},"publishpress_future_workflow_manual_trigger":{"enabledWorkflows":[]},"_links":{"self":[{"href":"https:\/\/swimlane.com\/fr\/wp-json\/wp\/v2\/pages\/33744","targetHints":{"allow":["GET"]}}],"collection":[{"href":"https:\/\/swimlane.com\/fr\/wp-json\/wp\/v2\/pages"}],"about":[{"href":"https:\/\/swimlane.com\/fr\/wp-json\/wp\/v2\/types\/page"}],"author":[{"embeddable":true,"href":"https:\/\/swimlane.com\/fr\/wp-json\/wp\/v2\/users\/58"}],"replies":[{"embeddable":true,"href":"https:\/\/swimlane.com\/fr\/wp-json\/wp\/v2\/comments?post=33744"}],"version-history":[{"count":3,"href":"https:\/\/swimlane.com\/fr\/wp-json\/wp\/v2\/pages\/33744\/revisions"}],"predecessor-version":[{"id":54854,"href":"https:\/\/swimlane.com\/fr\/wp-json\/wp\/v2\/pages\/33744\/revisions\/54854"}],"wp:attachment":[{"href":"https:\/\/swimlane.com\/fr\/wp-json\/wp\/v2\/media?parent=33744"}],"curies":[{"name":"wp","href":"https:\/\/api.w.org\/{rel}","templated":true}]}}