{"id":50008,"date":"2025-08-25T11:08:38","date_gmt":"2025-08-25T17:08:38","guid":{"rendered":"https:\/\/swimlane.com\/?page_id=50008"},"modified":"2025-08-25T11:54:23","modified_gmt":"2025-08-25T17:54:23","slug":"a-letter-from-cody-2","status":"publish","type":"page","link":"https:\/\/swimlane.com\/fr\/a-letter-from-cody\/","title":{"rendered":"Lettre de Cody Cornell, PDG de Swimlane"},"content":{"rendered":"<section class=\"bs-section bs-section-e7edff6f6cb1c872eb057d7076f455488977370f bs-section---default bs-section--common-banner-type-one\"><style>.bs-section.bs-section-e7edff6f6cb1c872eb057d7076f455488977370f{ background-color: #000743;} <\/style><div class=\"container\">\n<div class=\"bs-row row   bs-row---default\">\n<div class=\"bs-column col-sm-12 col-xl-10   bs-column-a86c916056090f1ae723185e54d12fa9a9acfed4 bs-column---default\">\n<h1 class=\"wp-block-heading has-white-color has-text-color\" id=\"h-a-letter-from-cody-cornell-swimlane-ceo\">Lettre de Cody Cornell, PDG de Swimlane<\/h1>\n\n\n\n<p class=\"has-white-color has-text-color\">25 ao\u00fbt 2025<\/p>\n\n\n\n\n<div class=\"bs-lottie-animator bs-lottie-animator---default\" id=\"lottie-d1a0eeb6-6458-4680-8a97-c1811ecc64cf\" data-settings=\"{&quot;desktop&quot;:{&quot;settings&quot;:{&quot;animateViewPort&quot;:1,&quot;direction&quot;:1,&quot;delay&quot;:0,&quot;loop&quot;:false,&quot;fileName&quot;:&quot;Resource_lines-3.json&quot;,&quot;mouseOutAction&quot;:&quot;none&quot;,&quot;numberOfLoops&quot;:0,&quot;playSpeed&quot;:1,&quot;path&quot;:&quot;https:\\\/\\\/swimlane.com\\\/wp-content\\\/uploads\\\/Resource_lines-3.json&quot;,&quot;scrollRelativeTo&quot;:&quot;withinSection&quot;,&quot;trigger&quot;:false,&quot;triggerMethod&quot;:&quot;pageHover&quot;,&quot;oneTimePlay&quot;:true}},&quot;mobile&quot;:{&quot;breakpoint&quot;:576,&quot;settings&quot;:{&quot;animateViewPort&quot;:1,&quot;direction&quot;:1,&quot;delay&quot;:0,&quot;loop&quot;:false,&quot;fileName&quot;:&quot;Resource_lines_mobile_no-loop.json&quot;,&quot;mouseOutAction&quot;:&quot;none&quot;,&quot;numberOfLoops&quot;:0,&quot;playSpeed&quot;:1,&quot;path&quot;:&quot;https:\\\/\\\/swimlane.com\\\/wp-content\\\/uploads\\\/2022\\\/12\\\/Resource_lines_mobile_no-loop.json&quot;,&quot;scrollRelativeTo&quot;:&quot;withinSection&quot;,&quot;trigger&quot;:false,&quot;triggerMethod&quot;:&quot;pageHover&quot;,&quot;oneTimePlay&quot;:true}}}\"><\/div><\/div>\n<\/div>\n<\/div><\/section>\n\n\n\n<section class=\"bs-section bs-section-748a0e3c2cd4f222d16f53884efe445e730c0dc9 bs-section---default bs-section--common-slider-view-on-right bs-section--platform-how-adp-works bs-section--capabilities-active-data-processing bs-section--common-swimlane-security\"><div class=\"container\">\n<div class=\"bs-row row   bs-row---default\">\n<div class=\"bs-column col-sm-12   bs-column-5f6574ebb29ac8d58ab608d2aff5b1bbe4f96332 bs-column---default\">\n<p>En tant que fondateur, reprendre les r\u00eanes de l&#039;entreprise est une perspective enthousiasmante. Je connais nos atouts et nos axes d&#039;am\u00e9lioration. Le moment est id\u00e9al, avec l&#039;adoption rapide de l&#039;IA, et je suis ravi d&#039;\u00eatre au c\u0153ur de notre transformation technologique d\u00e9j\u00e0 en cours. C&#039;est un moment exaltant pour moi de me concentrer pleinement sur l&#039;accompagnement de nos clients dans leur transition vers l&#039;IA et l&#039;automatisation.&nbsp;<\/p>\n\n\n\n<p>Depuis dix ans, Swimlane poursuit un objectif unique\u00a0: simplifier le quotidien des \u00e9quipes de s\u00e9curit\u00e9. Nous avons toujours \u00e9t\u00e9 convaincus que l\u2019automatisation est la cl\u00e9 pour r\u00e9soudre le chaos des op\u00e9rations de s\u00e9curit\u00e9 modernes. Avec la convergence de l\u2019automatisation et de l\u2019IA agentielle, cette conviction est plus forte que jamais. Le secteur de la cybers\u00e9curit\u00e9 est confront\u00e9 \u00e0 un volume consid\u00e9rable de donn\u00e9es, d\u2019alertes, d\u2019outils fragment\u00e9s, d\u2019attaques pilot\u00e9es par l\u2019IA et \u00e0 un cadre r\u00e9glementaire en constante \u00e9volution. Mais chaque d\u00e9fi est une opportunit\u00e9 de transformer nos m\u00e9thodes de travail.<\/p>\n\n\n\n<p>Notre r\u00e9cent <a href=\"https:\/\/swimlane.com\/fr\/nouvelles\/rentabilite-de-swimlane-nouveau-financement\/\">Tour de table de financement de croissance de $45 millions<\/a> Il s&#039;agit de bien plus qu&#039;un simple investissement. C&#039;est une validation de notre vision. C&#039;est un signal fort du march\u00e9\u00a0: notre approche de l&#039;automatisation par IA agentielle est non seulement la bonne voie, mais aussi la voie gagnante. Ce capital n&#039;est pas destin\u00e9 \u00e0 maintenir le statu quo, mais \u00e0 nous aider \u00e0 b\u00e2tir un avenir nouveau.<\/p>\n\n\n\n<p>Je suis plus optimiste que jamais quant \u00e0 l&#039;avenir de Swimlane. Notre vision est de faire \u00e9voluer <a href=\"https:\/\/swimlane.com\/fr\/turbine-de-couloir-de-nage\/\">Plateforme de turbine<\/a> d&#039;\u00eatre la plateforme d&#039;automatisation SOC la plus \u00e9prouv\u00e9e au monde \u00e0 <em>le<\/em> plateforme sur laquelle s&#039;appuient les meilleures \u00e9quipes de s\u00e9curit\u00e9 pour l&#039;ensemble de leur organisation de s\u00e9curit\u00e9, du SOC \u00e0 la conformit\u00e9, en passant par la gestion des identit\u00e9s, des vuln\u00e9rabilit\u00e9s et bien plus encore. <a href=\"https:\/\/swimlane.com\/fr\/plate-forme\/ia\/\">H\u00e9ros IA <\/a>Elle transforme d\u00e9j\u00e0 la fa\u00e7on dont les \u00e9quipes envisagent l&#039;automatisation dans l&#039;ensemble de l&#039;organisation de s\u00e9curit\u00e9, et ce n&#039;est que le d\u00e9but.<\/p>\n\n\n\n<p>Imaginez un avenir o\u00f9 une \u00e9quipe dynamique d&#039;agents intelligents prend en charge chaque fonction de s\u00e9curit\u00e9. Ces agents peuvent raisonner, s&#039;adapter et agir de mani\u00e8re autonome, tout en \u00e9tant guid\u00e9s par un expert en s\u00e9curit\u00e9 et en b\u00e9n\u00e9ficiant des garde-fous de l&#039;automatisation.<\/p>\n\n\n\n<p>Chers clients, vous \u00eates la raison d&#039;\u00eatre de notre entreprise. Mon engagement envers vous demeure inchang\u00e9. Nous continuerons \u00e0 d\u00e9velopper une plateforme qui vous permette de relever les d\u00e9fis les plus complexes en mati\u00e8re de s\u00e9curit\u00e9, en d\u00e9veloppant et en responsabilisant vos \u00e9quipes.<\/p>\n\n\n\n<p>\u00c0 nos partenaires de confiance, vous \u00eates les catalyseurs de notre vision. Notre succ\u00e8s collectif est indissociable, et je suis ravi d&#039;approfondir nos collaborations tandis que nous lan\u00e7ons cette nouvelle \u00e8re de l&#039;IA agentielle sur le march\u00e9.<\/p>\n\n\n\n<p>\u00c0 vous tous, chers Swimlaners, nous avons parcouru un long chemin, et chaque avanc\u00e9e nous a permis d&#039;entrevoir plus clairement l&#039;avenir. Nous sommes aux premi\u00e8res loges pour assister \u00e0 l&#039;une des plus grandes transformations technologiques et s\u00e9curitaires. Je suis ravi de partager cette aventure avec vous. <\/p>\n\n\n\n<p><\/p>\n\n\n\n<p>Tourn\u00e9s vers l&#039;avenir,<\/p>\n\n\n\n<p><strong>Cody Cornell, cofondateur et PDG de Swimlane<\/strong><\/p>\n\n\n\n<div style=\"height:100px\" aria-hidden=\"true\" class=\"wp-block-spacer\"><\/div>\n<\/div>\n<\/div>\n\n\n\n\n\n<div class=\"bs-row row   bs-row---default\">\n<div class=\"bs-column col-sm-12   bs-column-5f6574ebb29ac8d58ab608d2aff5b1bbe4f96332 bs-column---default\">\n<div style=\"height:100px\" aria-hidden=\"true\" class=\"wp-block-spacer\"><\/div>\n<\/div>\n<\/div>\n<\/div><\/section>","protected":false},"excerpt":{"rendered":"","protected":false},"author":43,"featured_media":0,"parent":0,"menu_order":0,"comment_status":"closed","ping_status":"closed","template":"","meta":{"_acf_changed":false,"show_custom_date":false,"custom_date":"","featured":false,"featured_image":0,"learn_more_label":"","image_alt_text":"","learn_more_type":"","learn_more_link":[],"show_popup":false,"disable_iframe":false,"enable_lazy_loading":false,"learn_more_link_file":0,"event_date":false,"event_start_date":"","event_end_date":"","featured_page_list":[],"_relevanssi_hide_post":"on","_relevanssi_hide_content":"on","_relevanssi_pin_for_all":"","_relevanssi_pin_keywords":"","_relevanssi_unpin_keywords":"","_relevanssi_related_keywords":"","_relevanssi_related_include_ids":"","_relevanssi_related_exclude_ids":"","_relevanssi_related_no_append":"","_relevanssi_related_not_related":"","_relevanssi_related_posts":"","_relevanssi_noindex_reason":"Yoast SEO Relevanssi index exclude","inline_featured_image":false,"footnotes":""},"class_list":["post-50008","page","type-page","status-publish","hentry"],"acf":[],"yoast_head":"<!-- This site is optimized with the Yoast SEO Premium plugin v22.5 (Yoast SEO v27.1.1) - https:\/\/yoast.com\/product\/yoast-seo-premium-wordpress\/ -->\n<title>A letter from Cody Cornell, Swimlane CEO - AI Security Automation<\/title>\n<meta name=\"description\" content=\"Swimlane is the largest and fastest-growing pure-play security automation company. Our platform is trusted by major organizations world-wide.\" \/>\n<meta name=\"robots\" content=\"index, nofollow, max-snippet:-1, max-image-preview:large, max-video-preview:-1\" \/>\n<link rel=\"canonical\" href=\"https:\/\/swimlane.com\/fr\/une-lettre-de-cody\/\" \/>\n<meta property=\"og:locale\" content=\"fr_FR\" \/>\n<meta property=\"og:type\" content=\"article\" \/>\n<meta property=\"og:title\" content=\"A letter from Cody Cornell, Swimlane CEO\" \/>\n<meta property=\"og:description\" content=\"Swimlane is the largest and fastest-growing pure-play security automation company. Our platform is trusted by major organizations world-wide.\" \/>\n<meta property=\"og:url\" content=\"https:\/\/swimlane.com\/fr\/une-lettre-de-cody\/\" \/>\n<meta property=\"og:site_name\" content=\"AI Security Automation\" \/>\n<meta property=\"article:modified_time\" content=\"2025-08-25T17:54:23+00:00\" \/>\n<meta property=\"og:image\" content=\"https:\/\/swimlane.com\/wp-content\/uploads\/2022\/12\/team1.png\" \/>\n<meta name=\"twitter:card\" content=\"summary_large_image\" \/>\n<meta name=\"twitter:site\" content=\"@swimlane\" \/>\n<meta name=\"twitter:label1\" content=\"Est. reading time\" \/>\n\t<meta name=\"twitter:data1\" content=\"7 minutes\" \/>\n<script type=\"application\/ld+json\" class=\"yoast-schema-graph\">{\"@context\":\"https:\/\/schema.org\",\"@graph\":[{\"@type\":\"WebPage\",\"@id\":\"https:\/\/swimlane.com\/fr\/a-letter-from-cody\/\",\"url\":\"https:\/\/swimlane.com\/fr\/a-letter-from-cody\/\",\"name\":\"A letter from Cody Cornell, Swimlane CEO - AI Security Automation\",\"isPartOf\":{\"@id\":\"https:\/\/swimlane.com\/fr\/#website\"},\"primaryImageOfPage\":{\"@id\":\"https:\/\/swimlane.com\/fr\/a-letter-from-cody\/#primaryimage\"},\"image\":{\"@id\":\"https:\/\/swimlane.com\/fr\/a-letter-from-cody\/#primaryimage\"},\"thumbnailUrl\":\"https:\/\/swimlane.com\/wp-content\/uploads\/2022\/12\/team1.png\",\"datePublished\":\"2025-08-25T17:08:38+00:00\",\"dateModified\":\"2025-08-25T17:54:23+00:00\",\"description\":\"Swimlane is the largest and fastest-growing pure-play security automation company. Our platform is trusted by major organizations world-wide.\",\"breadcrumb\":{\"@id\":\"https:\/\/swimlane.com\/fr\/a-letter-from-cody\/#breadcrumb\"},\"inLanguage\":\"fr-FR\",\"potentialAction\":[{\"@type\":\"ReadAction\",\"target\":[\"https:\/\/swimlane.com\/fr\/a-letter-from-cody\/\"]}]},{\"@type\":\"ImageObject\",\"inLanguage\":\"fr-FR\",\"@id\":\"https:\/\/swimlane.com\/fr\/a-letter-from-cody\/#primaryimage\",\"url\":\"https:\/\/swimlane.com\/wp-content\/uploads\/2022\/12\/team1.png\",\"contentUrl\":\"https:\/\/swimlane.com\/wp-content\/uploads\/2022\/12\/team1.png\"},{\"@type\":\"BreadcrumbList\",\"@id\":\"https:\/\/swimlane.com\/fr\/a-letter-from-cody\/#breadcrumb\",\"itemListElement\":[{\"@type\":\"ListItem\",\"position\":1,\"name\":\"Home\",\"item\":\"https:\/\/swimlane.com\/\"},{\"@type\":\"ListItem\",\"position\":2,\"name\":\"A letter from Cody Cornell, Swimlane CEO\"}]},{\"@type\":\"WebSite\",\"@id\":\"https:\/\/swimlane.com\/fr\/#website\",\"url\":\"https:\/\/swimlane.com\/fr\/\",\"name\":\"Low-Code Security Automation & SOAR Platform | Swimlane\",\"description\":\"Agentic AI automation for every security function\",\"publisher\":{\"@id\":\"https:\/\/swimlane.com\/fr\/#organization\"},\"potentialAction\":[{\"@type\":\"SearchAction\",\"target\":{\"@type\":\"EntryPoint\",\"urlTemplate\":\"https:\/\/swimlane.com\/fr\/?s={search_term_string}\"},\"query-input\":{\"@type\":\"PropertyValueSpecification\",\"valueRequired\":true,\"valueName\":\"search_term_string\"}}],\"inLanguage\":\"fr-FR\"},{\"@type\":\"Organization\",\"@id\":\"https:\/\/swimlane.com\/fr\/#organization\",\"name\":\"Low-Code Security Automation & SOAR Platform | Swimlane\",\"url\":\"https:\/\/swimlane.com\/fr\/\",\"logo\":{\"@type\":\"ImageObject\",\"inLanguage\":\"fr-FR\",\"@id\":\"https:\/\/swimlane.com\/fr\/#\/schema\/logo\/image\/\",\"url\":\"https:\/\/swimlane.com\/wp-content\/uploads\/sw-inline-logo-color-white.svg\",\"contentUrl\":\"https:\/\/swimlane.com\/wp-content\/uploads\/sw-inline-logo-color-white.svg\",\"width\":912,\"height\":190,\"caption\":\"Low-Code Security Automation & SOAR Platform | Swimlane\"},\"image\":{\"@id\":\"https:\/\/swimlane.com\/fr\/#\/schema\/logo\/image\/\"},\"sameAs\":[\"https:\/\/x.com\/swimlane\",\"https:\/\/www.linkedin.com\/company\/swimlane\/\"]}]}<\/script>\n<!-- \/ Yoast SEO Premium plugin. -->","yoast_head_json":{"title":"Lettre de Cody Cornell, PDG de Swimlane \u2013 Automatisation de la s\u00e9curit\u00e9 par IA","description":"Swimlane est la plus grande et la plus dynamique des entreprises sp\u00e9cialis\u00e9es dans l&#039;automatisation de la s\u00e9curit\u00e9. Notre plateforme est utilis\u00e9e par de grandes organisations \u00e0 travers le monde.","robots":{"index":"index","follow":"nofollow","max-snippet":"max-snippet:-1","max-image-preview":"max-image-preview:large","max-video-preview":"max-video-preview:-1"},"canonical":"https:\/\/swimlane.com\/fr\/une-lettre-de-cody\/","og_locale":"fr_FR","og_type":"article","og_title":"A letter from Cody Cornell, Swimlane CEO","og_description":"Swimlane is the largest and fastest-growing pure-play security automation company. Our platform is trusted by major organizations world-wide.","og_url":"https:\/\/swimlane.com\/fr\/une-lettre-de-cody\/","og_site_name":"AI Security Automation","article_modified_time":"2025-08-25T17:54:23+00:00","og_image":[{"url":"https:\/\/swimlane.com\/wp-content\/uploads\/2022\/12\/team1.png","type":"","width":"","height":""}],"twitter_card":"summary_large_image","twitter_site":"@swimlane","twitter_misc":{"Est. reading time":"7 minutes"},"schema":{"@context":"https:\/\/schema.org","@graph":[{"@type":"WebPage","@id":"https:\/\/swimlane.com\/fr\/a-letter-from-cody\/","url":"https:\/\/swimlane.com\/fr\/a-letter-from-cody\/","name":"Lettre de Cody Cornell, PDG de Swimlane \u2013 Automatisation de la s\u00e9curit\u00e9 par IA","isPartOf":{"@id":"https:\/\/swimlane.com\/fr\/#website"},"primaryImageOfPage":{"@id":"https:\/\/swimlane.com\/fr\/a-letter-from-cody\/#primaryimage"},"image":{"@id":"https:\/\/swimlane.com\/fr\/a-letter-from-cody\/#primaryimage"},"thumbnailUrl":"https:\/\/swimlane.com\/wp-content\/uploads\/2022\/12\/team1.png","datePublished":"2025-08-25T17:08:38+00:00","dateModified":"2025-08-25T17:54:23+00:00","description":"Swimlane est la plus grande et la plus dynamique des entreprises sp\u00e9cialis\u00e9es dans l&#039;automatisation de la s\u00e9curit\u00e9. Notre plateforme est utilis\u00e9e par de grandes organisations \u00e0 travers le monde.","breadcrumb":{"@id":"https:\/\/swimlane.com\/fr\/a-letter-from-cody\/#breadcrumb"},"inLanguage":"fr-FR","potentialAction":[{"@type":"ReadAction","target":["https:\/\/swimlane.com\/fr\/a-letter-from-cody\/"]}]},{"@type":"ImageObject","inLanguage":"fr-FR","@id":"https:\/\/swimlane.com\/fr\/a-letter-from-cody\/#primaryimage","url":"https:\/\/swimlane.com\/wp-content\/uploads\/2022\/12\/team1.png","contentUrl":"https:\/\/swimlane.com\/wp-content\/uploads\/2022\/12\/team1.png"},{"@type":"BreadcrumbList","@id":"https:\/\/swimlane.com\/fr\/a-letter-from-cody\/#breadcrumb","itemListElement":[{"@type":"ListItem","position":1,"name":"Home","item":"https:\/\/swimlane.com\/"},{"@type":"ListItem","position":2,"name":"A letter from Cody Cornell, Swimlane CEO"}]},{"@type":"WebSite","@id":"https:\/\/swimlane.com\/fr\/#website","url":"https:\/\/swimlane.com\/fr\/","name":"Plateforme d&#039;automatisation de la s\u00e9curit\u00e9 low-code et SOAR | Swimlane","description":"Automatisation par IA agentique pour chaque fonction de s\u00e9curit\u00e9","publisher":{"@id":"https:\/\/swimlane.com\/fr\/#organization"},"potentialAction":[{"@type":"SearchAction","target":{"@type":"EntryPoint","urlTemplate":"https:\/\/swimlane.com\/fr\/?s={search_term_string}"},"query-input":{"@type":"PropertyValueSpecification","valueRequired":true,"valueName":"search_term_string"}}],"inLanguage":"fr-FR"},{"@type":"Organization","@id":"https:\/\/swimlane.com\/fr\/#organization","name":"Plateforme d&#039;automatisation de la s\u00e9curit\u00e9 low-code et SOAR | Swimlane","url":"https:\/\/swimlane.com\/fr\/","logo":{"@type":"ImageObject","inLanguage":"fr-FR","@id":"https:\/\/swimlane.com\/fr\/#\/schema\/logo\/image\/","url":"https:\/\/swimlane.com\/wp-content\/uploads\/sw-inline-logo-color-white.svg","contentUrl":"https:\/\/swimlane.com\/wp-content\/uploads\/sw-inline-logo-color-white.svg","width":912,"height":190,"caption":"Low-Code Security Automation & SOAR Platform | Swimlane"},"image":{"@id":"https:\/\/swimlane.com\/fr\/#\/schema\/logo\/image\/"},"sameAs":["https:\/\/x.com\/swimlane","https:\/\/www.linkedin.com\/company\/swimlane\/"]}]}},"publishpress_future_action":{"enabled":false,"date":"2026-04-15 06:27:28","action":"change-status","newStatus":"draft","terms":[],"taxonomy":"","extraData":[]},"publishpress_future_workflow_manual_trigger":{"enabledWorkflows":[]},"_links":{"self":[{"href":"https:\/\/swimlane.com\/fr\/wp-json\/wp\/v2\/pages\/50008","targetHints":{"allow":["GET"]}}],"collection":[{"href":"https:\/\/swimlane.com\/fr\/wp-json\/wp\/v2\/pages"}],"about":[{"href":"https:\/\/swimlane.com\/fr\/wp-json\/wp\/v2\/types\/page"}],"author":[{"embeddable":true,"href":"https:\/\/swimlane.com\/fr\/wp-json\/wp\/v2\/users\/43"}],"replies":[{"embeddable":true,"href":"https:\/\/swimlane.com\/fr\/wp-json\/wp\/v2\/comments?post=50008"}],"version-history":[{"count":0,"href":"https:\/\/swimlane.com\/fr\/wp-json\/wp\/v2\/pages\/50008\/revisions"}],"wp:attachment":[{"href":"https:\/\/swimlane.com\/fr\/wp-json\/wp\/v2\/media?parent=50008"}],"curies":[{"name":"wp","href":"https:\/\/api.w.org\/{rel}","templated":true}]}}