{"id":52776,"date":"2025-12-19T03:04:10","date_gmt":"2025-12-19T10:04:10","guid":{"rendered":"https:\/\/swimlane.com\/?page_id=52776"},"modified":"2025-12-19T03:16:27","modified_gmt":"2025-12-19T10:16:27","slug":"test-de-formulaire-global","status":"publish","type":"page","link":"https:\/\/swimlane.com\/fr\/global-form-testing\/","title":{"rendered":"Tests de formulaires globaux"},"content":{"rendered":"<section class=\"bs-section bs-section-120411dc849128968117f949e70497d3c8e766ba bs-section---default bs-section--common-form-sticky bs-section--common-marketo-form\"><div class=\"container\">\n<div class=\"bs-row row   bs-row---default\">\n<div class=\"bs-column col-sm-12   bs-column-49a43280e5de1e7f5b3f45a890c26124b5a68277 bs-column---default bs-column--contact-us-right\">\n<div class=\"bs-div bs-div-2e97af6cb73103c2a77ad3d0146f9045e143873d bs-div---default bs-div--form-wrapper\"><div class=\"bs-div__inner\">\n<h3 class=\"wp-block-heading\" id=\"h-get-in-touch\" style=\"font-size:34px\">Entrer en contact<\/h3>\n\n\n\n<p class=\"has-white-color has-text-color\"><\/p>\n\n\n<script src=\"\/\/pages.swimlane.com\/js\/forms2\/js\/forms2.min.js\"><\/script>\n<form id=\"mktoForm_1707\" action=\"\"><input type=\"hidden\" name=\"trp-form-language\" value=\"fr\"\/><\/form>\n<script>\n    var embeddedFormId = 'af01a2ba73dc90790db6a182638a68eea8441d04';\n    var marketoBaseUrl = '\/\/pages.swimlane.com';\n    var munchkinId = '978-QCM-390';\n    var formId = '1707';\n    var responseType = 'redirect';\n    var responseMessage = 'Thank you!';\n    var redirectURL = '';\n    var downloadFileURL = '';\n    var linkOpenType = '_self';\n    var popupVideo = 'url';\n    var popupVideoURL = '';\n    var popupVideoUploadURL = '';\n    MktoForms2.loadForm(marketoBaseUrl, munchkinId, formId, function(form) {\n        form.onSuccess(function(values, followUpUrl) {\n            document.getElementById(\"int_mktoForm_\" + formId).innerHTML = responseMessage;\n                    });\n    });\n<\/script>\n<div class=\"form-submit-note\" id=\"int_mktoForm_1707\"><\/div>\n<!-- Incluing form response options -->\n<\/div><\/div>\n<\/div>\n<\/div>\n<\/div><\/section>","protected":false},"excerpt":{"rendered":"","protected":false},"author":97,"featured_media":0,"parent":0,"menu_order":0,"comment_status":"closed","ping_status":"closed","template":"","meta":{"_acf_changed":false,"show_custom_date":false,"custom_date":"","featured":false,"featured_image":0,"learn_more_label":"","image_alt_text":"","learn_more_type":"","learn_more_link":[],"show_popup":false,"disable_iframe":false,"enable_lazy_loading":false,"learn_more_link_file":0,"event_date":false,"event_start_date":"","event_end_date":"","featured_page_list":[],"_relevanssi_hide_post":"","_relevanssi_hide_content":"","_relevanssi_pin_for_all":"","_relevanssi_pin_keywords":"","_relevanssi_unpin_keywords":"","_relevanssi_related_keywords":"","_relevanssi_related_include_ids":"","_relevanssi_related_exclude_ids":"","_relevanssi_related_no_append":"","_relevanssi_related_not_related":"","_relevanssi_related_posts":"","_relevanssi_noindex_reason":"Yoast SEO Relevanssi index exclude","inline_featured_image":false,"footnotes":""},"class_list":["post-52776","page","type-page","status-publish","hentry"],"acf":[],"yoast_head":"<!-- This site is optimized with the Yoast SEO Premium plugin v22.5 (Yoast SEO v27.3) - https:\/\/yoast.com\/product\/yoast-seo-premium-wordpress\/ -->\n<title>Global form Testing - AI Security Automation<\/title>\n<meta name=\"description\" content=\"Swimlane is the largest and fastest-growing pure-play security automation company. Our platform is trusted by major organizations world-wide.\" \/>\n<meta name=\"robots\" content=\"noindex, nofollow\" \/>\n<meta property=\"og:locale\" content=\"fr_FR\" \/>\n<meta property=\"og:type\" content=\"article\" \/>\n<meta property=\"og:title\" content=\"Global form Testing\" \/>\n<meta property=\"og:description\" content=\"Swimlane is the largest and fastest-growing pure-play security automation company. Our platform is trusted by major organizations world-wide.\" \/>\n<meta property=\"og:url\" content=\"https:\/\/swimlane.com\/fr\/test-de-formulaire-global\/\" \/>\n<meta property=\"og:site_name\" content=\"AI Security Automation\" \/>\n<meta property=\"article:modified_time\" content=\"2025-12-19T10:16:27+00:00\" \/>\n<meta property=\"og:image\" content=\"https:\/\/swimlane.com\/wp-content\/uploads\/Sitewide-OG.png\" \/>\n\t<meta property=\"og:image:width\" content=\"1200\" \/>\n\t<meta property=\"og:image:height\" content=\"630\" \/>\n\t<meta property=\"og:image:type\" content=\"image\/png\" \/>\n<meta name=\"twitter:card\" content=\"summary_large_image\" \/>\n<meta name=\"twitter:site\" content=\"@swimlane\" \/>\n<meta name=\"twitter:label1\" content=\"Est. reading time\" \/>\n\t<meta name=\"twitter:data1\" content=\"1 minute\" \/>\n<script type=\"application\/ld+json\" class=\"yoast-schema-graph\">{\"@context\":\"https:\\\/\\\/schema.org\",\"@graph\":[{\"@type\":\"WebPage\",\"@id\":\"https:\\\/\\\/swimlane.com\\\/fr\\\/global-form-testing\\\/\",\"url\":\"https:\\\/\\\/swimlane.com\\\/fr\\\/global-form-testing\\\/\",\"name\":\"Global form Testing - AI Security Automation\",\"isPartOf\":{\"@id\":\"https:\\\/\\\/swimlane.com\\\/fr\\\/#website\"},\"datePublished\":\"2025-12-19T10:04:10+00:00\",\"dateModified\":\"2025-12-19T10:16:27+00:00\",\"description\":\"Swimlane is the largest and fastest-growing pure-play security automation company. Our platform is trusted by major organizations world-wide.\",\"breadcrumb\":{\"@id\":\"https:\\\/\\\/swimlane.com\\\/fr\\\/global-form-testing\\\/#breadcrumb\"},\"inLanguage\":\"fr-FR\",\"potentialAction\":[{\"@type\":\"ReadAction\",\"target\":[\"https:\\\/\\\/swimlane.com\\\/fr\\\/global-form-testing\\\/\"]}]},{\"@type\":\"BreadcrumbList\",\"@id\":\"https:\\\/\\\/swimlane.com\\\/fr\\\/global-form-testing\\\/#breadcrumb\",\"itemListElement\":[{\"@type\":\"ListItem\",\"position\":1,\"name\":\"Home\",\"item\":\"https:\\\/\\\/swimlane.com\\\/\"},{\"@type\":\"ListItem\",\"position\":2,\"name\":\"Global form Testing\"}]},{\"@type\":\"WebSite\",\"@id\":\"https:\\\/\\\/swimlane.com\\\/fr\\\/#website\",\"url\":\"https:\\\/\\\/swimlane.com\\\/fr\\\/\",\"name\":\"Low-Code Security Automation & SOAR Platform | Swimlane\",\"description\":\"Agentic AI automation for every security function\",\"publisher\":{\"@id\":\"https:\\\/\\\/swimlane.com\\\/fr\\\/#organization\"},\"potentialAction\":[{\"@type\":\"SearchAction\",\"target\":{\"@type\":\"EntryPoint\",\"urlTemplate\":\"https:\\\/\\\/swimlane.com\\\/fr\\\/?s={search_term_string}\"},\"query-input\":{\"@type\":\"PropertyValueSpecification\",\"valueRequired\":true,\"valueName\":\"search_term_string\"}}],\"inLanguage\":\"fr-FR\"},{\"@type\":\"Organization\",\"@id\":\"https:\\\/\\\/swimlane.com\\\/fr\\\/#organization\",\"name\":\"Low-Code Security Automation & SOAR Platform | Swimlane\",\"url\":\"https:\\\/\\\/swimlane.com\\\/fr\\\/\",\"logo\":{\"@type\":\"ImageObject\",\"inLanguage\":\"fr-FR\",\"@id\":\"https:\\\/\\\/swimlane.com\\\/fr\\\/#\\\/schema\\\/logo\\\/image\\\/\",\"url\":\"https:\\\/\\\/swimlane.com\\\/wp-content\\\/uploads\\\/sw-inline-logo-color-white.svg\",\"contentUrl\":\"https:\\\/\\\/swimlane.com\\\/wp-content\\\/uploads\\\/sw-inline-logo-color-white.svg\",\"width\":912,\"height\":190,\"caption\":\"Low-Code Security Automation & SOAR Platform | Swimlane\"},\"image\":{\"@id\":\"https:\\\/\\\/swimlane.com\\\/fr\\\/#\\\/schema\\\/logo\\\/image\\\/\"},\"sameAs\":[\"https:\\\/\\\/x.com\\\/swimlane\",\"https:\\\/\\\/www.linkedin.com\\\/company\\\/swimlane\\\/\"]}]}<\/script>\n<!-- \/ Yoast SEO Premium plugin. -->","yoast_head_json":{"title":"Tests de formulaires globaux - Automatisation de la s\u00e9curit\u00e9 par IA","description":"Swimlane est la plus grande et la plus dynamique des entreprises sp\u00e9cialis\u00e9es dans l&#039;automatisation de la s\u00e9curit\u00e9. Notre plateforme est utilis\u00e9e par de grandes organisations \u00e0 travers le monde.","robots":{"index":"noindex","follow":"nofollow"},"og_locale":"fr_FR","og_type":"article","og_title":"Global form Testing","og_description":"Swimlane is the largest and fastest-growing pure-play security automation company. Our platform is trusted by major organizations world-wide.","og_url":"https:\/\/swimlane.com\/fr\/test-de-formulaire-global\/","og_site_name":"AI Security Automation","article_modified_time":"2025-12-19T10:16:27+00:00","og_image":[{"width":1200,"height":630,"url":"https:\/\/swimlane.com\/wp-content\/uploads\/Sitewide-OG.png","type":"image\/png"}],"twitter_card":"summary_large_image","twitter_site":"@swimlane","twitter_misc":{"Est. reading time":"1 minute"},"schema":{"@context":"https:\/\/schema.org","@graph":[{"@type":"WebPage","@id":"https:\/\/swimlane.com\/fr\/global-form-testing\/","url":"https:\/\/swimlane.com\/fr\/global-form-testing\/","name":"Tests de formulaires globaux - Automatisation de la s\u00e9curit\u00e9 par IA","isPartOf":{"@id":"https:\/\/swimlane.com\/fr\/#website"},"datePublished":"2025-12-19T10:04:10+00:00","dateModified":"2025-12-19T10:16:27+00:00","description":"Swimlane est la plus grande et la plus dynamique des entreprises sp\u00e9cialis\u00e9es dans l&#039;automatisation de la s\u00e9curit\u00e9. Notre plateforme est utilis\u00e9e par de grandes organisations \u00e0 travers le monde.","breadcrumb":{"@id":"https:\/\/swimlane.com\/fr\/global-form-testing\/#breadcrumb"},"inLanguage":"fr-FR","potentialAction":[{"@type":"ReadAction","target":["https:\/\/swimlane.com\/fr\/global-form-testing\/"]}]},{"@type":"BreadcrumbList","@id":"https:\/\/swimlane.com\/fr\/global-form-testing\/#breadcrumb","itemListElement":[{"@type":"ListItem","position":1,"name":"Home","item":"https:\/\/swimlane.com\/"},{"@type":"ListItem","position":2,"name":"Global form Testing"}]},{"@type":"WebSite","@id":"https:\/\/swimlane.com\/fr\/#website","url":"https:\/\/swimlane.com\/fr\/","name":"Plateforme d&#039;automatisation de la s\u00e9curit\u00e9 low-code et SOAR | Swimlane","description":"Automatisation par IA agentique pour chaque fonction de s\u00e9curit\u00e9","publisher":{"@id":"https:\/\/swimlane.com\/fr\/#organization"},"potentialAction":[{"@type":"SearchAction","target":{"@type":"EntryPoint","urlTemplate":"https:\/\/swimlane.com\/fr\/?s={search_term_string}"},"query-input":{"@type":"PropertyValueSpecification","valueRequired":true,"valueName":"search_term_string"}}],"inLanguage":"fr-FR"},{"@type":"Organization","@id":"https:\/\/swimlane.com\/fr\/#organization","name":"Plateforme d&#039;automatisation de la s\u00e9curit\u00e9 low-code et SOAR | Swimlane","url":"https:\/\/swimlane.com\/fr\/","logo":{"@type":"ImageObject","inLanguage":"fr-FR","@id":"https:\/\/swimlane.com\/fr\/#\/schema\/logo\/image\/","url":"https:\/\/swimlane.com\/wp-content\/uploads\/sw-inline-logo-color-white.svg","contentUrl":"https:\/\/swimlane.com\/wp-content\/uploads\/sw-inline-logo-color-white.svg","width":912,"height":190,"caption":"Low-Code Security Automation & SOAR Platform | Swimlane"},"image":{"@id":"https:\/\/swimlane.com\/fr\/#\/schema\/logo\/image\/"},"sameAs":["https:\/\/x.com\/swimlane","https:\/\/www.linkedin.com\/company\/swimlane\/"]}]}},"publishpress_future_action":{"enabled":false,"date":"2026-05-10 12:14:03","action":"change-status","newStatus":"draft","terms":[],"taxonomy":"","extraData":[]},"publishpress_future_workflow_manual_trigger":{"enabledWorkflows":[]},"_links":{"self":[{"href":"https:\/\/swimlane.com\/fr\/wp-json\/wp\/v2\/pages\/52776","targetHints":{"allow":["GET"]}}],"collection":[{"href":"https:\/\/swimlane.com\/fr\/wp-json\/wp\/v2\/pages"}],"about":[{"href":"https:\/\/swimlane.com\/fr\/wp-json\/wp\/v2\/types\/page"}],"author":[{"embeddable":true,"href":"https:\/\/swimlane.com\/fr\/wp-json\/wp\/v2\/users\/97"}],"replies":[{"embeddable":true,"href":"https:\/\/swimlane.com\/fr\/wp-json\/wp\/v2\/comments?post=52776"}],"version-history":[{"count":0,"href":"https:\/\/swimlane.com\/fr\/wp-json\/wp\/v2\/pages\/52776\/revisions"}],"wp:attachment":[{"href":"https:\/\/swimlane.com\/fr\/wp-json\/wp\/v2\/media?parent=52776"}],"curies":[{"name":"wp","href":"https:\/\/api.w.org\/{rel}","templated":true}]}}