{"id":36538,"date":"2024-03-21T08:46:43","date_gmt":"2024-03-21T14:46:43","guid":{"rendered":"https:\/\/swimlane.com\/?page_id=36538"},"modified":"2025-06-02T09:56:36","modified_gmt":"2025-06-02T15:56:36","slug":"contact-2","status":"publish","type":"page","link":"https:\/\/swimlane.com\/pt\/contact-m\/","title":{"rendered":"Contacto"},"content":{"rendered":"<section class=\"bs-section bs-section-5542929c037cbc0c744cb4beeeb1eef589056c9d bs-section---default bs-section--common-header-with-form bs-section--contact-us-lets-chat bs-section--common-marketo-form bs-section--common-form-sticky\"><div class=\"container\">\n<div class=\"bs-row row   bs-row---default\">\n<div class=\"bs-column  col-lg-7 col-sm-12 col-md-12   bs-column-ee65cfcd0c1995db6b9dac37d6fe73be4e6d053b bs-column---default bs-column--contact-us-left\">\n<h1 class=\"wp-block-heading\" id=\"h-contact-us\">Contactar-nos<\/h1>\n\n\n\n<p>Se voc\u00ea tiver alguma d\u00favida ou quiser falar com algu\u00e9m da Swimlane, preencha o formul\u00e1rio fornecido. Voc\u00ea tamb\u00e9m pode <a href=\"https:\/\/swimlane.com\/pt\/demonstracao\/\">Solicite uma demonstra\u00e7\u00e3o<\/a>.<\/p>\n\n\n\n<h2 class=\"wp-block-heading\" id=\"h-let-s-chat\">Vamos conversar!<\/h2>\n\n\n\n<div class=\"bs-div bs-div-8d3e02f00fb374f8640eb744d3abb3b52fa674e6 bs-div---default bs-div--contact-telephone\"><div class=\"bs-div__inner\">\n<p style=\"font-style:normal;font-weight:700;text-transform:uppercase\">Ligue-nos gratuitamente pelo n\u00famero<\/p>\n\n\n\n<p style=\"text-transform:uppercase\"><a href=\"tel:1-844-794-6526\">1-844-SWIMLANE (1-844-794-6526)<\/a><\/p>\n<\/div><\/div>\n\n\n\n<div class=\"bs-div bs-div-a9702cea8d569f177f553cd8dab227bd6ff2fe39 bs-div---default bs-div--contact-email\"><div class=\"bs-div__inner\">\n<p style=\"font-style:normal;font-weight:700;text-transform:uppercase\">Envie um e-mail para nossa equipe global em<\/p>\n\n\n\n<p><a href=\"mailto:info@swimlane1stg.wpengine.com\">info@swimlane.com<\/a><\/p>\n<\/div><\/div>\n\n\n\n<div class=\"bs-div bs-div-2f6109393080fa69a5752cdab67b0d814d382d67 bs-div---default bs-div--contact-image-wrapper\"><div class=\"bs-div__inner\">\n<div class=\"bs-div bs-div-604f7d7fdcf65abd34723d9ef9544e944fa7ce9c bs-div---default bs-div--contact-image\"><div class=\"bs-div__inner\"><div class='media-elements bs-media-element---default enable'>    <div class='bs-common-image'>\n                            <figure class='figure justify-content-start d-flex'>\n                            <picture>\n                            \n                            <img src='https:\/\/swimlane.com\/wp-content\/uploads\/BoulderFlatirons.png' class='img-fluid'   alt='Paisagem das Flatirons de Boulder, representando a sede da Swimlane e suas ra\u00edzes no ecossistema tecnol\u00f3gico do Colorado.' title=''  \/>\n                            <\/picture>\n                                \n                            <\/figure>\n                        <\/div><\/div>\n\n\n<h3 class=\"wp-block-heading\" id=\"h-global-hq\">Sede global<\/h3>\n\n\n\n<p>999 18th St, Suite 2201N, Denver, CO 80202<\/p>\n<\/div><\/div>\n\n\n\n<div class=\"bs-div bs-div-604f7d7fdcf65abd34723d9ef9544e944fa7ce9c bs-div---default bs-div--contact-image\"><div class=\"bs-div__inner\"><div class='media-elements bs-media-element---default enable'>    <div class='bs-common-image'>\n                            <figure class='figure justify-content-start d-flex'>\n                            <picture>\n                            \n                            <img src='https:\/\/swimlane.com\/wp-content\/uploads\/KLShutter.png' class='img-fluid'   alt='Paisagem urbana de Kuala Lumpur representando a orquestra\u00e7\u00e3o de seguran\u00e7a para centros regionais de empresas globais.' title=''  \/>\n                            <\/picture>\n                                \n                            <\/figure>\n                        <\/div><\/div>\n\n\n<h3 class=\"wp-block-heading\" id=\"h-malaysia\">Mal\u00e1sia<\/h3>\n\n\n\n<p>N\u00edvel 13A, Wisma Mont Kiara, No. 1, Jalan Kiara, Mont Kiara, 50480 Kuala Lumpur, Wilayah Persekutuan Kuala Lumpur<\/p>\n<\/div><\/div>\n\n\n\n<div class=\"bs-div bs-div-604f7d7fdcf65abd34723d9ef9544e944fa7ce9c bs-div---default bs-div--contact-image\"><div class=\"bs-div__inner\"><div class='media-elements bs-media-element---default enable'>    <div class='bs-common-image'>\n                            <figure class='figure justify-content-start d-flex'>\n                            <picture>\n                            \n                            <img src='https:\/\/swimlane.com\/wp-content\/uploads\/Tokyo.png' class='img-fluid'   alt='Paisagem urbana de T\u00f3quio representando a orquestra\u00e7\u00e3o automatizada de seguran\u00e7a para o mercado da \u00c1sia-Pac\u00edfico (APAC).' title=''  \/>\n                            <\/picture>\n                                \n                            <\/figure>\n                        <\/div><\/div>\n\n\n<h3 class=\"wp-block-heading\" id=\"h-japan\">Jap\u00e3o<\/h3>\n\n\n\n<p>1-6-5, Kudan Minami, Chiyoda-ku, T\u00f3quio 102-0074<\/p>\n<\/div><\/div>\n\n\n\n<div class=\"bs-div bs-div-604f7d7fdcf65abd34723d9ef9544e944fa7ce9c bs-div---default bs-div--contact-image\"><div class=\"bs-div__inner\"><div class='media-elements bs-media-element---default enable'>    <div class='bs-common-image'>\n                            <figure class='figure justify-content-start d-flex'>\n                            <picture>\n                            \n                            <img src='https:\/\/swimlane.com\/wp-content\/uploads\/IndiaOffice.png' class='img-fluid'   alt='Interior do escrit\u00f3rio da Swimlane na \u00cdndia, representando as opera\u00e7\u00f5es globais e a presen\u00e7a t\u00e9cnica regional.' title=''  \/>\n                            <\/picture>\n                                \n                            <\/figure>\n                        <\/div><\/div>\n\n\n<h3 class=\"wp-block-heading\" id=\"h-india\">\u00cdndia<\/h3>\n\n\n\n<p>1\u00ba andar, Ala A, Purva Summit, White Field Road, Kondapur, Hyderabad.<\/p>\n<\/div><\/div>\n<\/div><\/div>\n<\/div>\n\n\n\n<div class=\"bs-column  col-sm-12 col-md-12 col-lg-5   bs-column-54f4645fb9da85961324ef506c1edd2cb11efa3c bs-column---default bs-column--contact-us-right\">\n<div class=\"bs-div bs-div-fc9d7d467856c51311ba23dbbe3b9c382d2a38b2 bs-div---default bs-div--form-wrapper\"><div class=\"bs-div__inner\">\n<h3 class=\"wp-block-heading\" id=\"h-get-in-touch\" style=\"font-size:34px\">Entre em contato<\/h3>\n\n\n\n<p class=\"has-white-color has-text-color\"><\/p>\n\n\n\n\n<script src=\"\/\/pages.swimlane.com\/js\/forms2\/js\/forms2.min.js\"><\/script>\n<form id=\"mktoForm_1043\" action=\"\"><input type=\"hidden\" name=\"trp-form-language\" value=\"pt\"\/><\/form>\n<script>\n    var embeddedFormId = '7e1810bfc8a9ee247cae70ec11c0677a8aa8f0a2';\n    var marketoBaseUrl = '\/\/pages.swimlane.com';\n    var munchkinId = '978-QCM-390';\n    var formId = '1043';\n    var responseType = 'redirect';\n    var responseMessage = 'Thank you!';\n    var redirectURL = '';\n    var downloadFileURL = '';\n    var linkOpenType = '_self';\n    var popupVideo = 'url';\n    var popupVideoURL = '';\n    var popupVideoUploadURL = '';\n    MktoForms2.loadForm(marketoBaseUrl, munchkinId, formId, function(form) {\n        form.onSuccess(function(values, followUpUrl) {\n            document.getElementById(\"int_mktoForm_\" + formId).innerHTML = responseMessage;\n                    });\n    });\n<\/script>\n<div class=\"form-submit-note\" id=\"int_mktoForm_1043\"><\/div>\n<!-- Incluing form response options -->\n<\/div><\/div>\n\n\n\n<div class=\"bs-div bs-div-ec29e1245d6ad9797c90a1c64bbe9df78f7edb86 bs-div---default bs-div--contact-us-lottie\"><div class=\"bs-div__inner\"><div class=\"bs-lottie-animator bs-lottie-animator---default\" id=\"lottie-8e17c501-72d4-47e1-94a6-7f79281f80b9\" data-settings=\"{&quot;desktop&quot;:{&quot;settings&quot;:{&quot;animateViewPort&quot;:50,&quot;direction&quot;:1,&quot;delay&quot;:0,&quot;loop&quot;:false,&quot;fileName&quot;:&quot;Contact_lines.json&quot;,&quot;mouseOutAction&quot;:&quot;none&quot;,&quot;numberOfLoops&quot;:0,&quot;playSpeed&quot;:1,&quot;path&quot;:&quot;https:\\\/\\\/swimlane.com\\\/wp-content\\\/uploads\\\/2023\\\/01\\\/Contact_lines.json&quot;,&quot;scrollRelativeTo&quot;:&quot;withinSection&quot;,&quot;trigger&quot;:false,&quot;triggerMethod&quot;:&quot;pageHover&quot;,&quot;oneTimePlay&quot;:true}},&quot;mobile&quot;:{&quot;breakpoint&quot;:576,&quot;settings&quot;:{&quot;animateViewPort&quot;:50,&quot;direction&quot;:1,&quot;delay&quot;:0,&quot;loop&quot;:false,&quot;fileName&quot;:&quot;&quot;,&quot;mouseOutAction&quot;:&quot;none&quot;,&quot;numberOfLoops&quot;:0,&quot;playSpeed&quot;:1,&quot;path&quot;:&quot;&quot;,&quot;scrollRelativeTo&quot;:&quot;withinSection&quot;,&quot;trigger&quot;:false,&quot;triggerMethod&quot;:&quot;pageHover&quot;,&quot;oneTimePlay&quot;:true}}}\"><\/div><\/div><\/div>\n<\/div>\n<\/div>\n\n\n<\/div><\/section>\n\n\n\n<section class=\"bs-section bs-section-1b845a6dda4dd27bac218a876f90a120dbe6065c bs-section---default bs-section--common-learn-more\"><style>.bs-section.bs-section-1b845a6dda4dd27bac218a876f90a120dbe6065c{ background-color: #000743;} <\/style><div class=\"container\">\n<div class=\"bs-row row   bs-row---default\">\n<div class=\"bs-column col-sm-12   bs-column-5f6574ebb29ac8d58ab608d2aff5b1bbe4f96332 bs-column---default\">\n<h2 class=\"wp-block-heading has-white-color has-text-color\" id=\"h-learn-more-about-swimlane\">Saiba mais sobre Swimlane<\/h2>\n<\/div>\n\n\n\n<div class=\"bs-column col-sm-12 col-md-6 col-lg-3   bs-column-d69c339cc940787e81cd819c4ead1c17de8bb77b bs-column---default\">\n<div class=\"bs-blurb bs-blurb---default bs-blurb--common-blue-bg-blurb\"><a href=\"\/pt\/about-swim-lane\/\" target=\"\" rel=\"noopener noreferrer\" class=\"bs-blurb__trigger\"><div class=\"bs-blurb__container\"><div class=\"bs-blurb__image\"><figure><picture><img decoding=\"async\" class=\"contain img-fluid\" loading=\"\" src=\"https:\/\/swimlane.com\/wp-content\/uploads\/2022\/12\/about-icon.svg\" alt=\"\"\/><\/picture><\/figure><\/div><div class=\"bs-blurb__title\"><h3>Sobre n\u00f3s<\/h3><\/div><div class=\"bs-blurb__description\"><p>A maior e mais din\u00e2mica empresa do mundo dedicada exclusivamente \u00e0 automa\u00e7\u00e3o de seguran\u00e7a.<\/p><\/div><div class=\"bs-blurb__read-more\"><span><\/span><\/div><\/div><\/a><\/div>\n<\/div>\n\n\n\n<div class=\"bs-column col-sm-12 col-md-6 col-lg-3   bs-column-d69c339cc940787e81cd819c4ead1c17de8bb77b bs-column---default\">\n<div class=\"bs-blurb bs-blurb---default bs-blurb--common-blue-bg-blurb\"><a href=\"\/pt\/parceiros\/\" target=\"\" rel=\"noopener noreferrer\" class=\"bs-blurb__trigger\"><div class=\"bs-blurb__container\"><div class=\"bs-blurb__image\"><figure><picture><img decoding=\"async\" class=\"contain img-fluid\" loading=\"\" src=\"https:\/\/swimlane.com\/wp-content\/uploads\/2022\/12\/partners-icon.svg\" alt=\"\"\/><\/picture><\/figure><\/div><div class=\"bs-blurb__title\"><h3>Parceiros<\/h3><\/div><div class=\"bs-blurb__description\"><p>Alian\u00e7a tecnol\u00f3gica e parceiros de canal criam uma poderosa conex\u00e3o.<\/p><\/div><div class=\"bs-blurb__read-more\"><span><\/span><\/div><\/div><\/a><\/div>\n<\/div>\n\n\n\n<div class=\"bs-column col-sm-12 col-md-6 col-lg-3   bs-column-d69c339cc940787e81cd819c4ead1c17de8bb77b bs-column---default\">\n<div class=\"bs-blurb bs-blurb---default bs-blurb--common-blue-bg-blurb\"><a href=\"\/pt\/carreiras\/\" target=\"\" rel=\"noopener noreferrer\" class=\"bs-blurb__trigger\"><div class=\"bs-blurb__container\"><div class=\"bs-blurb__image\"><figure><picture><img decoding=\"async\" class=\"contain img-fluid\" loading=\"\" src=\"https:\/\/swimlane.com\/wp-content\/uploads\/2022\/12\/careers-icon.svg\" alt=\"\"\/><\/picture><\/figure><\/div><div class=\"bs-blurb__title\"><h3>Carreiras<\/h3><\/div><div class=\"bs-blurb__description\"><p>Venha trabalhar na empresa de seguran\u00e7a que mais cresce no mundo.<\/p><\/div><div class=\"bs-blurb__read-more\"><span><\/span><\/div><\/div><\/a><\/div>\n<\/div>\n\n\n\n<div class=\"bs-column col-sm-12 col-md-6 col-lg-3   bs-column-d69c339cc940787e81cd819c4ead1c17de8bb77b bs-column---default\">\n<div class=\"bs-blurb bs-blurb---default bs-blurb--common-blue-bg-blurb\"><a href=\"\/pt\/eventos\/\" target=\"\" rel=\"noopener noreferrer\" class=\"bs-blurb__trigger\"><div class=\"bs-blurb__container\"><div class=\"bs-blurb__image\"><figure><picture><img decoding=\"async\" class=\"contain img-fluid\" loading=\"\" src=\"https:\/\/swimlane.com\/wp-content\/uploads\/2022\/12\/events-icon.svg\" alt=\"\"\/><\/picture><\/figure><\/div><div class=\"bs-blurb__title\"><h3>Eventos<\/h3><\/div><div class=\"bs-blurb__description\"><p>Encontre eventos na sua regi\u00e3o e webinars sobre automa\u00e7\u00e3o de seguran\u00e7a.<\/p><\/div><div class=\"bs-blurb__read-more\"><span><\/span><\/div><\/div><\/a><\/div>\n<\/div>\n<\/div>\n<\/div><\/section>","protected":false},"excerpt":{"rendered":"","protected":false},"author":43,"featured_media":0,"parent":0,"menu_order":0,"comment_status":"closed","ping_status":"closed","template":"","meta":{"_acf_changed":false,"show_custom_date":false,"custom_date":"","featured":false,"featured_image":0,"learn_more_label":"","image_alt_text":"","learn_more_type":"","learn_more_link":[],"show_popup":false,"disable_iframe":false,"enable_lazy_loading":false,"learn_more_link_file":0,"event_date":false,"event_start_date":"","event_end_date":"","featured_page_list":[],"_relevanssi_hide_post":"","_relevanssi_hide_content":"","_relevanssi_pin_for_all":"","_relevanssi_pin_keywords":"","_relevanssi_unpin_keywords":"","_relevanssi_related_keywords":"","_relevanssi_related_include_ids":"","_relevanssi_related_exclude_ids":"","_relevanssi_related_no_append":"","_relevanssi_related_not_related":"","_relevanssi_related_posts":"","_relevanssi_noindex_reason":"","inline_featured_image":false,"footnotes":""},"class_list":["post-36538","page","type-page","status-publish","hentry"],"acf":[],"yoast_head":"<!-- This site is optimized with the Yoast SEO Premium plugin v22.5 (Yoast SEO v27.3) - https:\/\/yoast.com\/product\/yoast-seo-premium-wordpress\/ -->\n<title>Contact - AI Security Automation<\/title>\n<meta name=\"description\" content=\"Swimlane is the leader in low-code security automation, with offices in Colorado, Korea, Malaysia, and Japan. Ready to chat? Call, email, or fill out our online form to get in contact with our automation experts today.\" \/>\n<meta name=\"robots\" content=\"index, follow, max-snippet:-1, max-image-preview:large, max-video-preview:-1\" \/>\n<link rel=\"canonical\" href=\"https:\/\/swimlane.com\/pt\/entre-em-contato-m\/\" \/>\n<meta property=\"og:locale\" content=\"pt_PT\" \/>\n<meta property=\"og:type\" content=\"article\" \/>\n<meta property=\"og:title\" content=\"Contact\" \/>\n<meta property=\"og:description\" content=\"Swimlane is the largest and fastest-growing pure-play security automation company. Our platform is trusted by major organizations world-wide.\" \/>\n<meta property=\"og:url\" content=\"https:\/\/swimlane.com\/pt\/entre-em-contato-m\/\" \/>\n<meta property=\"og:site_name\" content=\"AI Security Automation\" \/>\n<meta property=\"article:modified_time\" content=\"2025-06-02T15:56:36+00:00\" \/>\n<meta property=\"og:image\" content=\"https:\/\/swimlane.com\/wp-content\/uploads\/2022\/12\/about-icon.svg\" \/>\n<meta name=\"twitter:card\" content=\"summary_large_image\" \/>\n<meta name=\"twitter:site\" content=\"@swimlane\" \/>\n<meta name=\"twitter:label1\" content=\"Tempo estimado de leitura\" \/>\n\t<meta name=\"twitter:data1\" content=\"2 minutos\" \/>\n<script type=\"application\/ld+json\" class=\"yoast-schema-graph\">{\"@context\":\"https:\\\/\\\/schema.org\",\"@graph\":[{\"@type\":\"WebPage\",\"@id\":\"https:\\\/\\\/swimlane.com\\\/pt\\\/contact-m\\\/\",\"url\":\"https:\\\/\\\/swimlane.com\\\/pt\\\/contact-m\\\/\",\"name\":\"Contact - AI Security Automation\",\"isPartOf\":{\"@id\":\"https:\\\/\\\/swimlane.com\\\/pt\\\/#website\"},\"primaryImageOfPage\":{\"@id\":\"https:\\\/\\\/swimlane.com\\\/pt\\\/contact-m\\\/#primaryimage\"},\"image\":{\"@id\":\"https:\\\/\\\/swimlane.com\\\/pt\\\/contact-m\\\/#primaryimage\"},\"thumbnailUrl\":\"https:\\\/\\\/swimlane.com\\\/wp-content\\\/uploads\\\/2022\\\/12\\\/about-icon.svg\",\"datePublished\":\"2024-03-21T14:46:43+00:00\",\"dateModified\":\"2025-06-02T15:56:36+00:00\",\"description\":\"Swimlane is the leader in low-code security automation, with offices in Colorado, Korea, Malaysia, and Japan. Ready to chat? Call, email, or fill out our online form to get in contact with our automation experts today.\",\"breadcrumb\":{\"@id\":\"https:\\\/\\\/swimlane.com\\\/pt\\\/contact-m\\\/#breadcrumb\"},\"inLanguage\":\"pt-PT\",\"potentialAction\":[{\"@type\":\"ReadAction\",\"target\":[\"https:\\\/\\\/swimlane.com\\\/pt\\\/contact-m\\\/\"]}]},{\"@type\":\"ImageObject\",\"inLanguage\":\"pt-PT\",\"@id\":\"https:\\\/\\\/swimlane.com\\\/pt\\\/contact-m\\\/#primaryimage\",\"url\":\"https:\\\/\\\/swimlane.com\\\/wp-content\\\/uploads\\\/2022\\\/12\\\/about-icon.svg\",\"contentUrl\":\"https:\\\/\\\/swimlane.com\\\/wp-content\\\/uploads\\\/2022\\\/12\\\/about-icon.svg\"},{\"@type\":\"BreadcrumbList\",\"@id\":\"https:\\\/\\\/swimlane.com\\\/pt\\\/contact-m\\\/#breadcrumb\",\"itemListElement\":[{\"@type\":\"ListItem\",\"position\":1,\"name\":\"Home\",\"item\":\"https:\\\/\\\/swimlane.com\\\/\"},{\"@type\":\"ListItem\",\"position\":2,\"name\":\"Contact\"}]},{\"@type\":\"WebSite\",\"@id\":\"https:\\\/\\\/swimlane.com\\\/pt\\\/#website\",\"url\":\"https:\\\/\\\/swimlane.com\\\/pt\\\/\",\"name\":\"Low-Code Security Automation & SOAR Platform | Swimlane\",\"description\":\"Agentic AI automation for every security function\",\"publisher\":{\"@id\":\"https:\\\/\\\/swimlane.com\\\/pt\\\/#organization\"},\"potentialAction\":[{\"@type\":\"SearchAction\",\"target\":{\"@type\":\"EntryPoint\",\"urlTemplate\":\"https:\\\/\\\/swimlane.com\\\/pt\\\/?s={search_term_string}\"},\"query-input\":{\"@type\":\"PropertyValueSpecification\",\"valueRequired\":true,\"valueName\":\"search_term_string\"}}],\"inLanguage\":\"pt-PT\"},{\"@type\":\"Organization\",\"@id\":\"https:\\\/\\\/swimlane.com\\\/pt\\\/#organization\",\"name\":\"Low-Code Security Automation & SOAR Platform | Swimlane\",\"url\":\"https:\\\/\\\/swimlane.com\\\/pt\\\/\",\"logo\":{\"@type\":\"ImageObject\",\"inLanguage\":\"pt-PT\",\"@id\":\"https:\\\/\\\/swimlane.com\\\/pt\\\/#\\\/schema\\\/logo\\\/image\\\/\",\"url\":\"https:\\\/\\\/swimlane.com\\\/wp-content\\\/uploads\\\/sw-inline-logo-color-white.svg\",\"contentUrl\":\"https:\\\/\\\/swimlane.com\\\/wp-content\\\/uploads\\\/sw-inline-logo-color-white.svg\",\"width\":912,\"height\":190,\"caption\":\"Low-Code Security Automation & SOAR Platform | Swimlane\"},\"image\":{\"@id\":\"https:\\\/\\\/swimlane.com\\\/pt\\\/#\\\/schema\\\/logo\\\/image\\\/\"},\"sameAs\":[\"https:\\\/\\\/x.com\\\/swimlane\",\"https:\\\/\\\/www.linkedin.com\\\/company\\\/swimlane\\\/\"]}]}<\/script>\n<!-- \/ Yoast SEO Premium plugin. -->","yoast_head_json":{"title":"Contato - Automa\u00e7\u00e3o de Seguran\u00e7a com IA","description":"A Swimlane \u00e9 l\u00edder em automa\u00e7\u00e3o de seguran\u00e7a com pouco c\u00f3digo, com escrit\u00f3rios no Colorado, Coreia do Sul, Mal\u00e1sia e Jap\u00e3o. Pronto para conversar? Ligue, envie um e-mail ou preencha nosso formul\u00e1rio online para entrar em contato com nossos especialistas em automa\u00e7\u00e3o hoje mesmo.","robots":{"index":"index","follow":"follow","max-snippet":"max-snippet:-1","max-image-preview":"max-image-preview:large","max-video-preview":"max-video-preview:-1"},"canonical":"https:\/\/swimlane.com\/pt\/entre-em-contato-m\/","og_locale":"pt_PT","og_type":"article","og_title":"Contact","og_description":"Swimlane is the largest and fastest-growing pure-play security automation company. Our platform is trusted by major organizations world-wide.","og_url":"https:\/\/swimlane.com\/pt\/entre-em-contato-m\/","og_site_name":"AI Security Automation","article_modified_time":"2025-06-02T15:56:36+00:00","og_image":[{"url":"https:\/\/swimlane.com\/wp-content\/uploads\/2022\/12\/about-icon.svg","type":"","width":"","height":""}],"twitter_card":"summary_large_image","twitter_site":"@swimlane","twitter_misc":{"Tempo estimado de leitura":"2 minutos"},"schema":{"@context":"https:\/\/schema.org","@graph":[{"@type":"WebPage","@id":"https:\/\/swimlane.com\/pt\/contact-m\/","url":"https:\/\/swimlane.com\/pt\/contact-m\/","name":"Contato - Automa\u00e7\u00e3o de Seguran\u00e7a com IA","isPartOf":{"@id":"https:\/\/swimlane.com\/pt\/#website"},"primaryImageOfPage":{"@id":"https:\/\/swimlane.com\/pt\/contact-m\/#primaryimage"},"image":{"@id":"https:\/\/swimlane.com\/pt\/contact-m\/#primaryimage"},"thumbnailUrl":"https:\/\/swimlane.com\/wp-content\/uploads\/2022\/12\/about-icon.svg","datePublished":"2024-03-21T14:46:43+00:00","dateModified":"2025-06-02T15:56:36+00:00","description":"A Swimlane \u00e9 l\u00edder em automa\u00e7\u00e3o de seguran\u00e7a com pouco c\u00f3digo, com escrit\u00f3rios no Colorado, Coreia do Sul, Mal\u00e1sia e Jap\u00e3o. Pronto para conversar? Ligue, envie um e-mail ou preencha nosso formul\u00e1rio online para entrar em contato com nossos especialistas em automa\u00e7\u00e3o hoje mesmo.","breadcrumb":{"@id":"https:\/\/swimlane.com\/pt\/contact-m\/#breadcrumb"},"inLanguage":"pt-PT","potentialAction":[{"@type":"ReadAction","target":["https:\/\/swimlane.com\/pt\/contact-m\/"]}]},{"@type":"ImageObject","inLanguage":"pt-PT","@id":"https:\/\/swimlane.com\/pt\/contact-m\/#primaryimage","url":"https:\/\/swimlane.com\/wp-content\/uploads\/2022\/12\/about-icon.svg","contentUrl":"https:\/\/swimlane.com\/wp-content\/uploads\/2022\/12\/about-icon.svg"},{"@type":"BreadcrumbList","@id":"https:\/\/swimlane.com\/pt\/contact-m\/#breadcrumb","itemListElement":[{"@type":"ListItem","position":1,"name":"Home","item":"https:\/\/swimlane.com\/"},{"@type":"ListItem","position":2,"name":"Contact"}]},{"@type":"WebSite","@id":"https:\/\/swimlane.com\/pt\/#website","url":"https:\/\/swimlane.com\/pt\/","name":"Automa\u00e7\u00e3o de seguran\u00e7a de baixo c\u00f3digo e plataforma SOAR | Swimlane","description":"Automa\u00e7\u00e3o de IA ag\u00eantica para todas as fun\u00e7\u00f5es de seguran\u00e7a","publisher":{"@id":"https:\/\/swimlane.com\/pt\/#organization"},"potentialAction":[{"@type":"SearchAction","target":{"@type":"EntryPoint","urlTemplate":"https:\/\/swimlane.com\/pt\/?s={search_term_string}"},"query-input":{"@type":"PropertyValueSpecification","valueRequired":true,"valueName":"search_term_string"}}],"inLanguage":"pt-PT"},{"@type":"Organization","@id":"https:\/\/swimlane.com\/pt\/#organization","name":"Automa\u00e7\u00e3o de seguran\u00e7a de baixo c\u00f3digo e plataforma SOAR | Swimlane","url":"https:\/\/swimlane.com\/pt\/","logo":{"@type":"ImageObject","inLanguage":"pt-PT","@id":"https:\/\/swimlane.com\/pt\/#\/schema\/logo\/image\/","url":"https:\/\/swimlane.com\/wp-content\/uploads\/sw-inline-logo-color-white.svg","contentUrl":"https:\/\/swimlane.com\/wp-content\/uploads\/sw-inline-logo-color-white.svg","width":912,"height":190,"caption":"Low-Code Security Automation & SOAR Platform | Swimlane"},"image":{"@id":"https:\/\/swimlane.com\/pt\/#\/schema\/logo\/image\/"},"sameAs":["https:\/\/x.com\/swimlane","https:\/\/www.linkedin.com\/company\/swimlane\/"]}]}},"publishpress_future_action":{"enabled":false,"date":"2026-05-17 06:44:29","action":"change-status","newStatus":"draft","terms":[],"taxonomy":"","extraData":[]},"publishpress_future_workflow_manual_trigger":{"enabledWorkflows":[]},"_links":{"self":[{"href":"https:\/\/swimlane.com\/pt\/wp-json\/wp\/v2\/pages\/36538","targetHints":{"allow":["GET"]}}],"collection":[{"href":"https:\/\/swimlane.com\/pt\/wp-json\/wp\/v2\/pages"}],"about":[{"href":"https:\/\/swimlane.com\/pt\/wp-json\/wp\/v2\/types\/page"}],"author":[{"embeddable":true,"href":"https:\/\/swimlane.com\/pt\/wp-json\/wp\/v2\/users\/43"}],"replies":[{"embeddable":true,"href":"https:\/\/swimlane.com\/pt\/wp-json\/wp\/v2\/comments?post=36538"}],"version-history":[{"count":0,"href":"https:\/\/swimlane.com\/pt\/wp-json\/wp\/v2\/pages\/36538\/revisions"}],"wp:attachment":[{"href":"https:\/\/swimlane.com\/pt\/wp-json\/wp\/v2\/media?parent=36538"}],"curies":[{"name":"wp","href":"https:\/\/api.w.org\/{rel}","templated":true}]}}