{"id":37967,"date":"2024-04-24T14:54:47","date_gmt":"2024-04-24T20:54:47","guid":{"rendered":"https:\/\/swimlane.com\/?page_id=37967"},"modified":"2024-04-24T14:55:42","modified_gmt":"2024-04-24T20:55:42","slug":"thank-you-3","status":"publish","type":"page","link":"https:\/\/swimlane.com\/pt\/thank-you\/blog\/","title":{"rendered":"Obrigado"},"content":{"rendered":"<section class=\"bs-section bs-section-1fc6c83304569bfed9354ae98983c9c05eb54c56 bs-section---default bs-section--common-banner-type-one bs-section--thank-you-two-header\"><style>.bs-section.bs-section-1fc6c83304569bfed9354ae98983c9c05eb54c56{ background-color: #000743;} <\/style><div class=\"container\">\n<div class=\"bs-row row   bs-row---default\">\n<div class=\"bs-column col-sm-12   bs-column-5f6574ebb29ac8d58ab608d2aff5b1bbe4f96332 bs-column---default\"><div class=\"bs-lottie-animator bs-lottie-animator---default\" id=\"lottie-c0bc2b86-4f9c-4a78-a2f6-f018966300d7\" data-settings=\"{&quot;desktop&quot;:{&quot;settings&quot;:{&quot;animateViewPort&quot;:1,&quot;direction&quot;:1,&quot;delay&quot;:0,&quot;loop&quot;:false,&quot;fileName&quot;:&quot;Resource_lines.json&quot;,&quot;mouseOutAction&quot;:&quot;none&quot;,&quot;numberOfLoops&quot;:0,&quot;playSpeed&quot;:1,&quot;path&quot;:&quot;https:\\\/\\\/swimlane.com\\\/wp-content\\\/uploads\\\/2023\\\/01\\\/Resource_lines.json&quot;,&quot;scrollRelativeTo&quot;:&quot;withinSection&quot;,&quot;trigger&quot;:false,&quot;triggerMethod&quot;:&quot;pageHover&quot;,&quot;oneTimePlay&quot;:true}},&quot;mobile&quot;:{&quot;breakpoint&quot;:576,&quot;settings&quot;:{&quot;animateViewPort&quot;:1,&quot;direction&quot;:1,&quot;delay&quot;:0,&quot;loop&quot;:false,&quot;fileName&quot;:&quot;Resource_lines_mobile_no-loop.json&quot;,&quot;mouseOutAction&quot;:&quot;none&quot;,&quot;numberOfLoops&quot;:0,&quot;playSpeed&quot;:1,&quot;path&quot;:&quot;https:\\\/\\\/swimlane.com\\\/wp-content\\\/uploads\\\/2022\\\/12\\\/Resource_lines_mobile_no-loop.json&quot;,&quot;scrollRelativeTo&quot;:&quot;withinSection&quot;,&quot;trigger&quot;:false,&quot;triggerMethod&quot;:&quot;pageHover&quot;,&quot;oneTimePlay&quot;:true}}}\"><\/div>\n\n\n<h1 class=\"wp-block-heading has-white-color has-text-color\" id=\"h-thanks-for-your-interest-in-swimlane\">Obrigado pelo seu interesse em <br>Pista de nata\u00e7\u00e3o<\/h1>\n<\/div>\n<\/div>\n<\/div><\/section>\n\n\n\n<section class=\"bs-section bs-section-502c73832019bda8fb232c98d214f96542b40af6 bs-section--thank-you-2\"><div class=\"container\">\n<div class=\"bs-row row   bs-row---default\">\n<div class=\"bs-column col-sm-12   bs-column-5f6574ebb29ac8d58ab608d2aff5b1bbe4f96332 bs-column---default\">\n<h2 class=\"wp-block-heading has-grey-1-color has-text-color\" id=\"h-your-request-is-on-its-way\">Seu pedido est\u00e1 a caminho!<\/h2>\n\n\n\n<p class=\"has-grey-2-color has-text-color\">Procure um e-mail de confirma\u00e7\u00e3o nosso na sua caixa de entrada. Caso n\u00e3o o encontre imediatamente, verifique tamb\u00e9m a pasta de lixo eletr\u00f4nico ou spam. Lembre-se de nos adicionar \u00e0 sua lista de remetentes confi\u00e1veis, selecionando &quot;n\u00e3o \u00e9 lixo eletr\u00f4nico&quot; ou &quot;n\u00e3o \u00e9 spam&quot;.\u201c<\/p>\n\n\n\n<p>Aproveite! Por favor <a href=\"\/pt\/contato\/\">Contate-nos<\/a> Se voc\u00ea tiver alguma d\u00favida.<\/p>\n\n\n\n<p>1-844-RAIA DE NATA\u00c7\u00c3O<\/p>\n\n\n\n<span class=\"bs-pro-button bs-pro-button---default bs-pro-button--primary-with-arrow-small bs-pro-button-p-btn-2947f83c58d30fc01807316205e78ff6c62fb438\"><style>.bs-pro-button-p-btn-2947f83c58d30fc01807316205e78ff6c62fb438 .bs-pro-button__container {background-color: #abb8c3; color: #000000;}<\/style><a href=\"https:\/\/swimlane.com\/pt\/\" target=\"\" rel=\"noopener noreferrer\" class=\"bs-pro-button__container\">Saber mais<\/a><\/span>\n\n\n<\/div>\n<\/div>\n<\/div><\/section>","protected":false},"excerpt":{"rendered":"","protected":false},"author":77,"featured_media":0,"parent":0,"menu_order":0,"comment_status":"closed","ping_status":"closed","template":"","meta":{"_acf_changed":false,"show_custom_date":false,"custom_date":"","featured":false,"featured_image":0,"learn_more_label":"","image_alt_text":"","learn_more_type":"","learn_more_link":[],"show_popup":false,"disable_iframe":false,"enable_lazy_loading":false,"learn_more_link_file":0,"event_date":false,"event_start_date":"","event_end_date":"","featured_page_list":[],"_relevanssi_hide_post":"","_relevanssi_hide_content":"","_relevanssi_pin_for_all":"","_relevanssi_pin_keywords":"","_relevanssi_unpin_keywords":"","_relevanssi_related_keywords":"","_relevanssi_related_include_ids":"","_relevanssi_related_exclude_ids":"","_relevanssi_related_no_append":"","_relevanssi_related_not_related":"","_relevanssi_related_posts":"","_relevanssi_noindex_reason":"","inline_featured_image":false,"footnotes":""},"class_list":["post-37967","page","type-page","status-publish","hentry"],"acf":[],"yoast_head":"<!-- This site is optimized with the Yoast SEO Premium plugin v22.5 (Yoast SEO v27.1.1) - https:\/\/yoast.com\/product\/yoast-seo-premium-wordpress\/ -->\n<title>Thank You - AI Security Automation<\/title>\n<meta name=\"description\" content=\"Swimlane is the largest and fastest-growing pure-play security automation company. Our platform is trusted by major organizations world-wide.\" \/>\n<meta name=\"robots\" content=\"noindex, nofollow\" \/>\n<meta property=\"og:locale\" content=\"pt_PT\" \/>\n<meta property=\"og:type\" content=\"article\" \/>\n<meta property=\"og:title\" content=\"Thank You\" \/>\n<meta property=\"og:description\" content=\"Swimlane is the largest and fastest-growing pure-play security automation company. Our platform is trusted by major organizations world-wide.\" \/>\n<meta property=\"og:url\" content=\"https:\/\/swimlane.com\/pt\/obrigado\/blogue\/\" \/>\n<meta property=\"og:site_name\" content=\"AI Security Automation\" \/>\n<meta property=\"article:modified_time\" content=\"2024-04-24T20:55:42+00:00\" \/>\n<meta property=\"og:image\" content=\"https:\/\/swimlane.com\/wp-content\/uploads\/Sitewide-OG.png\" \/>\n\t<meta property=\"og:image:width\" content=\"1200\" \/>\n\t<meta property=\"og:image:height\" content=\"630\" \/>\n\t<meta property=\"og:image:type\" content=\"image\/png\" \/>\n<meta name=\"twitter:card\" content=\"summary_large_image\" \/>\n<meta name=\"twitter:site\" content=\"@swimlane\" \/>\n<meta name=\"twitter:label1\" content=\"Tempo estimado de leitura\" \/>\n\t<meta name=\"twitter:data1\" content=\"1 minuto\" \/>\n<script type=\"application\/ld+json\" class=\"yoast-schema-graph\">{\"@context\":\"https:\/\/schema.org\",\"@graph\":[{\"@type\":\"WebPage\",\"@id\":\"https:\/\/swimlane.com\/pt\/thank-you\/blog\/\",\"url\":\"https:\/\/swimlane.com\/pt\/thank-you\/blog\/\",\"name\":\"Thank You - AI Security Automation\",\"isPartOf\":{\"@id\":\"https:\/\/swimlane.com\/pt\/#website\"},\"datePublished\":\"2024-04-24T20:54:47+00:00\",\"dateModified\":\"2024-04-24T20:55:42+00:00\",\"description\":\"Swimlane is the largest and fastest-growing pure-play security automation company. Our platform is trusted by major organizations world-wide.\",\"breadcrumb\":{\"@id\":\"https:\/\/swimlane.com\/pt\/thank-you\/blog\/#breadcrumb\"},\"inLanguage\":\"pt-PT\",\"potentialAction\":[{\"@type\":\"ReadAction\",\"target\":[\"https:\/\/swimlane.com\/pt\/thank-you\/blog\/\"]}]},{\"@type\":\"BreadcrumbList\",\"@id\":\"https:\/\/swimlane.com\/pt\/thank-you\/blog\/#breadcrumb\",\"itemListElement\":[{\"@type\":\"ListItem\",\"position\":1,\"name\":\"Home\",\"item\":\"https:\/\/swimlane.com\/\"},{\"@type\":\"ListItem\",\"position\":2,\"name\":\"Thank You\"}]},{\"@type\":\"WebSite\",\"@id\":\"https:\/\/swimlane.com\/pt\/#website\",\"url\":\"https:\/\/swimlane.com\/pt\/\",\"name\":\"Low-Code Security Automation & SOAR Platform | Swimlane\",\"description\":\"Agentic AI automation for every security function\",\"publisher\":{\"@id\":\"https:\/\/swimlane.com\/pt\/#organization\"},\"potentialAction\":[{\"@type\":\"SearchAction\",\"target\":{\"@type\":\"EntryPoint\",\"urlTemplate\":\"https:\/\/swimlane.com\/pt\/?s={search_term_string}\"},\"query-input\":{\"@type\":\"PropertyValueSpecification\",\"valueRequired\":true,\"valueName\":\"search_term_string\"}}],\"inLanguage\":\"pt-PT\"},{\"@type\":\"Organization\",\"@id\":\"https:\/\/swimlane.com\/pt\/#organization\",\"name\":\"Low-Code Security Automation & SOAR Platform | Swimlane\",\"url\":\"https:\/\/swimlane.com\/pt\/\",\"logo\":{\"@type\":\"ImageObject\",\"inLanguage\":\"pt-PT\",\"@id\":\"https:\/\/swimlane.com\/pt\/#\/schema\/logo\/image\/\",\"url\":\"https:\/\/swimlane.com\/wp-content\/uploads\/sw-inline-logo-color-white.svg\",\"contentUrl\":\"https:\/\/swimlane.com\/wp-content\/uploads\/sw-inline-logo-color-white.svg\",\"width\":912,\"height\":190,\"caption\":\"Low-Code Security Automation & SOAR Platform | Swimlane\"},\"image\":{\"@id\":\"https:\/\/swimlane.com\/pt\/#\/schema\/logo\/image\/\"},\"sameAs\":[\"https:\/\/x.com\/swimlane\",\"https:\/\/www.linkedin.com\/company\/swimlane\/\"]}]}<\/script>\n<!-- \/ Yoast SEO Premium plugin. -->","yoast_head_json":{"title":"Obrigado - Automa\u00e7\u00e3o de Seguran\u00e7a com IA","description":"A Swimlane \u00e9 a maior e mais din\u00e2mica empresa de automa\u00e7\u00e3o de seguran\u00e7a do mundo. Nossa plataforma \u00e9 utilizada por grandes organiza\u00e7\u00f5es em todo o planeta.","robots":{"index":"noindex","follow":"nofollow"},"og_locale":"pt_PT","og_type":"article","og_title":"Thank You","og_description":"Swimlane is the largest and fastest-growing pure-play security automation company. Our platform is trusted by major organizations world-wide.","og_url":"https:\/\/swimlane.com\/pt\/obrigado\/blogue\/","og_site_name":"AI Security Automation","article_modified_time":"2024-04-24T20:55:42+00:00","og_image":[{"width":1200,"height":630,"url":"https:\/\/swimlane.com\/wp-content\/uploads\/Sitewide-OG.png","type":"image\/png"}],"twitter_card":"summary_large_image","twitter_site":"@swimlane","twitter_misc":{"Tempo estimado de leitura":"1 minuto"},"schema":{"@context":"https:\/\/schema.org","@graph":[{"@type":"WebPage","@id":"https:\/\/swimlane.com\/pt\/thank-you\/blog\/","url":"https:\/\/swimlane.com\/pt\/thank-you\/blog\/","name":"Obrigado - Automa\u00e7\u00e3o de Seguran\u00e7a com IA","isPartOf":{"@id":"https:\/\/swimlane.com\/pt\/#website"},"datePublished":"2024-04-24T20:54:47+00:00","dateModified":"2024-04-24T20:55:42+00:00","description":"A Swimlane \u00e9 a maior e mais din\u00e2mica empresa de automa\u00e7\u00e3o de seguran\u00e7a do mundo. Nossa plataforma \u00e9 utilizada por grandes organiza\u00e7\u00f5es em todo o planeta.","breadcrumb":{"@id":"https:\/\/swimlane.com\/pt\/thank-you\/blog\/#breadcrumb"},"inLanguage":"pt-PT","potentialAction":[{"@type":"ReadAction","target":["https:\/\/swimlane.com\/pt\/thank-you\/blog\/"]}]},{"@type":"BreadcrumbList","@id":"https:\/\/swimlane.com\/pt\/thank-you\/blog\/#breadcrumb","itemListElement":[{"@type":"ListItem","position":1,"name":"Home","item":"https:\/\/swimlane.com\/"},{"@type":"ListItem","position":2,"name":"Thank You"}]},{"@type":"WebSite","@id":"https:\/\/swimlane.com\/pt\/#website","url":"https:\/\/swimlane.com\/pt\/","name":"Automa\u00e7\u00e3o de seguran\u00e7a de baixo c\u00f3digo e plataforma SOAR | Swimlane","description":"Automa\u00e7\u00e3o de IA ag\u00eantica para todas as fun\u00e7\u00f5es de seguran\u00e7a","publisher":{"@id":"https:\/\/swimlane.com\/pt\/#organization"},"potentialAction":[{"@type":"SearchAction","target":{"@type":"EntryPoint","urlTemplate":"https:\/\/swimlane.com\/pt\/?s={search_term_string}"},"query-input":{"@type":"PropertyValueSpecification","valueRequired":true,"valueName":"search_term_string"}}],"inLanguage":"pt-PT"},{"@type":"Organization","@id":"https:\/\/swimlane.com\/pt\/#organization","name":"Automa\u00e7\u00e3o de seguran\u00e7a de baixo c\u00f3digo e plataforma SOAR | Swimlane","url":"https:\/\/swimlane.com\/pt\/","logo":{"@type":"ImageObject","inLanguage":"pt-PT","@id":"https:\/\/swimlane.com\/pt\/#\/schema\/logo\/image\/","url":"https:\/\/swimlane.com\/wp-content\/uploads\/sw-inline-logo-color-white.svg","contentUrl":"https:\/\/swimlane.com\/wp-content\/uploads\/sw-inline-logo-color-white.svg","width":912,"height":190,"caption":"Low-Code Security Automation & SOAR Platform | Swimlane"},"image":{"@id":"https:\/\/swimlane.com\/pt\/#\/schema\/logo\/image\/"},"sameAs":["https:\/\/x.com\/swimlane","https:\/\/www.linkedin.com\/company\/swimlane\/"]}]}},"publishpress_future_action":{"enabled":false,"date":"2026-04-19 08:02:15","action":"change-status","newStatus":"draft","terms":[],"taxonomy":"","extraData":[]},"publishpress_future_workflow_manual_trigger":{"enabledWorkflows":[]},"_links":{"self":[{"href":"https:\/\/swimlane.com\/pt\/wp-json\/wp\/v2\/pages\/37967","targetHints":{"allow":["GET"]}}],"collection":[{"href":"https:\/\/swimlane.com\/pt\/wp-json\/wp\/v2\/pages"}],"about":[{"href":"https:\/\/swimlane.com\/pt\/wp-json\/wp\/v2\/types\/page"}],"author":[{"embeddable":true,"href":"https:\/\/swimlane.com\/pt\/wp-json\/wp\/v2\/users\/77"}],"replies":[{"embeddable":true,"href":"https:\/\/swimlane.com\/pt\/wp-json\/wp\/v2\/comments?post=37967"}],"version-history":[{"count":0,"href":"https:\/\/swimlane.com\/pt\/wp-json\/wp\/v2\/pages\/37967\/revisions"}],"wp:attachment":[{"href":"https:\/\/swimlane.com\/pt\/wp-json\/wp\/v2\/media?parent=37967"}],"curies":[{"name":"wp","href":"https:\/\/api.w.org\/{rel}","templated":true}]}}