{"id":38051,"date":"2024-04-30T14:05:20","date_gmt":"2024-04-30T20:05:20","guid":{"rendered":"https:\/\/swimlane.com\/?page_id=38051"},"modified":"2024-05-03T13:11:04","modified_gmt":"2024-05-03T19:11:04","slug":"triagem-de-phishing-em-iframe","status":"publish","type":"page","link":"https:\/\/swimlane.com\/pt\/iframe-phishing-triage\/","title":{"rendered":"triagem de phishing de iframe"},"content":{"rendered":"\n\n\n<section class=\"bs-section bs-section-32d46354e0add41761a01405705c535177fe62eb bs-section---default bs-section--home-resources bs-section--background-transition-helper bs-section--home-pp bs-section--home-resources-to-help  \"><div class=\"container\">\n<div class=\"bs-row row   bs-row---default\">\n<div class=\" bs-column col-sm-9   bs-column-63924f38ee3a73a2139f7f19358addb1f4bcfd0d bs-column---default     \">\n<h4 class=\"wp-block-heading\" id=\"h-learn-more-about-phishing-triage\">Learn More about Phishing Triage<\/h4>\n<\/div>\n\n\n\n<div class=\" bs-column col-sm-3   bs-column-b42b8be60057c06007fa91f308b2c6ad516a0d43 bs-column---default d-flex align-items-center justify-content-end    \">\n<span class=\"bs-pro-button bs-pro-button---default bs-pro-button--primary-with-arrow bs-pro-button-p-btn-e980ce4aad166bb315582527c3edc7d228a9ccb0\"><style>.bs-pro-button-p-btn-e980ce4aad166bb315582527c3edc7d228a9ccb0 .bs-pro-button__container {background-color: #abb8c3; color: #000000;}<\/style><a href=\"https:\/\/swimlane.com\/resources\/\" target=\"\" rel=\"noopener noreferrer\" class=\"bs-pro-button__container\">View All Resources<\/a><\/span>\n<\/div>\n<\/div>\n\n\n\n<div class=\"bs-row row   bs-row---default\">\n<div class=\" bs-column col-sm-12   bs-column-5f6574ebb29ac8d58ab608d2aff5b1bbe4f96332 bs-column---default     \">\t<div id=\"slider-099c224b409d645392cf6d9ad8473255d4d5a395\"\n\t\tclass=\"bs-slider bs-slider---default\">\n\t\t<div id=\"slider-099c224b409d645392cf6d9ad8473255d4d5a395-content\" class=\"slick-slider\"\n\t\t\tdata-slick='{\"responsive\":[{\"breakpoint\":9999,\"settings\":{\"slidesToShow\":3,\"slidesToScroll\":1,\"arrows\":true,\"dots\":false,\"infinite\":false,\"autoplay\":false,\"draggable\":true,\"swipe\":true,\"autoplaySpeed\":3000,\"initialSlide\":0,\"speed\":300,\"fade\":false,\"variableWidth\":false,\"adaptiveHeight\":false,\"focusOnSelect\":false,\"centerMode\":false,\"centerPadding\":\"50px\",\"lazyLoad\":\"progressive\",\"unslick\":false}},{\"breakpoint\":576,\"settings\":\"unslick\"},{\"breakpoint\":992,\"settings\":\"unslick\"},{\"breakpoint\":1200,\"settings\":{\"slidesToShow\":3,\"slidesToScroll\":1,\"arrows\":true,\"dots\":false,\"infinite\":false,\"autoplay\":false,\"draggable\":true,\"swipe\":true,\"autoplaySpeed\":3000,\"initialSlide\":0,\"speed\":300,\"fade\":false,\"variableWidth\":false,\"adaptiveHeight\":false,\"focusOnSelect\":false,\"centerMode\":false,\"centerPadding\":\"50px\",\"lazyLoad\":\"progressive\",\"unslick\":false}}]}'\n\t\t\tdata-unslick-mobile data-unslick-tablet\n\t\t>\t\t\t<div class=\"slick-slide-wrapper\" >\n\t\t\t\t\n\n<div class=\"bs-row row   bs-row---default\">\n<div class=\" bs-column col-sm-0 col-lg-12   bs-column-c4f55c2be6ae350a9f57a8a32e49b7d0fa4b380d bs-column---default     \">\t\t\t\t\t<div class=\"bs-post bs-post-69d62c9dd5fc6 bs-single-post---default bs-single-post--home-resources enable\" >\n\t\t\t<a class=\"bs-post__trigger\" href='https:\/\/swimlane.com\/pt\/resources\/videos\/automating-phishing-alert-triage-demo\/' target='_self'>\t\t\t<div class=\"bs-post__inner\">\n\t\t\t\t<div class='bs-post__image'>\n                            <figure class='figure'>\n                                <img src='https:\/\/swimlane.com\/wp-content\/uploads\/Copy-of-YouTube-video-Thumbnails.png' class='img-fluid' alt='' title='Copy of YouTube video Thumbnails'   \/>\n                                <figcaption class='figure-caption'><\/figcaption>\n                            <\/figure>\n                        <\/div><div class=\"bs-post__details\">    <div class=\"bs-post__category bs-post-taxonomy_resource-type\">\n        <span>Demo<\/span><span>Video<\/span>    <\/div>\n    <div class=\"bs-post__title\">\n        <h3>How to Automate Phishing Detection and Response<\/h3>\n    <\/div>\n<div class=\"bs-post__learn-more\">\n    <span class='btn learn-more-text bs-post__learn-more-text'>Read More<\/span><\/div>\n<\/div>\t\t\t<\/div>\n\t\t\t<\/a>\t\t<\/div>\n\t<\/div>\n<\/div>\n\n\n\t\t\t<\/div>\t\t\t<div class=\"slick-slide-wrapper\" >\n\t\t\t\t\n\n<div class=\"bs-row row   bs-row---default\">\n<div class=\" bs-column col-sm-0 col-lg-12   bs-column-c4f55c2be6ae350a9f57a8a32e49b7d0fa4b380d bs-column---default     \">\t\t\t\t\t<div class=\"bs-post bs-post-69d62c9dd6a1e bs-single-post---default bs-single-post--home-resources enable\" >\n\t\t\t<a class=\"bs-post__trigger\" href='https:\/\/swimlane.com\/pt\/resources\/videos\/case-management-for-phishing\/' target='_self'>\t\t\t<div class=\"bs-post__inner\">\n\t\t\t\t<div class='bs-post__image'>\n                            <figure class='figure'>\n                                <img src='https:\/\/swimlane.com\/wp-content\/uploads\/CaseManagementPhishing.png' class='img-fluid' alt='' title='CaseManagementPhishing'   \/>\n                                <figcaption class='figure-caption'><\/figcaption>\n                            <\/figure>\n                        <\/div><div class=\"bs-post__details\">    <div class=\"bs-post__category bs-post-taxonomy_resource-type\">\n        <span>Demo<\/span><span>Video<\/span>    <\/div>\n    <div class=\"bs-post__title\">\n        <h3>Case Management for Phishing Triage Use Case<\/h3>\n    <\/div>\n<div class=\"bs-post__learn-more\">\n    <span class='btn learn-more-text bs-post__learn-more-text'>Read More<\/span><\/div>\n<\/div>\t\t\t<\/div>\n\t\t\t<\/a>\t\t<\/div>\n\t<\/div>\n<\/div>\n\n\n\t\t\t<\/div>\t\t\t<div class=\"slick-slide-wrapper\" >\n\t\t\t\t\n\n<div class=\"bs-row row   bs-row---default\">\n<div class=\" bs-column col-sm-0 col-lg-12   bs-column-c4f55c2be6ae350a9f57a8a32e49b7d0fa4b380d bs-column---default     \">\t\t\t\t\t<div class=\"bs-post bs-post-69d62c9dd7398 bs-single-post---default bs-single-post--home-resources enable\" >\n\t\t\t<a class=\"bs-post__trigger\" href='https:\/\/swimlane.com\/pt\/blog\/digital-investigative-group-customer-story\/' target='_self'>\t\t\t<div class=\"bs-post__inner\">\n\t\t\t\t<div class='bs-post__image'>\n                            <figure class='figure'>\n                                <img src='https:\/\/swimlane.com\/wp-content\/uploads\/THE-DIG.webp' class='img-fluid' alt='' title='THE-DIG' loading=\"lazy\"  \/>\n                                <figcaption class='figure-caption'><\/figcaption>\n                            <\/figure>\n                        <\/div><div class=\"bs-post__details\">    <div class=\"bs-post__category bs-post-taxonomy_resource-type\">\n        <span>Blog<\/span>    <\/div>\n    <div class=\"bs-post__title\">\n        <h3>Why The DIG Chose Swimlane to Transform Its Phishing Defense<\/h3>\n    <\/div>\n<div class=\"bs-post__learn-more\">\n    <span class='btn learn-more-text bs-post__learn-more-text'>Read More<\/span><\/div>\n<\/div>\t\t\t<\/div>\n\t\t\t<\/a>\t\t<\/div>\n\t<\/div>\n<\/div>\n\n\n\t\t\t<\/div>\t\t<\/div>\n\t<\/div><\/div>\n<\/div>\n<\/div><\/section>\n\n\n\n\n","protected":false},"excerpt":{"rendered":"","protected":false},"author":43,"featured_media":0,"parent":0,"menu_order":0,"comment_status":"closed","ping_status":"closed","template":"iframe-page.php","meta":{"_acf_changed":false,"show_custom_date":false,"custom_date":"","featured":false,"featured_image":0,"learn_more_label":"","image_alt_text":"","learn_more_type":"","learn_more_link":[],"show_popup":false,"disable_iframe":false,"enable_lazy_loading":false,"learn_more_link_file":0,"event_date":false,"event_start_date":"","event_end_date":"","featured_page_list":[],"_relevanssi_hide_post":"","_relevanssi_hide_content":"","_relevanssi_pin_for_all":"","_relevanssi_pin_keywords":"","_relevanssi_unpin_keywords":"","_relevanssi_related_keywords":"","_relevanssi_related_include_ids":"","_relevanssi_related_exclude_ids":"","_relevanssi_related_no_append":"","_relevanssi_related_not_related":"","_relevanssi_related_posts":"","_relevanssi_noindex_reason":"","inline_featured_image":false,"footnotes":""},"class_list":["post-38051","page","type-page","status-publish","hentry"],"acf":[],"yoast_head":"<!-- This site is optimized with the Yoast SEO Premium plugin v22.5 (Yoast SEO v27.1.1) - https:\/\/yoast.com\/product\/yoast-seo-premium-wordpress\/ -->\n<title>Iframe-phishing-triage - AI Security Automation<\/title>\n<meta name=\"description\" content=\"Swimlane is the largest and fastest-growing pure-play security automation company. Our platform is trusted by major organizations world-wide.\" \/>\n<meta name=\"robots\" content=\"noindex, nofollow\" \/>\n<meta property=\"og:locale\" content=\"pt_PT\" \/>\n<meta property=\"og:type\" content=\"article\" \/>\n<meta property=\"og:title\" content=\"Iframe-phishing-triage\" \/>\n<meta property=\"og:description\" content=\"Swimlane is the largest and fastest-growing pure-play security automation company. Our platform is trusted by major organizations world-wide.\" \/>\n<meta property=\"og:url\" content=\"https:\/\/swimlane.com\/pt\/triagem-de-phishing-em-iframe\/\" \/>\n<meta property=\"og:site_name\" content=\"AI Security Automation\" \/>\n<meta property=\"article:modified_time\" content=\"2024-05-03T19:11:04+00:00\" \/>\n<meta property=\"og:image\" content=\"https:\/\/swimlane.com\/wp-content\/uploads\/Sitewide-OG.png\" \/>\n\t<meta property=\"og:image:width\" content=\"1200\" \/>\n\t<meta property=\"og:image:height\" content=\"630\" \/>\n\t<meta property=\"og:image:type\" content=\"image\/png\" \/>\n<meta name=\"twitter:card\" content=\"summary_large_image\" \/>\n<meta name=\"twitter:site\" content=\"@swimlane\" \/>\n<meta name=\"twitter:label1\" content=\"Tempo estimado de leitura\" \/>\n\t<meta name=\"twitter:data1\" content=\"1 minuto\" \/>\n<script type=\"application\/ld+json\" class=\"yoast-schema-graph\">{\"@context\":\"https:\/\/schema.org\",\"@graph\":[{\"@type\":\"WebPage\",\"@id\":\"https:\/\/swimlane.com\/pt\/iframe-phishing-triage\/\",\"url\":\"https:\/\/swimlane.com\/pt\/iframe-phishing-triage\/\",\"name\":\"Iframe-phishing-triage - AI Security Automation\",\"isPartOf\":{\"@id\":\"https:\/\/swimlane.com\/pt\/#website\"},\"datePublished\":\"2024-04-30T20:05:20+00:00\",\"dateModified\":\"2024-05-03T19:11:04+00:00\",\"description\":\"Swimlane is the largest and fastest-growing pure-play security automation company. Our platform is trusted by major organizations world-wide.\",\"breadcrumb\":{\"@id\":\"https:\/\/swimlane.com\/pt\/iframe-phishing-triage\/#breadcrumb\"},\"inLanguage\":\"pt-PT\",\"potentialAction\":[{\"@type\":\"ReadAction\",\"target\":[\"https:\/\/swimlane.com\/pt\/iframe-phishing-triage\/\"]}]},{\"@type\":\"BreadcrumbList\",\"@id\":\"https:\/\/swimlane.com\/pt\/iframe-phishing-triage\/#breadcrumb\",\"itemListElement\":[{\"@type\":\"ListItem\",\"position\":1,\"name\":\"Home\",\"item\":\"https:\/\/swimlane.com\/\"},{\"@type\":\"ListItem\",\"position\":2,\"name\":\"Iframe-phishing-triage\"}]},{\"@type\":\"WebSite\",\"@id\":\"https:\/\/swimlane.com\/pt\/#website\",\"url\":\"https:\/\/swimlane.com\/pt\/\",\"name\":\"Low-Code Security Automation & SOAR Platform | Swimlane\",\"description\":\"Agentic AI automation for every security function\",\"publisher\":{\"@id\":\"https:\/\/swimlane.com\/pt\/#organization\"},\"potentialAction\":[{\"@type\":\"SearchAction\",\"target\":{\"@type\":\"EntryPoint\",\"urlTemplate\":\"https:\/\/swimlane.com\/pt\/?s={search_term_string}\"},\"query-input\":{\"@type\":\"PropertyValueSpecification\",\"valueRequired\":true,\"valueName\":\"search_term_string\"}}],\"inLanguage\":\"pt-PT\"},{\"@type\":\"Organization\",\"@id\":\"https:\/\/swimlane.com\/pt\/#organization\",\"name\":\"Low-Code Security Automation & SOAR Platform | Swimlane\",\"url\":\"https:\/\/swimlane.com\/pt\/\",\"logo\":{\"@type\":\"ImageObject\",\"inLanguage\":\"pt-PT\",\"@id\":\"https:\/\/swimlane.com\/pt\/#\/schema\/logo\/image\/\",\"url\":\"https:\/\/swimlane.com\/wp-content\/uploads\/sw-inline-logo-color-white.svg\",\"contentUrl\":\"https:\/\/swimlane.com\/wp-content\/uploads\/sw-inline-logo-color-white.svg\",\"width\":912,\"height\":190,\"caption\":\"Low-Code Security Automation & SOAR Platform | Swimlane\"},\"image\":{\"@id\":\"https:\/\/swimlane.com\/pt\/#\/schema\/logo\/image\/\"},\"sameAs\":[\"https:\/\/x.com\/swimlane\",\"https:\/\/www.linkedin.com\/company\/swimlane\/\"]}]}<\/script>\n<!-- \/ Yoast SEO Premium plugin. -->","yoast_head_json":{"title":"Triagem de phishing por iframe - Automa\u00e7\u00e3o de seguran\u00e7a com IA","description":"A Swimlane \u00e9 a maior e mais din\u00e2mica empresa de automa\u00e7\u00e3o de seguran\u00e7a do mundo. Nossa plataforma \u00e9 utilizada por grandes organiza\u00e7\u00f5es em todo o planeta.","robots":{"index":"noindex","follow":"nofollow"},"og_locale":"pt_PT","og_type":"article","og_title":"Iframe-phishing-triage","og_description":"Swimlane is the largest and fastest-growing pure-play security automation company. Our platform is trusted by major organizations world-wide.","og_url":"https:\/\/swimlane.com\/pt\/triagem-de-phishing-em-iframe\/","og_site_name":"AI Security Automation","article_modified_time":"2024-05-03T19:11:04+00:00","og_image":[{"width":1200,"height":630,"url":"https:\/\/swimlane.com\/wp-content\/uploads\/Sitewide-OG.png","type":"image\/png"}],"twitter_card":"summary_large_image","twitter_site":"@swimlane","twitter_misc":{"Tempo estimado de leitura":"1 minuto"},"schema":{"@context":"https:\/\/schema.org","@graph":[{"@type":"WebPage","@id":"https:\/\/swimlane.com\/pt\/iframe-phishing-triage\/","url":"https:\/\/swimlane.com\/pt\/iframe-phishing-triage\/","name":"Triagem de phishing por iframe - Automa\u00e7\u00e3o de seguran\u00e7a com IA","isPartOf":{"@id":"https:\/\/swimlane.com\/pt\/#website"},"datePublished":"2024-04-30T20:05:20+00:00","dateModified":"2024-05-03T19:11:04+00:00","description":"A Swimlane \u00e9 a maior e mais din\u00e2mica empresa de automa\u00e7\u00e3o de seguran\u00e7a do mundo. Nossa plataforma \u00e9 utilizada por grandes organiza\u00e7\u00f5es em todo o planeta.","breadcrumb":{"@id":"https:\/\/swimlane.com\/pt\/iframe-phishing-triage\/#breadcrumb"},"inLanguage":"pt-PT","potentialAction":[{"@type":"ReadAction","target":["https:\/\/swimlane.com\/pt\/iframe-phishing-triage\/"]}]},{"@type":"BreadcrumbList","@id":"https:\/\/swimlane.com\/pt\/iframe-phishing-triage\/#breadcrumb","itemListElement":[{"@type":"ListItem","position":1,"name":"Home","item":"https:\/\/swimlane.com\/"},{"@type":"ListItem","position":2,"name":"Iframe-phishing-triage"}]},{"@type":"WebSite","@id":"https:\/\/swimlane.com\/pt\/#website","url":"https:\/\/swimlane.com\/pt\/","name":"Automa\u00e7\u00e3o de seguran\u00e7a de baixo c\u00f3digo e plataforma SOAR | Swimlane","description":"Automa\u00e7\u00e3o de IA ag\u00eantica para todas as fun\u00e7\u00f5es de seguran\u00e7a","publisher":{"@id":"https:\/\/swimlane.com\/pt\/#organization"},"potentialAction":[{"@type":"SearchAction","target":{"@type":"EntryPoint","urlTemplate":"https:\/\/swimlane.com\/pt\/?s={search_term_string}"},"query-input":{"@type":"PropertyValueSpecification","valueRequired":true,"valueName":"search_term_string"}}],"inLanguage":"pt-PT"},{"@type":"Organization","@id":"https:\/\/swimlane.com\/pt\/#organization","name":"Automa\u00e7\u00e3o de seguran\u00e7a de baixo c\u00f3digo e plataforma SOAR | Swimlane","url":"https:\/\/swimlane.com\/pt\/","logo":{"@type":"ImageObject","inLanguage":"pt-PT","@id":"https:\/\/swimlane.com\/pt\/#\/schema\/logo\/image\/","url":"https:\/\/swimlane.com\/wp-content\/uploads\/sw-inline-logo-color-white.svg","contentUrl":"https:\/\/swimlane.com\/wp-content\/uploads\/sw-inline-logo-color-white.svg","width":912,"height":190,"caption":"Low-Code Security Automation & SOAR Platform | Swimlane"},"image":{"@id":"https:\/\/swimlane.com\/pt\/#\/schema\/logo\/image\/"},"sameAs":["https:\/\/x.com\/swimlane","https:\/\/www.linkedin.com\/company\/swimlane\/"]}]}},"publishpress_future_action":{"enabled":false,"date":"2026-04-15 04:23:25","action":"change-status","newStatus":"draft","terms":[],"taxonomy":"","extraData":[]},"publishpress_future_workflow_manual_trigger":{"enabledWorkflows":[]},"_links":{"self":[{"href":"https:\/\/swimlane.com\/pt\/wp-json\/wp\/v2\/pages\/38051","targetHints":{"allow":["GET"]}}],"collection":[{"href":"https:\/\/swimlane.com\/pt\/wp-json\/wp\/v2\/pages"}],"about":[{"href":"https:\/\/swimlane.com\/pt\/wp-json\/wp\/v2\/types\/page"}],"author":[{"embeddable":true,"href":"https:\/\/swimlane.com\/pt\/wp-json\/wp\/v2\/users\/43"}],"replies":[{"embeddable":true,"href":"https:\/\/swimlane.com\/pt\/wp-json\/wp\/v2\/comments?post=38051"}],"version-history":[{"count":0,"href":"https:\/\/swimlane.com\/pt\/wp-json\/wp\/v2\/pages\/38051\/revisions"}],"wp:attachment":[{"href":"https:\/\/swimlane.com\/pt\/wp-json\/wp\/v2\/media?parent=38051"}],"curies":[{"name":"wp","href":"https:\/\/api.w.org\/{rel}","templated":true}]}}