{"id":448,"date":"2022-11-11T14:17:10","date_gmt":"2022-11-11T14:17:10","guid":{"rendered":"https:\/\/swimlane.com\/?page_id=448"},"modified":"2025-01-21T08:59:31","modified_gmt":"2025-01-21T15:59:31","slug":"livros-eletronicos-2","status":"publish","type":"page","link":"https:\/\/swimlane.com\/pt\/resources\/ebooks\/","title":{"rendered":"Livros electr\u00f3nicos"},"content":{"rendered":"<section class=\"bs-section bs-section-2e631c7b0fc8e652a9fb5e8ed3b8eff83c2b6282 bs-section---default bs-section--common-banner-type-one bs-section--resources-banner\"><style>.bs-section.bs-section-2e631c7b0fc8e652a9fb5e8ed3b8eff83c2b6282{ background-color: #000743;} <\/style><div class=\"container\">\n<div class=\"bs-row row   bs-row---default\">\n<div class=\"bs-column col-sm-12 col-xl-10   bs-column-a86c916056090f1ae723185e54d12fa9a9acfed4 bs-column---default\">\n<h1 class=\"wp-block-heading has-white-color has-text-color\" id=\"h-ebooks\">Livros electr\u00f3nicos<\/h1>\n\n\n<div class=\"bs-lottie-animator bs-lottie-animator---default\" id=\"lottie-d1a0eeb6-6458-4680-8a97-c1811ecc64cf\" data-settings=\"{&quot;desktop&quot;:{&quot;settings&quot;:{&quot;animateViewPort&quot;:50,&quot;direction&quot;:1,&quot;delay&quot;:0,&quot;loop&quot;:false,&quot;fileName&quot;:&quot;Resource_lines.json&quot;,&quot;mouseOutAction&quot;:&quot;none&quot;,&quot;numberOfLoops&quot;:0,&quot;playSpeed&quot;:1,&quot;path&quot;:&quot;https:\\\/\\\/swimlane.com\\\/wp-content\\\/uploads\\\/2023\\\/01\\\/Resource_lines.json&quot;,&quot;scrollRelativeTo&quot;:&quot;withinSection&quot;,&quot;trigger&quot;:false,&quot;triggerMethod&quot;:&quot;pageHover&quot;,&quot;oneTimePlay&quot;:true}},&quot;mobile&quot;:{&quot;breakpoint&quot;:576,&quot;settings&quot;:{&quot;animateViewPort&quot;:1,&quot;direction&quot;:1,&quot;delay&quot;:0,&quot;loop&quot;:false,&quot;fileName&quot;:&quot;Resource_lines_mobile_no-loop.json&quot;,&quot;mouseOutAction&quot;:&quot;none&quot;,&quot;numberOfLoops&quot;:0,&quot;playSpeed&quot;:1,&quot;path&quot;:&quot;https:\\\/\\\/swimlane.com\\\/wp-content\\\/uploads\\\/2022\\\/12\\\/Resource_lines_mobile_no-loop.json&quot;,&quot;scrollRelativeTo&quot;:&quot;withinSection&quot;,&quot;trigger&quot;:false,&quot;triggerMethod&quot;:&quot;pageHover&quot;,&quot;oneTimePlay&quot;:true}}}\"><\/div><\/div>\n<\/div>\n<\/div><\/section>\n\n\n\n<section class=\"bs-section bs-section-1bf2a72f8482779f277cce63353110b0869b664c bs-section---default bs-section--resources\"><div class=\"container\">\n<div class=\"bs-row row   bs-row---default bs-row--common-filter\">\n<div class=\"bs-column col-sm-3   bs-column-b31bc785c46bb86b0d6544286984265111c340a1 bs-column---default\">\n<div class=\"bs-div bs-div-3551430d419562531ebf8b1a1c8130369b892562 bs-div---default bs-div--common-filter\"><div class=\"bs-div__inner\">\n<div class=\"bs-div bs-div-2aebcd1b2c11849d7c87d8462be32842b8c42b50 bs-div---default\"><div class=\"bs-div__inner\">\n<p>Filtrar recursos<\/p>\n\n\n<div class=\"facetwp-facet facetwp-facet-search facetwp-type-search\" data-name=\"search\" data-type=\"search\"><\/div>\n\n\n\n<span class=\"bs-pro-button bs-pro-button---default bs-pro-button-p-btn-0e4105b76bfc2cae079673a83ecfb8e84a8ff56b\"><style>.bs-pro-button-p-btn-0e4105b76bfc2cae079673a83ecfb8e84a8ff56b .bs-pro-button__container {background-color: #abb8c3; color: #000000;}<\/style><a target=\"\" rel=\"noopener noreferrer\" class=\"bs-pro-button__container\">Filtros<\/a><\/span>\n<\/div><\/div>\n\n\n\n<div class=\"bs-div bs-div-91103da672f431009115c2b4dd3e89284290a37b bs-div---default\"><div class=\"bs-div__inner\">\n<div class=\"wp-block-pb-accordion-item c-accordion__item js-accordion-item no-js is-open\" data-initially-open=\"true\" data-click-to-close=\"true\" data-auto-close=\"true\" data-scroll=\"false\" data-scroll-offset=\"0\"><h2 id=\"at-4480\" class=\"c-accordion__title js-accordion-controller\" role=\"button\">T\u00d3PICO<\/h2><div id=\"ac-4480\" class=\"c-accordion__content\"><div class=\"facetwp-facet facetwp-facet-resource_topic facetwp-type-checkboxes\" data-name=\"resource_topic\" data-type=\"checkboxes\"><\/div>\n<\/div><\/div>\n<\/div><\/div>\n\n\n\n<div class=\"bs-div bs-div-91103da672f431009115c2b4dd3e89284290a37b bs-div---default\"><div class=\"bs-div__inner\"><div class=\"facetwp-facet facetwp-facet-clear_all facetwp-type-reset\" data-name=\"clear_all\" data-type=\"reset\"><\/div>\n<\/div><\/div>\n<\/div><\/div>\n<\/div>\n\n\n\n<div class=\"bs-column col-sm-9   bs-column-63924f38ee3a73a2139f7f19358addb1f4bcfd0d bs-column---default\"><div class=\"facetwp-selections\"><\/div>\n\n\n<div class=\"facetwp-template\" data-name=\"resource_ebooks\"><div class=\"bs-posts\">\n    <div id=\"masonry-layout\" class=\"bs-posts__list row\">\n                    <div class=\"bs-posts__column col-sm-12 col-md-4\">\n                <div class=\"bs-post bs-post-resource e-book has-image\"><a class=\"bs-post__trigger\" href='https:\/\/swimlane.com\/pt\/resources\/e-books\/guide-orchestrate-ai-agents\/' target='_self'>                <div class=\"bs-post__inner\">\n                    <div class=\"bs-post__image\">\n                                    <figure class=\"figure\"> <img decoding=\"async\"\n                                            src=\"https:\/\/swimlane.com\/wp-content\/uploads\/A-Guide-for-Orchestrating-AI-Agents-scaled.webp\"\n                                            class=\"img-fluid\"\n                                            alt=\"Um guia para orquestrar agentes de IA\"\/>\n                                    <\/figure>\n                                <\/div><div class=\"bs-post__details\"><div class=\"bs-post__resource-type bs-post-taxonomy_resource-type\"> <span>E-book<\/span><\/div><div class=\"bs-post__title\"><p>Um guia para orquestrar agentes de IA<\/p><\/div><div class=\"bs-post__learn-more\"><span class=\"btn learn-more-text bs-post__learn-more-text\">Ler mais<\/span><\/div><\/div>                <\/div>\n                <\/a><\/div>            <\/div>\n                        <div class=\"bs-posts__column col-sm-12 col-md-4\">\n                <div class=\"bs-post bs-post-resource e-book has-image\"><a class=\"bs-post__trigger\" href='https:\/\/swimlane.com\/pt\/resources\/e-books\/ai-automation-beyond-soar\/' target='_self'>                <div class=\"bs-post__inner\">\n                    <div class=\"bs-post__image\">\n                                    <figure class=\"figure\"> <img decoding=\"async\"\n                                            src=\"https:\/\/swimlane.com\/wp-content\/uploads\/OG-Extend-Beyond-SOAR.png\"\n                                            class=\"img-fluid\"\n                                            alt=\"Banner do ebook &quot;Extend Beyond SOAR&quot; representando a evolu\u00e7\u00e3o da estrat\u00e9gia de automa\u00e7\u00e3o de seguran\u00e7a orientada por IA.\"\/>\n                                    <\/figure>\n                                <\/div><div class=\"bs-post__details\"><div class=\"bs-post__resource-type bs-post-taxonomy_resource-type\"> <span>E-book<\/span><\/div><div class=\"bs-post__title\"><p>V\u00e1 al\u00e9m do SOAR: Entre no futuro com a automa\u00e7\u00e3o por IA. <\/p><\/div><div class=\"bs-post__learn-more\"><span class=\"btn learn-more-text bs-post__learn-more-text\">Ler mais<\/span><\/div><\/div>                <\/div>\n                <\/a><\/div>            <\/div>\n                        <div class=\"bs-posts__column col-sm-12 col-md-4\">\n                <div class=\"bs-post bs-post-resource e-book has-image\"><a class=\"bs-post__trigger\" href='https:\/\/swimlane.com\/pt\/resources\/e-books\/unveiling-security-automation\/' target='_self'>                <div class=\"bs-post__inner\">\n                    <div class=\"bs-post__image\">\n                                    <figure class=\"figure\"> <img decoding=\"async\"\n                                            src=\"https:\/\/swimlane.com\/wp-content\/uploads\/Use-Case-OG-Thompson-Suggestions-1.png\"\n                                            class=\"img-fluid\"\n                                            alt=\"Ebook da Swimlane sobre automa\u00e7\u00e3o de seguran\u00e7a, explorando a percep\u00e7\u00e3o versus a realidade do SecOps com casos de uso do mundo real.\"\/>\n                                    <\/figure>\n                                <\/div><div class=\"bs-post__details\"><div class=\"bs-post__resource-type bs-post-taxonomy_resource-type\"> <span>E-book<\/span><\/div><div class=\"bs-post__title\"><p>Revelando a Automa\u00e7\u00e3o de Seguran\u00e7a: Percep\u00e7\u00e3o Executiva vs. Realidade Pr\u00e1tica<\/p><\/div><div class=\"bs-post__learn-more\"><span class=\"btn learn-more-text bs-post__learn-more-text\">Ler mais<\/span><\/div><\/div>                <\/div>\n                <\/a><\/div>            <\/div>\n                        <div class=\"bs-posts__column col-sm-12 col-md-4\">\n                <div class=\"bs-post bs-post-resource e-book has-image\"><a class=\"bs-post__trigger\" href='https:\/\/swimlane.com\/pt\/resources\/e-books\/security-automation-for-mssp-mdr\/' target='_self'>                <div class=\"bs-post__inner\">\n                    <div class=\"bs-post__image\">\n                                    <figure class=\"figure\"> <img decoding=\"async\"\n                                            src=\"https:\/\/swimlane.com\/wp-content\/uploads\/Automation-Imperative.webp\"\n                                            class=\"img-fluid\"\n                                            alt=\"\"\/>\n                                    <\/figure>\n                                <\/div><div class=\"bs-post__details\"><div class=\"bs-post__resource-type bs-post-taxonomy_resource-type\"> <span>E-book<\/span><\/div><div class=\"bs-post__title\"><p>Como a automa\u00e7\u00e3o potencializa a efic\u00e1cia e a escalabilidade dos MSSPs e MDRs<\/p><\/div><div class=\"bs-post__learn-more\"><span class=\"btn learn-more-text bs-post__learn-more-text\">Ler mais<\/span><\/div><\/div>                <\/div>\n                <\/a><\/div>            <\/div>\n                        <div class=\"bs-posts__column col-sm-12 col-md-4\">\n                <div class=\"bs-post bs-post-resource e-book has-image\"><a class=\"bs-post__trigger\" href='https:\/\/swimlane.com\/pt\/resources\/e-books\/security-automation-use-cases\/' target='_self'>                <div class=\"bs-post__inner\">\n                    <div class=\"bs-post__image\">\n                                    <figure class=\"figure\"> <img decoding=\"async\"\n                                            src=\"https:\/\/swimlane.com\/wp-content\/uploads\/eBookUseCasespreview.webp\"\n                                            class=\"img-fluid\"\n                                            alt=\"Capa do eBook Swimlane representando 13 casos de uso de automa\u00e7\u00e3o de seguran\u00e7a para SOC e entidades corporativas.\"\/>\n                                    <\/figure>\n                                <\/div><div class=\"bs-post__details\"><div class=\"bs-post__resource-type bs-post-taxonomy_resource-type\"> <span>E-book<\/span><\/div><div class=\"bs-post__title\"><p>Os 13 principais casos de uso de automa\u00e7\u00e3o para seu SOC e muito mais.<\/p><\/div><div class=\"bs-post__learn-more\"><span class=\"btn learn-more-text bs-post__learn-more-text\">Ler mais<\/span><\/div><\/div>                <\/div>\n                <\/a><\/div>            <\/div>\n                        <div class=\"bs-posts__column col-sm-12 col-md-4\">\n                <div class=\"bs-post bs-post-resource e-book has-image\"><a class=\"bs-post__trigger\" href='https:\/\/swimlane.com\/pt\/resources\/e-books\/a-buyers-guide-for-modern-security-automation\/' target='_self'>                <div class=\"bs-post__inner\">\n                    <div class=\"bs-post__image\">\n                                    <figure class=\"figure\"> <img decoding=\"async\"\n                                            src=\"https:\/\/swimlane.com\/wp-content\/uploads\/image_2024-06-11_095344781.png\"\n                                            class=\"img-fluid\"\n                                            alt=\"Guia do comprador para automa\u00e7\u00e3o de seguran\u00e7a moderna: um recurso estrat\u00e9gico para avaliar tecnologias SOAR e SecOps.\"\/>\n                                    <\/figure>\n                                <\/div><div class=\"bs-post__details\"><div class=\"bs-post__resource-type bs-post-taxonomy_resource-type\"> <span>E-book<\/span><\/div><div class=\"bs-post__title\"><p>Guia do comprador para automa\u00e7\u00e3o de seguran\u00e7a moderna<\/p><\/div><div class=\"bs-post__learn-more\"><span class=\"btn learn-more-text bs-post__learn-more-text\">Ler mais<\/span><\/div><\/div>                <\/div>\n                <\/a><\/div>            <\/div>\n                        <div class=\"bs-posts__column col-sm-12 col-md-4\">\n                <div class=\"bs-post bs-post-resource e-book has-image\"><a class=\"bs-post__trigger\" href='https:\/\/swimlane.com\/pt\/resources\/e-books\/tdir-threat-detection-incident-response-ebook\/' target='_self'>                <div class=\"bs-post__inner\">\n                    <div class=\"bs-post__image\">\n                                    <figure class=\"figure\"> <img decoding=\"async\"\n                                            src=\"https:\/\/swimlane.com\/wp-content\/uploads\/TDIR-Security-Guide-Front-Page.png\"\n                                            class=\"img-fluid\"\n                                            alt=\"Guia de seguran\u00e7a TDIR da Swimlane abordando estruturas de detec\u00e7\u00e3o de amea\u00e7as e resposta a incidentes.\"\/>\n                                    <\/figure>\n                                <\/div><div class=\"bs-post__details\"><div class=\"bs-post__resource-type bs-post-taxonomy_resource-type\"> <span>E-book<\/span><\/div><div class=\"bs-post__title\"><p>Guia de Seguran\u00e7a para TDIR: Detec\u00e7\u00e3o de Amea\u00e7as e Resposta a Incidentes<\/p><\/div><div class=\"bs-post__learn-more\"><span class=\"btn learn-more-text bs-post__learn-more-text\">Ler mais<\/span><\/div><\/div>                <\/div>\n                <\/a><\/div>            <\/div>\n            \n    <\/div>\n<\/div><\/div>\n\n\n<div class=\"facetwp-facet facetwp-facet-pagination facetwp-type-pager\" data-name=\"pagination\" data-type=\"pager\"><\/div>\n<\/div>\n<\/div>\n<\/div><\/section>","protected":false},"excerpt":{"rendered":"","protected":false},"author":1,"featured_media":0,"parent":442,"menu_order":0,"comment_status":"closed","ping_status":"closed","template":"","meta":{"_acf_changed":false,"show_custom_date":false,"custom_date":"","featured":false,"featured_image":0,"learn_more_label":"","image_alt_text":"","learn_more_type":"","learn_more_link":[],"show_popup":false,"disable_iframe":false,"enable_lazy_loading":false,"learn_more_link_file":0,"event_date":false,"event_start_date":"","event_end_date":"","featured_page_list":[],"_relevanssi_hide_post":"","_relevanssi_hide_content":"","_relevanssi_pin_for_all":"","_relevanssi_pin_keywords":"","_relevanssi_unpin_keywords":"","_relevanssi_related_keywords":"","_relevanssi_related_include_ids":"","_relevanssi_related_exclude_ids":"","_relevanssi_related_no_append":"","_relevanssi_related_not_related":"","_relevanssi_related_posts":"","_relevanssi_noindex_reason":"","inline_featured_image":false,"footnotes":""},"class_list":["post-448","page","type-page","status-publish","hentry"],"acf":[],"yoast_head":"<!-- This site is optimized with the Yoast SEO Premium plugin v22.5 (Yoast SEO v27.1.1) - https:\/\/yoast.com\/product\/yoast-seo-premium-wordpress\/ -->\n<title>eBooks - AI Security Automation<\/title>\n<meta name=\"description\" content=\"Swimlane is the largest and fastest-growing pure-play security automation company. Our library of eBooks is comprehensive.\" \/>\n<meta name=\"robots\" content=\"index, follow, max-snippet:-1, max-image-preview:large, max-video-preview:-1\" \/>\n<link rel=\"canonical\" href=\"https:\/\/swimlane.com\/pt\/recursos\/livros-eletronicos-2\/\" \/>\n<meta property=\"og:locale\" content=\"pt_PT\" \/>\n<meta property=\"og:type\" content=\"article\" \/>\n<meta property=\"og:title\" content=\"eBooks\" \/>\n<meta property=\"og:description\" content=\"Swimlane is the largest and fastest-growing pure-play security automation company. Our platform is trusted by major organizations world-wide.\" \/>\n<meta property=\"og:url\" content=\"https:\/\/swimlane.com\/pt\/recursos\/livros-eletronicos-2\/\" \/>\n<meta property=\"og:site_name\" content=\"AI Security Automation\" \/>\n<meta property=\"article:modified_time\" content=\"2025-01-21T15:59:31+00:00\" \/>\n<meta property=\"og:image\" content=\"https:\/\/swimlane.com\/wp-content\/uploads\/Sitewide-OG.png\" \/>\n\t<meta property=\"og:image:width\" content=\"1200\" \/>\n\t<meta property=\"og:image:height\" content=\"630\" \/>\n\t<meta property=\"og:image:type\" content=\"image\/png\" \/>\n<meta name=\"twitter:card\" content=\"summary_large_image\" \/>\n<meta name=\"twitter:site\" content=\"@swimlane\" \/>\n<meta name=\"twitter:label1\" content=\"Tempo estimado de leitura\" \/>\n\t<meta name=\"twitter:data1\" content=\"1 minuto\" \/>\n<script type=\"application\/ld+json\" class=\"yoast-schema-graph\">{\"@context\":\"https:\/\/schema.org\",\"@graph\":[{\"@type\":\"WebPage\",\"@id\":\"https:\/\/swimlane.com\/pt\/resources\/ebooks\/\",\"url\":\"https:\/\/swimlane.com\/pt\/resources\/ebooks\/\",\"name\":\"eBooks - AI Security Automation\",\"isPartOf\":{\"@id\":\"https:\/\/swimlane.com\/pt\/#website\"},\"datePublished\":\"2022-11-11T14:17:10+00:00\",\"dateModified\":\"2025-01-21T15:59:31+00:00\",\"description\":\"Swimlane is the largest and fastest-growing pure-play security automation company. Our library of eBooks is comprehensive.\",\"breadcrumb\":{\"@id\":\"https:\/\/swimlane.com\/pt\/resources\/ebooks\/#breadcrumb\"},\"inLanguage\":\"pt-PT\",\"potentialAction\":[{\"@type\":\"ReadAction\",\"target\":[\"https:\/\/swimlane.com\/pt\/resources\/ebooks\/\"]}]},{\"@type\":\"BreadcrumbList\",\"@id\":\"https:\/\/swimlane.com\/pt\/resources\/ebooks\/#breadcrumb\",\"itemListElement\":[{\"@type\":\"ListItem\",\"position\":1,\"name\":\"Home\",\"item\":\"https:\/\/swimlane.com\/\"},{\"@type\":\"ListItem\",\"position\":2,\"name\":\"Resources\",\"item\":\"https:\/\/swimlane.com\/resources\/\"},{\"@type\":\"ListItem\",\"position\":3,\"name\":\"eBooks\"}]},{\"@type\":\"WebSite\",\"@id\":\"https:\/\/swimlane.com\/pt\/#website\",\"url\":\"https:\/\/swimlane.com\/pt\/\",\"name\":\"Low-Code Security Automation & SOAR Platform | Swimlane\",\"description\":\"Agentic AI automation for every security function\",\"publisher\":{\"@id\":\"https:\/\/swimlane.com\/pt\/#organization\"},\"potentialAction\":[{\"@type\":\"SearchAction\",\"target\":{\"@type\":\"EntryPoint\",\"urlTemplate\":\"https:\/\/swimlane.com\/pt\/?s={search_term_string}\"},\"query-input\":{\"@type\":\"PropertyValueSpecification\",\"valueRequired\":true,\"valueName\":\"search_term_string\"}}],\"inLanguage\":\"pt-PT\"},{\"@type\":\"Organization\",\"@id\":\"https:\/\/swimlane.com\/pt\/#organization\",\"name\":\"Low-Code Security Automation & SOAR Platform | Swimlane\",\"url\":\"https:\/\/swimlane.com\/pt\/\",\"logo\":{\"@type\":\"ImageObject\",\"inLanguage\":\"pt-PT\",\"@id\":\"https:\/\/swimlane.com\/pt\/#\/schema\/logo\/image\/\",\"url\":\"https:\/\/swimlane.com\/wp-content\/uploads\/sw-inline-logo-color-white.svg\",\"contentUrl\":\"https:\/\/swimlane.com\/wp-content\/uploads\/sw-inline-logo-color-white.svg\",\"width\":912,\"height\":190,\"caption\":\"Low-Code Security Automation & SOAR Platform | Swimlane\"},\"image\":{\"@id\":\"https:\/\/swimlane.com\/pt\/#\/schema\/logo\/image\/\"},\"sameAs\":[\"https:\/\/x.com\/swimlane\",\"https:\/\/www.linkedin.com\/company\/swimlane\/\"]}]}<\/script>\n<!-- \/ Yoast SEO Premium plugin. -->","yoast_head_json":{"title":"eBooks - Automa\u00e7\u00e3o de Seguran\u00e7a com IA","description":"A Swimlane \u00e9 a maior e mais din\u00e2mica empresa de automa\u00e7\u00e3o de seguran\u00e7a do mercado. Nossa biblioteca de e-books \u00e9 abrangente.","robots":{"index":"index","follow":"follow","max-snippet":"max-snippet:-1","max-image-preview":"max-image-preview:large","max-video-preview":"max-video-preview:-1"},"canonical":"https:\/\/swimlane.com\/pt\/recursos\/livros-eletronicos-2\/","og_locale":"pt_PT","og_type":"article","og_title":"eBooks","og_description":"Swimlane is the largest and fastest-growing pure-play security automation company. Our platform is trusted by major organizations world-wide.","og_url":"https:\/\/swimlane.com\/pt\/recursos\/livros-eletronicos-2\/","og_site_name":"AI Security Automation","article_modified_time":"2025-01-21T15:59:31+00:00","og_image":[{"width":1200,"height":630,"url":"https:\/\/swimlane.com\/wp-content\/uploads\/Sitewide-OG.png","type":"image\/png"}],"twitter_card":"summary_large_image","twitter_site":"@swimlane","twitter_misc":{"Tempo estimado de leitura":"1 minuto"},"schema":{"@context":"https:\/\/schema.org","@graph":[{"@type":"WebPage","@id":"https:\/\/swimlane.com\/pt\/resources\/ebooks\/","url":"https:\/\/swimlane.com\/pt\/resources\/ebooks\/","name":"eBooks - Automa\u00e7\u00e3o de Seguran\u00e7a com IA","isPartOf":{"@id":"https:\/\/swimlane.com\/pt\/#website"},"datePublished":"2022-11-11T14:17:10+00:00","dateModified":"2025-01-21T15:59:31+00:00","description":"A Swimlane \u00e9 a maior e mais din\u00e2mica empresa de automa\u00e7\u00e3o de seguran\u00e7a do mercado. Nossa biblioteca de e-books \u00e9 abrangente.","breadcrumb":{"@id":"https:\/\/swimlane.com\/pt\/resources\/ebooks\/#breadcrumb"},"inLanguage":"pt-PT","potentialAction":[{"@type":"ReadAction","target":["https:\/\/swimlane.com\/pt\/resources\/ebooks\/"]}]},{"@type":"BreadcrumbList","@id":"https:\/\/swimlane.com\/pt\/resources\/ebooks\/#breadcrumb","itemListElement":[{"@type":"ListItem","position":1,"name":"Home","item":"https:\/\/swimlane.com\/"},{"@type":"ListItem","position":2,"name":"Resources","item":"https:\/\/swimlane.com\/resources\/"},{"@type":"ListItem","position":3,"name":"eBooks"}]},{"@type":"WebSite","@id":"https:\/\/swimlane.com\/pt\/#website","url":"https:\/\/swimlane.com\/pt\/","name":"Automa\u00e7\u00e3o de seguran\u00e7a de baixo c\u00f3digo e plataforma SOAR | Swimlane","description":"Automa\u00e7\u00e3o de IA ag\u00eantica para todas as fun\u00e7\u00f5es de seguran\u00e7a","publisher":{"@id":"https:\/\/swimlane.com\/pt\/#organization"},"potentialAction":[{"@type":"SearchAction","target":{"@type":"EntryPoint","urlTemplate":"https:\/\/swimlane.com\/pt\/?s={search_term_string}"},"query-input":{"@type":"PropertyValueSpecification","valueRequired":true,"valueName":"search_term_string"}}],"inLanguage":"pt-PT"},{"@type":"Organization","@id":"https:\/\/swimlane.com\/pt\/#organization","name":"Automa\u00e7\u00e3o de seguran\u00e7a de baixo c\u00f3digo e plataforma SOAR | Swimlane","url":"https:\/\/swimlane.com\/pt\/","logo":{"@type":"ImageObject","inLanguage":"pt-PT","@id":"https:\/\/swimlane.com\/pt\/#\/schema\/logo\/image\/","url":"https:\/\/swimlane.com\/wp-content\/uploads\/sw-inline-logo-color-white.svg","contentUrl":"https:\/\/swimlane.com\/wp-content\/uploads\/sw-inline-logo-color-white.svg","width":912,"height":190,"caption":"Low-Code Security Automation & SOAR Platform | Swimlane"},"image":{"@id":"https:\/\/swimlane.com\/pt\/#\/schema\/logo\/image\/"},"sameAs":["https:\/\/x.com\/swimlane","https:\/\/www.linkedin.com\/company\/swimlane\/"]}]}},"publishpress_future_action":{"enabled":false,"date":"2026-04-21 16:18:41","action":"change-status","newStatus":"draft","terms":[],"taxonomy":"","extraData":[]},"publishpress_future_workflow_manual_trigger":{"enabledWorkflows":[]},"_links":{"self":[{"href":"https:\/\/swimlane.com\/pt\/wp-json\/wp\/v2\/pages\/448","targetHints":{"allow":["GET"]}}],"collection":[{"href":"https:\/\/swimlane.com\/pt\/wp-json\/wp\/v2\/pages"}],"about":[{"href":"https:\/\/swimlane.com\/pt\/wp-json\/wp\/v2\/types\/page"}],"author":[{"embeddable":true,"href":"https:\/\/swimlane.com\/pt\/wp-json\/wp\/v2\/users\/1"}],"replies":[{"embeddable":true,"href":"https:\/\/swimlane.com\/pt\/wp-json\/wp\/v2\/comments?post=448"}],"version-history":[{"count":0,"href":"https:\/\/swimlane.com\/pt\/wp-json\/wp\/v2\/pages\/448\/revisions"}],"up":[{"embeddable":true,"href":"https:\/\/swimlane.com\/pt\/wp-json\/wp\/v2\/pages\/442"}],"wp:attachment":[{"href":"https:\/\/swimlane.com\/pt\/wp-json\/wp\/v2\/media?parent=448"}],"curies":[{"name":"wp","href":"https:\/\/api.w.org\/{rel}","templated":true}]}}