{"id":49034,"date":"2025-07-14T11:02:32","date_gmt":"2025-07-14T17:02:32","guid":{"rendered":"https:\/\/swimlane.com\/?page_id=49034"},"modified":"2025-08-10T13:17:00","modified_gmt":"2025-08-10T19:17:00","slug":"join-us-for-bourbon-blazers","status":"publish","type":"page","link":"https:\/\/swimlane.com\/pt\/bourbon-and-blazers\/","title":{"rendered":"Junte-se a n\u00f3s para um encontro com bourbon e blazers."},"content":{"rendered":"<section class=\"bs-section bs-section-3273a2c94bc98a3d5c638c6d89c9e5e48de7c434 bs-section---default bs-section--common-banner-type-two bs-section--industry-type-header bs-section--element-center\"><style>.bs-section.bs-section-3273a2c94bc98a3d5c638c6d89c9e5e48de7c434{ background-image: url(https:\/\/swimlane.com\/wp-content\/uploads\/blazersbanner.jpg);background-position: center center;background-size: cover;} <\/style><div class=\"container\">\n<div class=\"bs-row row   bs-row---default\">\n<div class=\"bs-column col-sm-12  col-xl-0 col-md-0 col-lg-7   bs-column-64fead420c9f230ec5e524e642e88fa88b28d681 bs-column---default\">\n<h1 class=\"wp-block-heading has-white-color has-text-color\" id=\"h-join-us-for-bourbon-amp-blazers\">Junte-se a n\u00f3s para o Bourbon <br>e Blazers<\/h1>\n\n\n\n<h4 class=\"wp-block-heading has-white-color has-text-color has-link-color wp-elements-5b1b3075bcbc4f6e8b9111bfcd840c97\" id=\"h-august-14-2025-indochino\">14 de agosto de 2025 | Indochina<\/h4>\n\n\n\n<h4 class=\"wp-block-heading has-white-color has-text-color has-link-color wp-elements-f5d063fb6d079d35217a7270f2181d4d\" id=\"h-oak-brook-il\">Oak Brook, IL<\/h4>\n\n\n\n<p class=\"has-white-color has-text-color has-link-color wp-elements-f45224419f43f59454891282c0c7ea73\">Conecte-se com executivos de alto n\u00edvel, aprecie bourbon premium, <br>E crie seu blazer personalizado em uma noite inesquec\u00edvel.<\/p>\n\n\n\n<span class=\"bs-pro-button bs-pro-button---default bs-pro-button--primary-with-arrow bs-pro-button-p-btn-b0c8f7ba098207048f5fc7bd7879bb86573b6b68\"><style>.bs-pro-button-p-btn-b0c8f7ba098207048f5fc7bd7879bb86573b6b68 .bs-pro-button__container {background-color: #abb8c3; color: #000000;}<\/style><a href=\"#requested\" target=\"_blank\" rel=\"noopener noreferrer\" class=\"bs-pro-button__container\">de RSVP<\/a><\/span>\n<\/div>\n\n\n<\/div>\n<\/div><\/section>\n\n\n\n<section class=\"bs-section bs-section-dad2d39413aeb0ccaa255f4ecec107e21cdc88c2 bs-section---default bs-section--solution-increase-security-teams bs-section--industry-increase-security-teams bs-section--customers-increase-security-teams\"><div class=\"container\">\n<div class=\"bs-row row   bs-row---default bs-row--row-wrap\">\n<div class=\"bs-column col-sm-12   bs-column-5f6574ebb29ac8d58ab608d2aff5b1bbe4f96332 bs-column---default\">\n\n\n<div class=\"bs-row row  flex-md-row-reverse bs-row---default bs-row--common-lottie\">\n<div class=\"bs-column col-sm-12 col-md-6   bs-column-c0900e4cf0287af28efb2425d00c9943aa7b72a2 bs-column---default\"><div class='media-elements bs-media-element---default enable'>    <div class='bs-common-image'>\n                            <figure class='figure justify-content-start d-flex'>\n                            <picture>\n                            <source srcset=\"https:\/\/swimlane.com\/wp-content\/uploads\/2023\/01\/sm1.png\" media=\"(max-width:575px)\">\n                            <img src='https:\/\/swimlane.com\/wp-content\/uploads\/blaserinter.jpg' class='img-fluid'   alt='' title=''  \/>\n                            <\/picture>\n                                \n                            <\/figure>\n                        <\/div><\/div>\n\n\n<div class=\"bs-div bs-div-eed09213f80d5f13afa1ed6d691ca636c49b4944 bs-div---default bs-div--left-right-lottie\"><div class=\"bs-div__inner\"><\/div><\/div>\n<\/div>\n\n\n\n<div class=\"bs-column col-sm-12 col-md-6   bs-column-c0900e4cf0287af28efb2425d00c9943aa7b72a2 bs-column---default\">\n<div class=\"bs-blurb bs-blurb---default bs-blurb--r-imgtxt-l4-asn1 bs-blurb--no-image\"><div class=\"bs-blurb__container\"><div class=\"bs-blurb__title\"><h2>Conecte-se, interaja e relaxe com estilo.<\/h2><\/div><div class=\"bs-blurb__description\"><p>Reserve j\u00e1 o seu lugar no Bourbon &amp; Blazers, um evento de networking exclusivo e gratuito para l\u00edderes em ciberseguran\u00e7a.\u00a0<br><br><strong>Ajustes personalizados de blazers: <\/strong>Crie o blazer perfeito para voc\u00ea.<br><br><strong>Degusta\u00e7\u00e3o de Bourbon Premium:<\/strong> Deguste u\u00edsques excepcionais Executivo<br><br><strong>Networking:<\/strong> Conecte-se com os principais l\u00edderes em ciberseguran\u00e7a.<a><br><br><\/a><a href=\"#requested\">Confirme sua presen\u00e7a agora<\/a><br><\/p><\/div><\/div><\/div>\n<\/div>\n<\/div>\n\n\n\n<div class=\"bs-row row   bs-row---default bs-row--common-lottie\">\n<div class=\"bs-column col-sm-12 col-md-6   bs-column-c0900e4cf0287af28efb2425d00c9943aa7b72a2 bs-column---default\"><div class='media-elements bs-media-element---default enable'>    <div class='bs-common-image'>\n                            <figure class='figure justify-content-start d-flex'>\n                            <picture>\n                            <source srcset=\"https:\/\/swimlane.com\/wp-content\/uploads\/2023\/01\/sm4.png\" media=\"(max-width:575px)\">\n                            <img src='https:\/\/swimlane.com\/wp-content\/uploads\/bourbon.jpg' class='img-fluid'   alt='' title=''  \/>\n                            <\/picture>\n                                \n                            <\/figure>\n                        <\/div><\/div>\n\n\n<div class=\"bs-div bs-div-eed09213f80d5f13afa1ed6d691ca636c49b4944 bs-div---default bs-div--left-right-lottie\"><div class=\"bs-div__inner\"><div class=\"bs-lottie-animator bs-lottie-animator---default\" id=\"lottie-3a46d5f8-9056-4c18-9134-4d4a7cba6139\" data-settings=\"{&quot;desktop&quot;:{&quot;settings&quot;:{&quot;animateViewPort&quot;:50,&quot;direction&quot;:1,&quot;delay&quot;:0,&quot;loop&quot;:false,&quot;fileName&quot;:&quot;Automate_breach_Lines_4-2.json&quot;,&quot;mouseOutAction&quot;:&quot;none&quot;,&quot;numberOfLoops&quot;:0,&quot;playSpeed&quot;:1,&quot;path&quot;:&quot;https:\\\/\\\/swimlane.com\\\/wp-content\\\/uploads\\\/2023\\\/01\\\/Automate_breach_Lines_4-2.json&quot;,&quot;scrollRelativeTo&quot;:&quot;withinSection&quot;,&quot;trigger&quot;:false,&quot;triggerMethod&quot;:&quot;pageHover&quot;}},&quot;mobile&quot;:{&quot;breakpoint&quot;:576,&quot;settings&quot;:{&quot;animateViewPort&quot;:50,&quot;direction&quot;:1,&quot;delay&quot;:0,&quot;loop&quot;:false,&quot;fileName&quot;:&quot;&quot;,&quot;mouseOutAction&quot;:&quot;none&quot;,&quot;numberOfLoops&quot;:0,&quot;playSpeed&quot;:1,&quot;path&quot;:&quot;&quot;,&quot;scrollRelativeTo&quot;:&quot;withinSection&quot;,&quot;trigger&quot;:false,&quot;triggerMethod&quot;:&quot;pageHover&quot;}}}\"><\/div><\/div><\/div>\n<\/div>\n\n\n\n<div class=\"bs-column col-sm-12 col-md-6   bs-column-c0900e4cf0287af28efb2425d00c9943aa7b72a2 bs-column---default\">\n<div class=\"bs-blurb bs-blurb---default bs-blurb--r-imgtxt-l4-asn1 bs-blurb--no-image\"><div class=\"bs-blurb__container\"><div class=\"bs-blurb__title\"><h2>Detalhes do evento<\/h2><\/div><div class=\"bs-blurb__description\"><p><br><strong>Quando:<\/strong> 14 de agosto de 2025 | 16h<br><br><strong>Onde:<\/strong> Indochino, 150 Oakbrook Center, Oak Brook, IL 60523<br><br><strong>C\u00f3digo de vestimenta:<\/strong> Profissional de neg\u00f3cios (seu blazer sob medida vem depois!)<br><br><strong>Aja agora:<\/strong> As vagas s\u00e3o limitadas.<br><br><br><a href=\"#requested\">Reserve um lugar <\/a><br><br><\/p><\/div><\/div><\/div>\n<\/div>\n<\/div>\n\n\n\n\n\n<div class=\"bs-row row  flex-md-row-reverse bs-row---default bs-row--common-lottie\">\n<div class=\"bs-column col-sm-12 col-md-6   bs-column-c0900e4cf0287af28efb2425d00c9943aa7b72a2 bs-column---default\"><div class='media-elements bs-media-element---default enable'>    <div class='bs-common-image'>\n                            <figure class='figure justify-content-start d-flex'>\n                            <picture>\n                            <source srcset=\"https:\/\/swimlane.com\/wp-content\/uploads\/2023\/01\/sm3.png\" media=\"(max-width:575px)\">\n                            <img src='https:\/\/swimlane.com\/wp-content\/uploads\/Optiv-and-Swimlane.png' class='img-fluid'   alt='' title=''  \/>\n                            <\/picture>\n                                \n                            <\/figure>\n                        <\/div><\/div>\n\n\n<div class=\"bs-div bs-div-eed09213f80d5f13afa1ed6d691ca636c49b4944 bs-div---default bs-div--left-right-lottie\"><div class=\"bs-div__inner\"><\/div><\/div>\n<\/div>\n\n\n\n<div class=\"bs-column col-sm-12 col-md-6   bs-column-c0900e4cf0287af28efb2425d00c9943aa7b72a2 bs-column---default\">\n<div class=\"bs-blurb bs-blurb---default bs-blurb--r-imgtxt-l4-asn1 bs-blurb--no-image\"><div class=\"bs-blurb__container\"><div class=\"bs-blurb__title\"><h2>Patrocinado por<\/h2><\/div><div class=\"bs-blurb__description\"><p>Este evento tem o orgulho de ser patrocinado pela Swimlane e pela Optiv.<\/p><\/div><\/div><\/div>\n<\/div>\n<\/div>\n\n\n\n\n<\/div>\n<\/div>\n<\/div><\/section>\n\n\n\n\n\n<section class=\"bs-section bs-section-2a4a600ae9ab197b6a4ccafe05152bf1a2fde1d1 bs-section---default bs-section--newsletter bs-section--common-marketo-form bs-section--common-marketo-form-two-columns\"><style>.bs-section.bs-section-2a4a600ae9ab197b6a4ccafe05152bf1a2fde1d1{ background-color: #000743;} <\/style><div class=\"container-fluid\">\n<div class=\"bs-row row   bs-row---default\">\n<div class=\"bs-column col-sm-0 col-md-0 col-lg-6   bs-column-df5e10bef85c15055718b4d93887855962017939 bs-column---default\">\n<div class=\"bs-row row   bs-row---default\">\n<div class=\"bs-column col-sm-12   bs-column-5f6574ebb29ac8d58ab608d2aff5b1bbe4f96332 bs-column---default\">\n<p id=\"ccc\" style=\"font-size:0px\">ccc<\/p>\n\n\n\n<h2 class=\"wp-block-heading has-white-color has-text-color has-link-color wp-elements-5b3d4a938c7fe3d892f8d32087b06763\" id=\"requested\">Confirme presen\u00e7a no evento Bourbon &amp; Blazers.<\/h2>\n<\/div>\n<\/div>\n<\/div>\n\n\n\n<div class=\"bs-column col-sm-0 col-md-0 col-lg-6   bs-column-df5e10bef85c15055718b4d93887855962017939 bs-column---default\"><div class='media-elements bs-media-element---default enable'>    <div class='bs-common-image'>\n                            <figure class='figure justify-content-start d-flex'>\n                            <picture>\n                            \n                            <img src='https:\/\/swimlane.com\/wp-content\/uploads\/liitp.svg' class='img-fluid'   alt='' title=''  \/>\n                            <\/picture>\n                                \n                            <\/figure>\n                        <\/div><\/div>\n\n<script src=\"\/\/pages.swimlane.com\/js\/forms2\/js\/forms2.min.js\"><\/script>\n<form id=\"mktoForm_1571\" action=\"\"><input type=\"hidden\" name=\"trp-form-language\" value=\"pt\"\/><\/form>\n<script>\n    var embeddedFormId = 'd197a77b6839caa20034d663f5e8c4f1a0dfd303';\n    var marketoBaseUrl = '\/\/pages.swimlane.com';\n    var munchkinId = '978-QCM-390';\n    var formId = '1571';\n    var responseType = 'redirect';\n    var responseMessage = 'Thank you!';\n    var redirectURL = '';\n    var downloadFileURL = '';\n    var linkOpenType = '_self';\n    var popupVideo = 'url';\n    var popupVideoURL = '';\n    var popupVideoUploadURL = '';\n    MktoForms2.loadForm(marketoBaseUrl, munchkinId, formId, function(form) {\n        form.onSuccess(function(values, followUpUrl) {\n            document.getElementById(\"int_mktoForm_\" + formId).innerHTML = responseMessage;\n                    });\n    });\n<\/script>\n<div class=\"form-submit-note\" id=\"int_mktoForm_1571\"><\/div>\n<!-- Incluing form response options -->\n<\/div>\n<\/div>\n<\/div><\/section>\n\n\n\n\n\n\n\n<p><\/p>","protected":false},"excerpt":{"rendered":"","protected":false},"author":43,"featured_media":49055,"parent":0,"menu_order":0,"comment_status":"closed","ping_status":"closed","template":"","meta":{"_acf_changed":false,"show_custom_date":false,"custom_date":"","featured":false,"featured_image":0,"learn_more_label":"","image_alt_text":"","learn_more_type":"","learn_more_link":[],"show_popup":false,"disable_iframe":false,"enable_lazy_loading":false,"learn_more_link_file":0,"event_date":false,"event_start_date":"","event_end_date":"","featured_page_list":[],"_relevanssi_hide_post":"on","_relevanssi_hide_content":"on","_relevanssi_pin_for_all":"","_relevanssi_pin_keywords":"","_relevanssi_unpin_keywords":"","_relevanssi_related_keywords":"","_relevanssi_related_include_ids":"","_relevanssi_related_exclude_ids":"","_relevanssi_related_no_append":"","_relevanssi_related_not_related":"","_relevanssi_related_posts":"","_relevanssi_noindex_reason":"Yoast SEO Relevanssi index exclude","inline_featured_image":false,"footnotes":""},"class_list":["post-49034","page","type-page","status-publish","has-post-thumbnail","hentry"],"acf":[],"yoast_head":"<!-- This site is optimized with the Yoast SEO Premium plugin v22.5 (Yoast SEO v27.1.1) - https:\/\/yoast.com\/product\/yoast-seo-premium-wordpress\/ -->\n<title>Bourbon &amp; Blazers in Chicago | Swimlane<\/title>\n<meta name=\"description\" content=\"August 14 | Indochino, Oak Brook, ILNetwork with top executives, savor premium bourbon, and design your custom blazer in one unforgettable night.\" \/>\n<meta name=\"robots\" content=\"index, nofollow, max-snippet:-1, max-image-preview:large, max-video-preview:-1\" \/>\n<link rel=\"canonical\" href=\"https:\/\/swimlane.com\/pt\/bourbon-e-blazers\/\" \/>\n<meta property=\"og:locale\" content=\"pt_PT\" \/>\n<meta property=\"og:type\" content=\"article\" \/>\n<meta property=\"og:title\" content=\"Join Us for Bourbon &amp; Blazers\" \/>\n<meta property=\"og:description\" content=\"August 14 | Indochino, Oak Brook, ILNetwork with top executives, savor premium bourbon, and design your custom blazer in one unforgettable night.\" \/>\n<meta property=\"og:url\" content=\"https:\/\/swimlane.com\/pt\/bourbon-e-blazers\/\" \/>\n<meta property=\"og:site_name\" content=\"AI Security Automation\" \/>\n<meta property=\"article:modified_time\" content=\"2025-08-10T19:17:00+00:00\" \/>\n<meta property=\"og:image\" content=\"https:\/\/swimlane.com\/wp-content\/uploads\/Bourbon-Blazers.png\" \/>\n\t<meta property=\"og:image:width\" content=\"1200\" \/>\n\t<meta property=\"og:image:height\" content=\"630\" \/>\n\t<meta property=\"og:image:type\" content=\"image\/png\" \/>\n<meta name=\"twitter:card\" content=\"summary_large_image\" \/>\n<meta name=\"twitter:description\" content=\"August 14 | Indochino, Oak Brook, ILNetwork with top executives, savor premium bourbon, and design your custom blazer in one unforgettable night.\" \/>\n<meta name=\"twitter:site\" content=\"@swimlane\" \/>\n<meta name=\"twitter:label1\" content=\"Tempo estimado de leitura\" \/>\n\t<meta name=\"twitter:data1\" content=\"3 minutos\" \/>\n<script type=\"application\/ld+json\" class=\"yoast-schema-graph\">{\"@context\":\"https:\/\/schema.org\",\"@graph\":[{\"@type\":\"WebPage\",\"@id\":\"https:\/\/swimlane.com\/pt\/bourbon-and-blazers\/\",\"url\":\"https:\/\/swimlane.com\/pt\/bourbon-and-blazers\/\",\"name\":\"Bourbon & Blazers in Chicago | Swimlane\",\"isPartOf\":{\"@id\":\"https:\/\/swimlane.com\/pt\/#website\"},\"primaryImageOfPage\":{\"@id\":\"https:\/\/swimlane.com\/pt\/bourbon-and-blazers\/#primaryimage\"},\"image\":{\"@id\":\"https:\/\/swimlane.com\/pt\/bourbon-and-blazers\/#primaryimage\"},\"thumbnailUrl\":\"https:\/\/swimlane.com\/wp-content\/uploads\/Bourbon-Blazers.png\",\"datePublished\":\"2025-07-14T17:02:32+00:00\",\"dateModified\":\"2025-08-10T19:17:00+00:00\",\"description\":\"August 14 | Indochino, Oak Brook, ILNetwork with top executives, savor premium bourbon, and design your custom blazer in one unforgettable night.\",\"breadcrumb\":{\"@id\":\"https:\/\/swimlane.com\/pt\/bourbon-and-blazers\/#breadcrumb\"},\"inLanguage\":\"pt-PT\",\"potentialAction\":[{\"@type\":\"ReadAction\",\"target\":[\"https:\/\/swimlane.com\/pt\/bourbon-and-blazers\/\"]}]},{\"@type\":\"ImageObject\",\"inLanguage\":\"pt-PT\",\"@id\":\"https:\/\/swimlane.com\/pt\/bourbon-and-blazers\/#primaryimage\",\"url\":\"https:\/\/swimlane.com\/wp-content\/uploads\/Bourbon-Blazers.png\",\"contentUrl\":\"https:\/\/swimlane.com\/wp-content\/uploads\/Bourbon-Blazers.png\",\"width\":1200,\"height\":630},{\"@type\":\"BreadcrumbList\",\"@id\":\"https:\/\/swimlane.com\/pt\/bourbon-and-blazers\/#breadcrumb\",\"itemListElement\":[{\"@type\":\"ListItem\",\"position\":1,\"name\":\"Home\",\"item\":\"https:\/\/swimlane.com\/\"},{\"@type\":\"ListItem\",\"position\":2,\"name\":\"Join Us for Bourbon &amp; Blazers\"}]},{\"@type\":\"WebSite\",\"@id\":\"https:\/\/swimlane.com\/pt\/#website\",\"url\":\"https:\/\/swimlane.com\/pt\/\",\"name\":\"Low-Code Security Automation & SOAR Platform | Swimlane\",\"description\":\"Agentic AI automation for every security function\",\"publisher\":{\"@id\":\"https:\/\/swimlane.com\/pt\/#organization\"},\"potentialAction\":[{\"@type\":\"SearchAction\",\"target\":{\"@type\":\"EntryPoint\",\"urlTemplate\":\"https:\/\/swimlane.com\/pt\/?s={search_term_string}\"},\"query-input\":{\"@type\":\"PropertyValueSpecification\",\"valueRequired\":true,\"valueName\":\"search_term_string\"}}],\"inLanguage\":\"pt-PT\"},{\"@type\":\"Organization\",\"@id\":\"https:\/\/swimlane.com\/pt\/#organization\",\"name\":\"Low-Code Security Automation & SOAR Platform | Swimlane\",\"url\":\"https:\/\/swimlane.com\/pt\/\",\"logo\":{\"@type\":\"ImageObject\",\"inLanguage\":\"pt-PT\",\"@id\":\"https:\/\/swimlane.com\/pt\/#\/schema\/logo\/image\/\",\"url\":\"https:\/\/swimlane.com\/wp-content\/uploads\/sw-inline-logo-color-white.svg\",\"contentUrl\":\"https:\/\/swimlane.com\/wp-content\/uploads\/sw-inline-logo-color-white.svg\",\"width\":912,\"height\":190,\"caption\":\"Low-Code Security Automation & SOAR Platform | Swimlane\"},\"image\":{\"@id\":\"https:\/\/swimlane.com\/pt\/#\/schema\/logo\/image\/\"},\"sameAs\":[\"https:\/\/x.com\/swimlane\",\"https:\/\/www.linkedin.com\/company\/swimlane\/\"]}]}<\/script>\n<!-- \/ Yoast SEO Premium plugin. -->","yoast_head_json":{"title":"Bourbon e Blazers em Chicago | Swimlane","description":"14 de agosto | Indochino, Oak Brook, IL. Conecte-se com executivos de alto n\u00edvel, saboreie bourbon premium e crie seu blazer personalizado em uma noite inesquec\u00edvel.","robots":{"index":"index","follow":"nofollow","max-snippet":"max-snippet:-1","max-image-preview":"max-image-preview:large","max-video-preview":"max-video-preview:-1"},"canonical":"https:\/\/swimlane.com\/pt\/bourbon-e-blazers\/","og_locale":"pt_PT","og_type":"article","og_title":"Join Us for Bourbon &amp; Blazers","og_description":"August 14 | Indochino, Oak Brook, ILNetwork with top executives, savor premium bourbon, and design your custom blazer in one unforgettable night.","og_url":"https:\/\/swimlane.com\/pt\/bourbon-e-blazers\/","og_site_name":"AI Security Automation","article_modified_time":"2025-08-10T19:17:00+00:00","og_image":[{"width":1200,"height":630,"url":"https:\/\/swimlane.com\/wp-content\/uploads\/Bourbon-Blazers.png","type":"image\/png"}],"twitter_card":"summary_large_image","twitter_description":"August 14 | Indochino, Oak Brook, ILNetwork with top executives, savor premium bourbon, and design your custom blazer in one unforgettable night.","twitter_site":"@swimlane","twitter_misc":{"Tempo estimado de leitura":"3 minutos"},"schema":{"@context":"https:\/\/schema.org","@graph":[{"@type":"WebPage","@id":"https:\/\/swimlane.com\/pt\/bourbon-and-blazers\/","url":"https:\/\/swimlane.com\/pt\/bourbon-and-blazers\/","name":"Bourbon e Blazers em Chicago | Swimlane","isPartOf":{"@id":"https:\/\/swimlane.com\/pt\/#website"},"primaryImageOfPage":{"@id":"https:\/\/swimlane.com\/pt\/bourbon-and-blazers\/#primaryimage"},"image":{"@id":"https:\/\/swimlane.com\/pt\/bourbon-and-blazers\/#primaryimage"},"thumbnailUrl":"https:\/\/swimlane.com\/wp-content\/uploads\/Bourbon-Blazers.png","datePublished":"2025-07-14T17:02:32+00:00","dateModified":"2025-08-10T19:17:00+00:00","description":"14 de agosto | Indochino, Oak Brook, IL. Conecte-se com executivos de alto n\u00edvel, saboreie bourbon premium e crie seu blazer personalizado em uma noite inesquec\u00edvel.","breadcrumb":{"@id":"https:\/\/swimlane.com\/pt\/bourbon-and-blazers\/#breadcrumb"},"inLanguage":"pt-PT","potentialAction":[{"@type":"ReadAction","target":["https:\/\/swimlane.com\/pt\/bourbon-and-blazers\/"]}]},{"@type":"ImageObject","inLanguage":"pt-PT","@id":"https:\/\/swimlane.com\/pt\/bourbon-and-blazers\/#primaryimage","url":"https:\/\/swimlane.com\/wp-content\/uploads\/Bourbon-Blazers.png","contentUrl":"https:\/\/swimlane.com\/wp-content\/uploads\/Bourbon-Blazers.png","width":1200,"height":630},{"@type":"BreadcrumbList","@id":"https:\/\/swimlane.com\/pt\/bourbon-and-blazers\/#breadcrumb","itemListElement":[{"@type":"ListItem","position":1,"name":"Home","item":"https:\/\/swimlane.com\/"},{"@type":"ListItem","position":2,"name":"Join Us for Bourbon &amp; Blazers"}]},{"@type":"WebSite","@id":"https:\/\/swimlane.com\/pt\/#website","url":"https:\/\/swimlane.com\/pt\/","name":"Automa\u00e7\u00e3o de seguran\u00e7a de baixo c\u00f3digo e plataforma SOAR | Swimlane","description":"Automa\u00e7\u00e3o de IA ag\u00eantica para todas as fun\u00e7\u00f5es de seguran\u00e7a","publisher":{"@id":"https:\/\/swimlane.com\/pt\/#organization"},"potentialAction":[{"@type":"SearchAction","target":{"@type":"EntryPoint","urlTemplate":"https:\/\/swimlane.com\/pt\/?s={search_term_string}"},"query-input":{"@type":"PropertyValueSpecification","valueRequired":true,"valueName":"search_term_string"}}],"inLanguage":"pt-PT"},{"@type":"Organization","@id":"https:\/\/swimlane.com\/pt\/#organization","name":"Automa\u00e7\u00e3o de seguran\u00e7a de baixo c\u00f3digo e plataforma SOAR | Swimlane","url":"https:\/\/swimlane.com\/pt\/","logo":{"@type":"ImageObject","inLanguage":"pt-PT","@id":"https:\/\/swimlane.com\/pt\/#\/schema\/logo\/image\/","url":"https:\/\/swimlane.com\/wp-content\/uploads\/sw-inline-logo-color-white.svg","contentUrl":"https:\/\/swimlane.com\/wp-content\/uploads\/sw-inline-logo-color-white.svg","width":912,"height":190,"caption":"Low-Code Security Automation & SOAR Platform | Swimlane"},"image":{"@id":"https:\/\/swimlane.com\/pt\/#\/schema\/logo\/image\/"},"sameAs":["https:\/\/x.com\/swimlane","https:\/\/www.linkedin.com\/company\/swimlane\/"]}]}},"publishpress_future_action":{"enabled":false,"date":"2026-04-12 13:53:54","action":"change-status","newStatus":"draft","terms":[],"taxonomy":"","extraData":[]},"publishpress_future_workflow_manual_trigger":{"enabledWorkflows":[]},"_links":{"self":[{"href":"https:\/\/swimlane.com\/pt\/wp-json\/wp\/v2\/pages\/49034","targetHints":{"allow":["GET"]}}],"collection":[{"href":"https:\/\/swimlane.com\/pt\/wp-json\/wp\/v2\/pages"}],"about":[{"href":"https:\/\/swimlane.com\/pt\/wp-json\/wp\/v2\/types\/page"}],"author":[{"embeddable":true,"href":"https:\/\/swimlane.com\/pt\/wp-json\/wp\/v2\/users\/43"}],"replies":[{"embeddable":true,"href":"https:\/\/swimlane.com\/pt\/wp-json\/wp\/v2\/comments?post=49034"}],"version-history":[{"count":0,"href":"https:\/\/swimlane.com\/pt\/wp-json\/wp\/v2\/pages\/49034\/revisions"}],"wp:featuredmedia":[{"embeddable":true,"href":"https:\/\/swimlane.com\/pt\/wp-json\/wp\/v2\/media\/49055"}],"wp:attachment":[{"href":"https:\/\/swimlane.com\/pt\/wp-json\/wp\/v2\/media?parent=49034"}],"curies":[{"name":"wp","href":"https:\/\/api.w.org\/{rel}","templated":true}]}}