{"id":50008,"date":"2025-08-25T11:08:38","date_gmt":"2025-08-25T17:08:38","guid":{"rendered":"https:\/\/swimlane.com\/?page_id=50008"},"modified":"2025-08-25T11:54:23","modified_gmt":"2025-08-25T17:54:23","slug":"a-letter-from-cody-2","status":"publish","type":"page","link":"https:\/\/swimlane.com\/pt\/a-letter-from-cody\/","title":{"rendered":"Carta de Cody Cornell, CEO da Swimlane"},"content":{"rendered":"<section class=\"bs-section bs-section-e7edff6f6cb1c872eb057d7076f455488977370f bs-section---default bs-section--common-banner-type-one\"><style>.bs-section.bs-section-e7edff6f6cb1c872eb057d7076f455488977370f{ background-color: #000743;} <\/style><div class=\"container\">\n<div class=\"bs-row row   bs-row---default\">\n<div class=\"bs-column col-sm-12 col-xl-10   bs-column-a86c916056090f1ae723185e54d12fa9a9acfed4 bs-column---default\">\n<h1 class=\"wp-block-heading has-white-color has-text-color\" id=\"h-a-letter-from-cody-cornell-swimlane-ceo\">Carta de Cody Cornell, CEO da Swimlane<\/h1>\n\n\n\n<p class=\"has-white-color has-text-color\">25 de agosto de 2025<\/p>\n\n\n\n\n<div class=\"bs-lottie-animator bs-lottie-animator---default\" id=\"lottie-d1a0eeb6-6458-4680-8a97-c1811ecc64cf\" data-settings=\"{&quot;desktop&quot;:{&quot;settings&quot;:{&quot;animateViewPort&quot;:1,&quot;direction&quot;:1,&quot;delay&quot;:0,&quot;loop&quot;:false,&quot;fileName&quot;:&quot;Resource_lines-3.json&quot;,&quot;mouseOutAction&quot;:&quot;none&quot;,&quot;numberOfLoops&quot;:0,&quot;playSpeed&quot;:1,&quot;path&quot;:&quot;https:\\\/\\\/swimlane.com\\\/wp-content\\\/uploads\\\/Resource_lines-3.json&quot;,&quot;scrollRelativeTo&quot;:&quot;withinSection&quot;,&quot;trigger&quot;:false,&quot;triggerMethod&quot;:&quot;pageHover&quot;,&quot;oneTimePlay&quot;:true}},&quot;mobile&quot;:{&quot;breakpoint&quot;:576,&quot;settings&quot;:{&quot;animateViewPort&quot;:1,&quot;direction&quot;:1,&quot;delay&quot;:0,&quot;loop&quot;:false,&quot;fileName&quot;:&quot;Resource_lines_mobile_no-loop.json&quot;,&quot;mouseOutAction&quot;:&quot;none&quot;,&quot;numberOfLoops&quot;:0,&quot;playSpeed&quot;:1,&quot;path&quot;:&quot;https:\\\/\\\/swimlane.com\\\/wp-content\\\/uploads\\\/2022\\\/12\\\/Resource_lines_mobile_no-loop.json&quot;,&quot;scrollRelativeTo&quot;:&quot;withinSection&quot;,&quot;trigger&quot;:false,&quot;triggerMethod&quot;:&quot;pageHover&quot;,&quot;oneTimePlay&quot;:true}}}\"><\/div><\/div>\n<\/div>\n<\/div><\/section>\n\n\n\n<section class=\"bs-section bs-section-748a0e3c2cd4f222d16f53884efe445e730c0dc9 bs-section---default bs-section--common-slider-view-on-right bs-section--platform-how-adp-works bs-section--capabilities-active-data-processing bs-section--common-swimlane-security\"><div class=\"container\">\n<div class=\"bs-row row   bs-row---default\">\n<div class=\"bs-column col-sm-12   bs-column-5f6574ebb29ac8d58ab608d2aff5b1bbe4f96332 bs-column---default\">\n<p>Como fundador, retornar ao cargo de CEO \u00e9 uma sensa\u00e7\u00e3o empolgante. Sei do que somos capazes e onde podemos melhorar. O momento parece oportuno, com a r\u00e1pida ado\u00e7\u00e3o da IA, e estou entusiasmado por estar no centro da nossa transforma\u00e7\u00e3o tecnol\u00f3gica que j\u00e1 est\u00e1 em andamento. Este \u00e9 um momento estimulante para mim, pois posso estar totalmente focado em capacitar nossos clientes a darem passos gigantescos em sua jornada de IA e automa\u00e7\u00e3o.&nbsp;<\/p>\n\n\n\n<p>Durante a \u00faltima d\u00e9cada, a Swimlane operou com um objetivo singular: melhorar a vida das equipes de seguran\u00e7a. Sempre acreditamos que a automa\u00e7\u00e3o \u00e9 a chave para solucionar o caos das opera\u00e7\u00f5es de seguran\u00e7a modernas. Com a converg\u00eancia da automa\u00e7\u00e3o e da IA ativa, essa cren\u00e7a se fortalece ainda mais. O setor de ciberseguran\u00e7a enfrenta um volume avassalador de dados, alertas, ferramentas fragmentadas, ataques impulsionados por IA e um cen\u00e1rio regulat\u00f3rio em constante evolu\u00e7\u00e3o. Mas, a cada desafio, temos a oportunidade de mudar a forma como trabalhamos.<\/p>\n\n\n\n<p>Nossa recente <a href=\"https:\/\/swimlane.com\/pt\/noticias\/rentabilidade-da-raia-de-natacao-novo-financiamento\/\">Rodada de financiamento de crescimento de $45 milh\u00f5es<\/a> \u00c9 mais do que um simples investimento. \u00c9 uma valida\u00e7\u00e3o da nossa vis\u00e3o. \u00c9 um sinal do mercado de que nossa abordagem para a automa\u00e7\u00e3o com IA ativa n\u00e3o \u00e9 apenas o caminho certo, mas o caminho vencedor. Este capital n\u00e3o se destina a manter o status quo. \u00c9 para nos ajudar a construir um novo futuro.<\/p>\n\n\n\n<p>Estou mais otimista do que nunca em rela\u00e7\u00e3o ao futuro da Swimlane. Nossa vis\u00e3o \u00e9 evoluir a <a href=\"https:\/\/swimlane.com\/pt\/turbina-de-raia-de-natacao\/\">Plataforma de turbina<\/a> de ser a plataforma de automa\u00e7\u00e3o de SOC mais comprovada do planeta para <em>o<\/em> Plataforma na qual as melhores equipes de seguran\u00e7a confiam para toda a sua organiza\u00e7\u00e3o de seguran\u00e7a, desde o SOC at\u00e9 a conformidade, identidade, gerenciamento de vulnerabilidades e muito mais. <a href=\"https:\/\/swimlane.com\/pt\/plataforma\/ia\/\">IA Heroica <\/a>J\u00e1 est\u00e1 transformando a maneira como as equipes pensam sobre automa\u00e7\u00e3o em toda a organiza\u00e7\u00e3o de seguran\u00e7a, e estamos apenas come\u00e7ando.<\/p>\n\n\n\n<p>Imagine um futuro onde uma equipe din\u00e2mica de agentes inteligentes d\u00e1 suporte a todas as fun\u00e7\u00f5es de seguran\u00e7a. Esses agentes podem raciocinar, se adaptar e agir por conta pr\u00f3pria, tudo isso sob a orienta\u00e7\u00e3o de um profissional de seguran\u00e7a e as diretrizes da automa\u00e7\u00e3o.<\/p>\n\n\n\n<p>Para nossos clientes, voc\u00eas s\u00e3o a raz\u00e3o de tudo o que fazemos. Meu compromisso com voc\u00eas permanece inalterado. Continuaremos a construir uma plataforma que permita a voc\u00eas resolver os problemas de seguran\u00e7a mais complexos da atualidade, escalando e capacitando suas equipes.<\/p>\n\n\n\n<p>Aos nossos parceiros de confian\u00e7a, voc\u00eas s\u00e3o os multiplicadores da nossa vis\u00e3o. Nosso sucesso coletivo est\u00e1 interligado, e estou entusiasmado em aprofundar nossas colabora\u00e7\u00f5es \u00e0 medida que levamos esta nova era da IA ativa ao mercado.<\/p>\n\n\n\n<p>A todos os incr\u00edveis Swimlaners, chegamos t\u00e3o longe, mas cada passo em frente nos proporcionou uma vis\u00e3o melhor do futuro, e temos um lugar privilegiado para acompanhar uma das maiores transforma\u00e7\u00f5es em tecnologia e seguran\u00e7a. Estou empolgado por estar nessa jornada com voc\u00eas. <\/p>\n\n\n\n<p><\/p>\n\n\n\n<p>Olhando para o nosso futuro com expectativa,<\/p>\n\n\n\n<p><strong>Cody Cornell, cofundador e CEO da Swimlane.<\/strong><\/p>\n\n\n\n<div style=\"height:100px\" aria-hidden=\"true\" class=\"wp-block-spacer\"><\/div>\n<\/div>\n<\/div>\n\n\n\n\n\n<div class=\"bs-row row   bs-row---default\">\n<div class=\"bs-column col-sm-12   bs-column-5f6574ebb29ac8d58ab608d2aff5b1bbe4f96332 bs-column---default\">\n<div style=\"height:100px\" aria-hidden=\"true\" class=\"wp-block-spacer\"><\/div>\n<\/div>\n<\/div>\n<\/div><\/section>","protected":false},"excerpt":{"rendered":"","protected":false},"author":43,"featured_media":0,"parent":0,"menu_order":0,"comment_status":"closed","ping_status":"closed","template":"","meta":{"_acf_changed":false,"show_custom_date":false,"custom_date":"","featured":false,"featured_image":0,"learn_more_label":"","image_alt_text":"","learn_more_type":"","learn_more_link":[],"show_popup":false,"disable_iframe":false,"enable_lazy_loading":false,"learn_more_link_file":0,"event_date":false,"event_start_date":"","event_end_date":"","featured_page_list":[],"_relevanssi_hide_post":"on","_relevanssi_hide_content":"on","_relevanssi_pin_for_all":"","_relevanssi_pin_keywords":"","_relevanssi_unpin_keywords":"","_relevanssi_related_keywords":"","_relevanssi_related_include_ids":"","_relevanssi_related_exclude_ids":"","_relevanssi_related_no_append":"","_relevanssi_related_not_related":"","_relevanssi_related_posts":"","_relevanssi_noindex_reason":"Yoast SEO Relevanssi index exclude","inline_featured_image":false,"footnotes":""},"class_list":["post-50008","page","type-page","status-publish","hentry"],"acf":[],"yoast_head":"<!-- This site is optimized with the Yoast SEO Premium plugin v22.5 (Yoast SEO v27.3) - https:\/\/yoast.com\/product\/yoast-seo-premium-wordpress\/ -->\n<title>A letter from Cody Cornell, Swimlane CEO - AI Security Automation<\/title>\n<meta name=\"description\" content=\"Swimlane is the largest and fastest-growing pure-play security automation company. Our platform is trusted by major organizations world-wide.\" \/>\n<meta name=\"robots\" content=\"index, nofollow, max-snippet:-1, max-image-preview:large, max-video-preview:-1\" \/>\n<link rel=\"canonical\" href=\"https:\/\/swimlane.com\/pt\/uma-carta-de-cody\/\" \/>\n<meta property=\"og:locale\" content=\"pt_PT\" \/>\n<meta property=\"og:type\" content=\"article\" \/>\n<meta property=\"og:title\" content=\"A letter from Cody Cornell, Swimlane CEO\" \/>\n<meta property=\"og:description\" content=\"Swimlane is the largest and fastest-growing pure-play security automation company. Our platform is trusted by major organizations world-wide.\" \/>\n<meta property=\"og:url\" content=\"https:\/\/swimlane.com\/pt\/uma-carta-de-cody\/\" \/>\n<meta property=\"og:site_name\" content=\"AI Security Automation\" \/>\n<meta property=\"article:modified_time\" content=\"2025-08-25T17:54:23+00:00\" \/>\n<meta property=\"og:image\" content=\"https:\/\/swimlane.com\/wp-content\/uploads\/2022\/12\/team1.png\" \/>\n<meta name=\"twitter:card\" content=\"summary_large_image\" \/>\n<meta name=\"twitter:site\" content=\"@swimlane\" \/>\n<meta name=\"twitter:label1\" content=\"Tempo estimado de leitura\" \/>\n\t<meta name=\"twitter:data1\" content=\"7 minutos\" \/>\n<script type=\"application\/ld+json\" class=\"yoast-schema-graph\">{\"@context\":\"https:\\\/\\\/schema.org\",\"@graph\":[{\"@type\":\"WebPage\",\"@id\":\"https:\\\/\\\/swimlane.com\\\/pt\\\/a-letter-from-cody\\\/\",\"url\":\"https:\\\/\\\/swimlane.com\\\/pt\\\/a-letter-from-cody\\\/\",\"name\":\"A letter from Cody Cornell, Swimlane CEO - AI Security Automation\",\"isPartOf\":{\"@id\":\"https:\\\/\\\/swimlane.com\\\/pt\\\/#website\"},\"primaryImageOfPage\":{\"@id\":\"https:\\\/\\\/swimlane.com\\\/pt\\\/a-letter-from-cody\\\/#primaryimage\"},\"image\":{\"@id\":\"https:\\\/\\\/swimlane.com\\\/pt\\\/a-letter-from-cody\\\/#primaryimage\"},\"thumbnailUrl\":\"https:\\\/\\\/swimlane.com\\\/wp-content\\\/uploads\\\/2022\\\/12\\\/team1.png\",\"datePublished\":\"2025-08-25T17:08:38+00:00\",\"dateModified\":\"2025-08-25T17:54:23+00:00\",\"description\":\"Swimlane is the largest and fastest-growing pure-play security automation company. Our platform is trusted by major organizations world-wide.\",\"breadcrumb\":{\"@id\":\"https:\\\/\\\/swimlane.com\\\/pt\\\/a-letter-from-cody\\\/#breadcrumb\"},\"inLanguage\":\"pt-PT\",\"potentialAction\":[{\"@type\":\"ReadAction\",\"target\":[\"https:\\\/\\\/swimlane.com\\\/pt\\\/a-letter-from-cody\\\/\"]}]},{\"@type\":\"ImageObject\",\"inLanguage\":\"pt-PT\",\"@id\":\"https:\\\/\\\/swimlane.com\\\/pt\\\/a-letter-from-cody\\\/#primaryimage\",\"url\":\"https:\\\/\\\/swimlane.com\\\/wp-content\\\/uploads\\\/2022\\\/12\\\/team1.png\",\"contentUrl\":\"https:\\\/\\\/swimlane.com\\\/wp-content\\\/uploads\\\/2022\\\/12\\\/team1.png\"},{\"@type\":\"BreadcrumbList\",\"@id\":\"https:\\\/\\\/swimlane.com\\\/pt\\\/a-letter-from-cody\\\/#breadcrumb\",\"itemListElement\":[{\"@type\":\"ListItem\",\"position\":1,\"name\":\"Home\",\"item\":\"https:\\\/\\\/swimlane.com\\\/\"},{\"@type\":\"ListItem\",\"position\":2,\"name\":\"A letter from Cody Cornell, Swimlane CEO\"}]},{\"@type\":\"WebSite\",\"@id\":\"https:\\\/\\\/swimlane.com\\\/pt\\\/#website\",\"url\":\"https:\\\/\\\/swimlane.com\\\/pt\\\/\",\"name\":\"Low-Code Security Automation & SOAR Platform | Swimlane\",\"description\":\"Agentic AI automation for every security function\",\"publisher\":{\"@id\":\"https:\\\/\\\/swimlane.com\\\/pt\\\/#organization\"},\"potentialAction\":[{\"@type\":\"SearchAction\",\"target\":{\"@type\":\"EntryPoint\",\"urlTemplate\":\"https:\\\/\\\/swimlane.com\\\/pt\\\/?s={search_term_string}\"},\"query-input\":{\"@type\":\"PropertyValueSpecification\",\"valueRequired\":true,\"valueName\":\"search_term_string\"}}],\"inLanguage\":\"pt-PT\"},{\"@type\":\"Organization\",\"@id\":\"https:\\\/\\\/swimlane.com\\\/pt\\\/#organization\",\"name\":\"Low-Code Security Automation & SOAR Platform | Swimlane\",\"url\":\"https:\\\/\\\/swimlane.com\\\/pt\\\/\",\"logo\":{\"@type\":\"ImageObject\",\"inLanguage\":\"pt-PT\",\"@id\":\"https:\\\/\\\/swimlane.com\\\/pt\\\/#\\\/schema\\\/logo\\\/image\\\/\",\"url\":\"https:\\\/\\\/swimlane.com\\\/wp-content\\\/uploads\\\/sw-inline-logo-color-white.svg\",\"contentUrl\":\"https:\\\/\\\/swimlane.com\\\/wp-content\\\/uploads\\\/sw-inline-logo-color-white.svg\",\"width\":912,\"height\":190,\"caption\":\"Low-Code Security Automation & SOAR Platform | Swimlane\"},\"image\":{\"@id\":\"https:\\\/\\\/swimlane.com\\\/pt\\\/#\\\/schema\\\/logo\\\/image\\\/\"},\"sameAs\":[\"https:\\\/\\\/x.com\\\/swimlane\",\"https:\\\/\\\/www.linkedin.com\\\/company\\\/swimlane\\\/\"]}]}<\/script>\n<!-- \/ Yoast SEO Premium plugin. -->","yoast_head_json":{"title":"Carta de Cody Cornell, CEO da Swimlane - Automa\u00e7\u00e3o de Seguran\u00e7a com IA","description":"A Swimlane \u00e9 a maior e mais din\u00e2mica empresa de automa\u00e7\u00e3o de seguran\u00e7a do mundo. Nossa plataforma \u00e9 utilizada por grandes organiza\u00e7\u00f5es em todo o planeta.","robots":{"index":"index","follow":"nofollow","max-snippet":"max-snippet:-1","max-image-preview":"max-image-preview:large","max-video-preview":"max-video-preview:-1"},"canonical":"https:\/\/swimlane.com\/pt\/uma-carta-de-cody\/","og_locale":"pt_PT","og_type":"article","og_title":"A letter from Cody Cornell, Swimlane CEO","og_description":"Swimlane is the largest and fastest-growing pure-play security automation company. Our platform is trusted by major organizations world-wide.","og_url":"https:\/\/swimlane.com\/pt\/uma-carta-de-cody\/","og_site_name":"AI Security Automation","article_modified_time":"2025-08-25T17:54:23+00:00","og_image":[{"url":"https:\/\/swimlane.com\/wp-content\/uploads\/2022\/12\/team1.png","type":"","width":"","height":""}],"twitter_card":"summary_large_image","twitter_site":"@swimlane","twitter_misc":{"Tempo estimado de leitura":"7 minutos"},"schema":{"@context":"https:\/\/schema.org","@graph":[{"@type":"WebPage","@id":"https:\/\/swimlane.com\/pt\/a-letter-from-cody\/","url":"https:\/\/swimlane.com\/pt\/a-letter-from-cody\/","name":"Carta de Cody Cornell, CEO da Swimlane - Automa\u00e7\u00e3o de Seguran\u00e7a com IA","isPartOf":{"@id":"https:\/\/swimlane.com\/pt\/#website"},"primaryImageOfPage":{"@id":"https:\/\/swimlane.com\/pt\/a-letter-from-cody\/#primaryimage"},"image":{"@id":"https:\/\/swimlane.com\/pt\/a-letter-from-cody\/#primaryimage"},"thumbnailUrl":"https:\/\/swimlane.com\/wp-content\/uploads\/2022\/12\/team1.png","datePublished":"2025-08-25T17:08:38+00:00","dateModified":"2025-08-25T17:54:23+00:00","description":"A Swimlane \u00e9 a maior e mais din\u00e2mica empresa de automa\u00e7\u00e3o de seguran\u00e7a do mundo. Nossa plataforma \u00e9 utilizada por grandes organiza\u00e7\u00f5es em todo o planeta.","breadcrumb":{"@id":"https:\/\/swimlane.com\/pt\/a-letter-from-cody\/#breadcrumb"},"inLanguage":"pt-PT","potentialAction":[{"@type":"ReadAction","target":["https:\/\/swimlane.com\/pt\/a-letter-from-cody\/"]}]},{"@type":"ImageObject","inLanguage":"pt-PT","@id":"https:\/\/swimlane.com\/pt\/a-letter-from-cody\/#primaryimage","url":"https:\/\/swimlane.com\/wp-content\/uploads\/2022\/12\/team1.png","contentUrl":"https:\/\/swimlane.com\/wp-content\/uploads\/2022\/12\/team1.png"},{"@type":"BreadcrumbList","@id":"https:\/\/swimlane.com\/pt\/a-letter-from-cody\/#breadcrumb","itemListElement":[{"@type":"ListItem","position":1,"name":"Home","item":"https:\/\/swimlane.com\/"},{"@type":"ListItem","position":2,"name":"A letter from Cody Cornell, Swimlane CEO"}]},{"@type":"WebSite","@id":"https:\/\/swimlane.com\/pt\/#website","url":"https:\/\/swimlane.com\/pt\/","name":"Automa\u00e7\u00e3o de seguran\u00e7a de baixo c\u00f3digo e plataforma SOAR | Swimlane","description":"Automa\u00e7\u00e3o de IA ag\u00eantica para todas as fun\u00e7\u00f5es de seguran\u00e7a","publisher":{"@id":"https:\/\/swimlane.com\/pt\/#organization"},"potentialAction":[{"@type":"SearchAction","target":{"@type":"EntryPoint","urlTemplate":"https:\/\/swimlane.com\/pt\/?s={search_term_string}"},"query-input":{"@type":"PropertyValueSpecification","valueRequired":true,"valueName":"search_term_string"}}],"inLanguage":"pt-PT"},{"@type":"Organization","@id":"https:\/\/swimlane.com\/pt\/#organization","name":"Automa\u00e7\u00e3o de seguran\u00e7a de baixo c\u00f3digo e plataforma SOAR | Swimlane","url":"https:\/\/swimlane.com\/pt\/","logo":{"@type":"ImageObject","inLanguage":"pt-PT","@id":"https:\/\/swimlane.com\/pt\/#\/schema\/logo\/image\/","url":"https:\/\/swimlane.com\/wp-content\/uploads\/sw-inline-logo-color-white.svg","contentUrl":"https:\/\/swimlane.com\/wp-content\/uploads\/sw-inline-logo-color-white.svg","width":912,"height":190,"caption":"Low-Code Security Automation & SOAR Platform | Swimlane"},"image":{"@id":"https:\/\/swimlane.com\/pt\/#\/schema\/logo\/image\/"},"sameAs":["https:\/\/x.com\/swimlane","https:\/\/www.linkedin.com\/company\/swimlane\/"]}]}},"publishpress_future_action":{"enabled":false,"date":"2026-05-11 06:40:01","action":"change-status","newStatus":"draft","terms":[],"taxonomy":"","extraData":[]},"publishpress_future_workflow_manual_trigger":{"enabledWorkflows":[]},"_links":{"self":[{"href":"https:\/\/swimlane.com\/pt\/wp-json\/wp\/v2\/pages\/50008","targetHints":{"allow":["GET"]}}],"collection":[{"href":"https:\/\/swimlane.com\/pt\/wp-json\/wp\/v2\/pages"}],"about":[{"href":"https:\/\/swimlane.com\/pt\/wp-json\/wp\/v2\/types\/page"}],"author":[{"embeddable":true,"href":"https:\/\/swimlane.com\/pt\/wp-json\/wp\/v2\/users\/43"}],"replies":[{"embeddable":true,"href":"https:\/\/swimlane.com\/pt\/wp-json\/wp\/v2\/comments?post=50008"}],"version-history":[{"count":0,"href":"https:\/\/swimlane.com\/pt\/wp-json\/wp\/v2\/pages\/50008\/revisions"}],"wp:attachment":[{"href":"https:\/\/swimlane.com\/pt\/wp-json\/wp\/v2\/media?parent=50008"}],"curies":[{"name":"wp","href":"https:\/\/api.w.org\/{rel}","templated":true}]}}