{"id":551,"date":"2022-11-11T14:29:17","date_gmt":"2022-11-11T14:29:17","guid":{"rendered":"https:\/\/swimlane.com\/?page_id=551"},"modified":"2026-03-20T01:59:36","modified_gmt":"2026-03-20T07:59:36","slug":"centro-de-confianca","status":"publish","type":"page","link":"https:\/\/swimlane.com\/pt\/trust-center\/","title":{"rendered":"Central de Confian\u00e7a (Seguran\u00e7a)"},"content":{"rendered":"\n<section class=\"bs-section bs-section-60c65f5c33890c0926637ac497b8feac822f72a6 bs-section---default bs-section--common-banner-type-two bs-section--services-banner  \"><style>.bs-section.bs-section-60c65f5c33890c0926637ac497b8feac822f72a6{ background-color: #000743;} <\/style><div class=\"container\">\n<div class=\"bs-row row   bs-row---default\">\n<div class=\" bs-column col-sm-12  col-md-0 col-xl-5 col-lg-6   bs-column-94316a967d67644c55b5b3332239e8b4d6b27b52 bs-column---default     \">\n<h1 class=\"wp-block-heading has-white-color has-text-color\" id=\"h-trust-center\">Trust Center<\/h1>\n\n\n\n<p class=\"has-white-color has-text-color\">Find all Swimlane&#8217;s Security, Privacy and Compliance Resources<\/p>\n\n\n<\/div>\n\n\n\n<div class=\" bs-column col-sm-12  col-md-0 col-lg-6 col-xl-7   bs-column-16071d2fdffe54b657168ef5912c5ad1e1ca265f bs-column---default     \"><div class=\"bs-lottie-animator bs-lottie-animator---default\" id=\"lottie-d1a0eeb6-6458-4680-8a97-c1811ecc64cf\" data-settings=\"{&quot;desktop&quot;:{&quot;settings&quot;:{&quot;animateViewPort&quot;:1,&quot;direction&quot;:1,&quot;delay&quot;:0,&quot;loop&quot;:false,&quot;fileName&quot;:&quot;Service_banner_lines.json&quot;,&quot;mouseOutAction&quot;:&quot;none&quot;,&quot;numberOfLoops&quot;:0,&quot;playSpeed&quot;:1,&quot;path&quot;:&quot;https:\\\/\\\/swimlane.com\\\/wp-content\\\/uploads\\\/2023\\\/01\\\/Service_banner_lines.json&quot;,&quot;scrollRelativeTo&quot;:&quot;withinSection&quot;,&quot;trigger&quot;:false,&quot;triggerMethod&quot;:&quot;pageHover&quot;,&quot;oneTimePlay&quot;:true}},&quot;mobile&quot;:{&quot;breakpoint&quot;:576,&quot;settings&quot;:{&quot;animateViewPort&quot;:1,&quot;direction&quot;:1,&quot;delay&quot;:0,&quot;loop&quot;:false,&quot;fileName&quot;:&quot;Mobile_banner_lines.json&quot;,&quot;mouseOutAction&quot;:&quot;none&quot;,&quot;numberOfLoops&quot;:0,&quot;playSpeed&quot;:1,&quot;path&quot;:&quot;https:\\\/\\\/swimlane.com\\\/wp-content\\\/uploads\\\/2023\\\/01\\\/Mobile_banner_lines.json&quot;,&quot;scrollRelativeTo&quot;:&quot;withinSection&quot;,&quot;trigger&quot;:false,&quot;triggerMethod&quot;:&quot;pageHover&quot;,&quot;oneTimePlay&quot;:true}}}\"><\/div>\n\n<div class='media-elements bs-media-element---default enable'>    <div class='bs-common-image'>\n                            <figure class='figure justify-content-start d-flex'>\n                            <picture>\n                            <source srcset=\"https:\/\/swimlane.com\/wp-content\/uploads\/TrustCenter.png\" media=\"(max-width:575px)\"><source srcset=\"https:\/\/swimlane.com\/wp-content\/uploads\/TrustCenter.png\" media=\"(max-width:1280px)\">\n                            <img src='https:\/\/swimlane.com\/wp-content\/uploads\/trucecenter.webp' class='img-fluid'   alt='' title=''  \/>\n                            <\/picture>\n                                \n                            <\/figure>\n                        <\/div><\/div><\/div>\n<\/div>\n<\/div><\/section>\n\n\n\n<section class=\"bs-section bs-section-97c78246cf997693f51acf907111becfcfe39f4d bs-section---default bs-section--common-slider-view-on-right bs-section--services-swimlane-provides  \"><style>.bs-section.bs-section-97c78246cf997693f51acf907111becfcfe39f4d {\n                                background-image: linear-gradient(180deg, #fff 29%, #eef4fa 100%);}<\/style><div class=\"container\">\n<div class=\"bs-row row   bs-row---default\">\n<div class=\" bs-column col-12 col-sm-12 col-md-12   bs-column-48f48ceaf25949f57fd4ae8c58f3e8143c4e6663 bs-column---default     \">\n<div class=\"bs-div bs-div-87e39b4b62faa8d25637fa57a07e7912358ac177 bs-div---default bs-div--main\"><div class=\"bs-div__inner     \">\n<h2 class=\"wp-block-heading\" id=\"h-your-turbine-system-health-at-a-glance\">Your Turbine System Health at a Glance<\/h2>\n\n\n\n<p>We understand how critical our platform is to your operations. At Swimlane, we prioritize transparency and keeping you informed. The <a href=\"https:\/\/swimlanestatus.com\/\">Turbine Status Page<\/a> provides real-time system performance, maintenance, and incident updates. While we aim for 100% uptime, occasional disruptions may occur. Visit the page anytime or subscribe to notifications for alerts.<\/p>\n\n\n\n<div style=\"height:28px\" aria-hidden=\"true\" class=\"wp-block-spacer\"><\/div>\n\n\n\n<span class=\"bs-pro-button bs-pro-button---default bs-pro-button--primary-with-arrow bs-pro-button-p-btn-37e2947a08faa462ab2a9eb72c32b97ec8c13bf9\"><style>.bs-pro-button-p-btn-37e2947a08faa462ab2a9eb72c32b97ec8c13bf9 .bs-pro-button__container {background-color: #abb8c3; color: #000000;}<\/style><a href=\"https:\/\/swimlanestatus.com\/\" target=\"\" rel=\"noopener noreferrer\" class=\"bs-pro-button__container\">See Status<\/a><\/span>\n<\/div><\/div>\n<\/div>\n\n\n\n<div class=\" bs-column col-sm-12 col-md-12   bs-column-f3a2177506e0ee9916ad34f0a9473c12bb4f93c3 bs-column---default     \">\t<div id=\"slider-ec0da6dbcb245b8dced608e32a89b1c6adc8c1f3\"\n\t\tclass=\"bs-slider bs-slider---default bs-slider--common-progress-bar\">\n\t\t<div id=\"slider-ec0da6dbcb245b8dced608e32a89b1c6adc8c1f3-content\" class=\"slick-slider\"\n\t\t\tdata-slick='{\"responsive\":[{\"breakpoint\":9999,\"settings\":{\"slidesToShow\":3,\"slidesToScroll\":1,\"arrows\":true,\"dots\":false,\"infinite\":false,\"autoplay\":false,\"draggable\":true,\"swipe\":true,\"autoplaySpeed\":3000,\"initialSlide\":0,\"speed\":300,\"fade\":false,\"variableWidth\":false,\"adaptiveHeight\":false,\"focusOnSelect\":false,\"centerMode\":false,\"centerPadding\":\"50px\",\"lazyLoad\":\"progressive\",\"unslick\":false}},{\"breakpoint\":576,\"settings\":{\"slidesToShow\":1,\"slidesToScroll\":1,\"arrows\":false,\"dots\":false,\"infinite\":false,\"autoplay\":false,\"draggable\":true,\"swipe\":true,\"autoplaySpeed\":3000,\"initialSlide\":0,\"speed\":300,\"fade\":false,\"variableWidth\":false,\"adaptiveHeight\":false,\"focusOnSelect\":false,\"centerMode\":false,\"centerPadding\":\"50px\",\"lazyLoad\":\"progressive\",\"unslick\":false}},{\"breakpoint\":992,\"settings\":{\"slidesToShow\":2,\"slidesToScroll\":1,\"arrows\":false,\"dots\":false,\"infinite\":false,\"autoplay\":false,\"draggable\":true,\"swipe\":true,\"autoplaySpeed\":3000,\"initialSlide\":0,\"speed\":300,\"fade\":false,\"variableWidth\":false,\"adaptiveHeight\":false,\"focusOnSelect\":false,\"centerMode\":false,\"centerPadding\":\"50px\",\"lazyLoad\":\"progressive\",\"unslick\":false}},{\"breakpoint\":1200,\"settings\":{\"slidesToShow\":3,\"slidesToScroll\":1,\"arrows\":true,\"dots\":false,\"infinite\":false,\"autoplay\":false,\"draggable\":true,\"swipe\":true,\"autoplaySpeed\":3000,\"initialSlide\":0,\"speed\":300,\"fade\":false,\"variableWidth\":false,\"adaptiveHeight\":false,\"focusOnSelect\":false,\"centerMode\":false,\"centerPadding\":\"50px\",\"lazyLoad\":\"progressive\",\"unslick\":false}}]}'\n\t\t\t\n\t\t>\t\t\t<div class=\"slick-slide-wrapper\" >\n\t\t\t\t\n\n<div class=\"bs-div bs-div-06301c0481f7b09934421c1599d92293c818f72e bs-div---default bs-div--core-values-type-three bs-div--core-values-type-four\"><div class=\"bs-div__inner     \">\n<div class=\"bs-card bs-card---default bs-card--no-image\"><div class=\"bs-card__container\n\t\t\t\t\n\t\t\t\t\"><div class=\"bs-card__title\"><h3>Live Turbine Health Updates<\/h3><\/div><div class=\"bs-card__description\"><p>View your current platform status, including uptime and known issues.<\/p><\/div><\/div><\/div>\n\n\n<div class=\"bs-lottie-animator bs-exclude-init bs-lottie-animator---default bs-lottie-animator--animate-seperate\" id=\"lottie-51549919-e006-4981-b1f3-14496a8586bf\" data-settings=\"{&quot;desktop&quot;:{&quot;settings&quot;:{&quot;animateViewPort&quot;:50,&quot;direction&quot;:1,&quot;delay&quot;:0,&quot;loop&quot;:false,&quot;fileName&quot;:&quot;online-2.json&quot;,&quot;mouseOutAction&quot;:&quot;none&quot;,&quot;numberOfLoops&quot;:0,&quot;playSpeed&quot;:1,&quot;path&quot;:&quot;https:\\\/\\\/swimlane.com\\\/wp-content\\\/uploads\\\/online-2.json&quot;,&quot;scrollRelativeTo&quot;:&quot;withinSection&quot;,&quot;trigger&quot;:false,&quot;triggerMethod&quot;:&quot;pageHover&quot;,&quot;oneTimePlay&quot;:false}},&quot;mobile&quot;:{&quot;breakpoint&quot;:576,&quot;settings&quot;:{&quot;animateViewPort&quot;:50,&quot;direction&quot;:1,&quot;delay&quot;:0,&quot;loop&quot;:false,&quot;fileName&quot;:&quot;&quot;,&quot;mouseOutAction&quot;:&quot;none&quot;,&quot;numberOfLoops&quot;:0,&quot;playSpeed&quot;:1,&quot;path&quot;:&quot;&quot;,&quot;scrollRelativeTo&quot;:&quot;withinSection&quot;,&quot;trigger&quot;:false,&quot;triggerMethod&quot;:&quot;pageHover&quot;,&quot;oneTimePlay&quot;:false}}}\"><\/div><\/div><\/div>\n\n\n\t\t\t<\/div>\t\t\t<div class=\"slick-slide-wrapper\" >\n\t\t\t\t\n\n<div class=\"bs-div bs-div-06301c0481f7b09934421c1599d92293c818f72e bs-div---default bs-div--core-values-type-three bs-div--core-values-type-four\"><div class=\"bs-div__inner     \">\n<div class=\"bs-card bs-card---default bs-card--no-image\"><div class=\"bs-card__container\n\t\t\t\t\n\t\t\t\t\"><div class=\"bs-card__title\"><h3>Incident Notifications<\/h3><\/div><div class=\"bs-card__description\"><p>Stay informed with real-time updates on disruptions and our actions to resolve them.<\/p><\/div><\/div><\/div>\n\n\n<div class=\"bs-lottie-animator bs-exclude-init bs-lottie-animator---default bs-lottie-animator--animate-seperate\" id=\"lottie-7813478e-6a20-4756-b984-48394b2b9fe5\" data-settings=\"{&quot;desktop&quot;:{&quot;settings&quot;:{&quot;animateViewPort&quot;:50,&quot;direction&quot;:1,&quot;delay&quot;:0,&quot;loop&quot;:false,&quot;fileName&quot;:&quot;Intensive.json&quot;,&quot;mouseOutAction&quot;:&quot;none&quot;,&quot;numberOfLoops&quot;:0,&quot;playSpeed&quot;:1,&quot;path&quot;:&quot;https:\\\/\\\/swimlane.com\\\/wp-content\\\/uploads\\\/Intensive.json&quot;,&quot;scrollRelativeTo&quot;:&quot;withinSection&quot;,&quot;trigger&quot;:false,&quot;triggerMethod&quot;:&quot;pageHover&quot;,&quot;oneTimePlay&quot;:false}},&quot;mobile&quot;:{&quot;breakpoint&quot;:576,&quot;settings&quot;:{&quot;animateViewPort&quot;:50,&quot;direction&quot;:1,&quot;delay&quot;:0,&quot;loop&quot;:false,&quot;fileName&quot;:&quot;&quot;,&quot;mouseOutAction&quot;:&quot;none&quot;,&quot;numberOfLoops&quot;:0,&quot;playSpeed&quot;:1,&quot;path&quot;:&quot;&quot;,&quot;scrollRelativeTo&quot;:&quot;withinSection&quot;,&quot;trigger&quot;:false,&quot;triggerMethod&quot;:&quot;pageHover&quot;,&quot;oneTimePlay&quot;:false}}}\"><\/div><\/div><\/div>\n\n\n\t\t\t<\/div>\t\t\t<div class=\"slick-slide-wrapper\" >\n\t\t\t\t\n\n<div class=\"bs-div bs-div-06301c0481f7b09934421c1599d92293c818f72e bs-div---default bs-div--core-values-type-three bs-div--core-values-type-four\"><div class=\"bs-div__inner     \">\n<div class=\"bs-card bs-card---default bs-card--no-image\"><div class=\"bs-card__container\n\t\t\t\t\n\t\t\t\t\"><div class=\"bs-card__title\"><h3>Planned Maintenance Alerts<\/h3><\/div><div class=\"bs-card__description\"><p>Plan ahead with alerts on scheduled maintenance.<\/p><\/div><\/div><\/div>\n\n\n<div class=\"bs-lottie-animator bs-exclude-init bs-lottie-animator---default bs-lottie-animator--animate-seperate\" id=\"lottie-fbd78862-e532-469e-9dcb-453b6d35f8ac\" data-settings=\"{&quot;desktop&quot;:{&quot;settings&quot;:{&quot;animateViewPort&quot;:50,&quot;direction&quot;:1,&quot;delay&quot;:0,&quot;loop&quot;:false,&quot;fileName&quot;:&quot;limited-3.json&quot;,&quot;mouseOutAction&quot;:&quot;none&quot;,&quot;numberOfLoops&quot;:0,&quot;playSpeed&quot;:1,&quot;path&quot;:&quot;https:\\\/\\\/swimlane.com\\\/wp-content\\\/uploads\\\/limited-3.json&quot;,&quot;scrollRelativeTo&quot;:&quot;withinSection&quot;,&quot;trigger&quot;:false,&quot;triggerMethod&quot;:&quot;pageHover&quot;,&quot;oneTimePlay&quot;:false}},&quot;mobile&quot;:{&quot;breakpoint&quot;:576,&quot;settings&quot;:{&quot;animateViewPort&quot;:50,&quot;direction&quot;:1,&quot;delay&quot;:0,&quot;loop&quot;:false,&quot;fileName&quot;:&quot;&quot;,&quot;mouseOutAction&quot;:&quot;none&quot;,&quot;numberOfLoops&quot;:0,&quot;playSpeed&quot;:1,&quot;path&quot;:&quot;&quot;,&quot;scrollRelativeTo&quot;:&quot;withinSection&quot;,&quot;trigger&quot;:false,&quot;triggerMethod&quot;:&quot;pageHover&quot;,&quot;oneTimePlay&quot;:false}}}\"><\/div><\/div><\/div>\n\n\n\t\t\t<\/div>\t\t<\/div>\n\t<\/div><\/div>\n<\/div>\n<\/div><\/section>\n\n\n\n\n\n\n<section class=\"bs-section bs-section-9089fef8a1aae4423f324b8b9f01a6f3497f0023 bs-section---default bs-section--common-user-training bs-section--common-with-swimlane r-imgtxt-l4 r-imgtxt-l4--asn1\"><div class=\"container\">\n<div class=\"bs-row row   bs-row---default\">\n<div class=\" bs-column col-sm-12   bs-column-601afe1d46256d3b13b7ac6679644286e4c6669e bs-column---default     \">\n<iframe loading=\"lazy\" src=\"https:\/\/public-profile.whistic.com\/7aa2073f-1639-4cc9-90de-4ce45fd6333a\" width=\"100%\" height=\"1975\" frameborder=\"0\"><\/iframe>\n<\/div>\n<\/div>\n<\/div><\/section>\n\n\n\n\n<section class=\"bs-section bs-section-cea812f655335a48fa46f0a602dec7d3116e423f bs-section---default bs-section--common-slider-view-on-right bs-section--services-swimlane-provides  \"><style>.bs-section.bs-section-cea812f655335a48fa46f0a602dec7d3116e423f{ background-color: #eef4fa;} <\/style><div class=\"container\">\n<div class=\"bs-row row   bs-row---default\">\n<div class=\" bs-column col-12 col-sm-12 col-md-12   bs-column-48f48ceaf25949f57fd4ae8c58f3e8143c4e6663 bs-column---default     \"><\/div>\n\n\n\n<div class=\" bs-column col-sm-12 col-md-12   bs-column-f3a2177506e0ee9916ad34f0a9473c12bb4f93c3 bs-column---default     \">\n<div class=\"bs-div bs-div-337aea76db0c835018301ee2c87f16f540f80adb bs-div---default bs-div--main\"><div class=\"bs-div__inner     \">\n<h4 class=\"wp-block-heading\" id=\"h-more-information-0\">More Information<\/h4>\n\n\n\n<div class=\"bs-div bs-div-7b790e08226e7858b39dc17c69c4ab5091174a90 bs-div---default bs-div--custom-list-style\"><div class=\"bs-div__inner     \">\n<ul class=\"wp-block-list\">\n<li>See our Swimlane Trust Center profile in Whistic to download security, privacy, and compliance documents. Looking for something more? Please contact <a href=\"mailto:Security@swimlane.com\">Security@swimlane.com<\/a> for more information.<\/li>\n\n\n\n<li>To learn more about our data practices see our Privacy Policy.<\/li>\n\n\n\n<li>For more information on privacy and GDPR, contact us at <a href=\"mailto:privacy@swimlane.com\">privacy@swimlane.com<\/a>.<\/li>\n\n\n\n<li>If you have found a security bug in Swimlane, please see our Security.txt page for information on how to report it to us.<\/li>\n<\/ul>\n<\/div><\/div>\n<\/div><\/div>\n<\/div>\n<\/div>\n<\/div><\/section>\n\n\n","protected":false},"excerpt":{"rendered":"","protected":false},"author":1,"featured_media":45627,"parent":0,"menu_order":0,"comment_status":"closed","ping_status":"closed","template":"","meta":{"_acf_changed":false,"show_custom_date":false,"custom_date":"","featured":false,"featured_image":0,"learn_more_label":"","image_alt_text":"","learn_more_type":"","learn_more_link":[],"show_popup":false,"disable_iframe":false,"enable_lazy_loading":false,"learn_more_link_file":0,"event_date":false,"event_start_date":"","event_end_date":"","featured_page_list":[],"_relevanssi_hide_post":"","_relevanssi_hide_content":"","_relevanssi_pin_for_all":"","_relevanssi_pin_keywords":"","_relevanssi_unpin_keywords":"","_relevanssi_related_keywords":"","_relevanssi_related_include_ids":"","_relevanssi_related_exclude_ids":"","_relevanssi_related_no_append":"","_relevanssi_related_not_related":"","_relevanssi_related_posts":"","_relevanssi_noindex_reason":"","inline_featured_image":false,"footnotes":""},"class_list":["post-551","page","type-page","status-publish","has-post-thumbnail","hentry"],"acf":[],"yoast_head":"<!-- This site is optimized with the Yoast SEO Premium plugin v22.5 (Yoast SEO v27.1.1) - https:\/\/yoast.com\/product\/yoast-seo-premium-wordpress\/ -->\n<title>Trust Center (Security) - AI Security Automation<\/title>\n<meta name=\"description\" content=\"The Trust Center is the resource hub for all of Swimlane&#039;s security privacy and compliance resources. Learn about our controls framework for regulatory schemes for security and privacy of our customers data.\" \/>\n<meta name=\"robots\" content=\"index, follow, max-snippet:-1, max-image-preview:large, max-video-preview:-1\" \/>\n<link rel=\"canonical\" href=\"https:\/\/swimlane.com\/pt\/centro-de-confianca\/\" \/>\n<meta property=\"og:locale\" content=\"pt_PT\" \/>\n<meta property=\"og:type\" content=\"article\" \/>\n<meta property=\"og:title\" content=\"Trust Center (Security)\" \/>\n<meta property=\"og:description\" content=\"Swimlane is the largest and fastest-growing pure-play security automation company. Our platform is trusted by major organizations world-wide.\" \/>\n<meta property=\"og:url\" content=\"https:\/\/swimlane.com\/pt\/centro-de-confianca\/\" \/>\n<meta property=\"og:site_name\" content=\"AI Security Automation\" \/>\n<meta property=\"article:modified_time\" content=\"2026-03-20T07:59:36+00:00\" \/>\n<meta property=\"og:image\" content=\"https:\/\/swimlane.com\/wp-content\/uploads\/Trust-Center.png\" \/>\n\t<meta property=\"og:image:width\" content=\"1200\" \/>\n\t<meta property=\"og:image:height\" content=\"630\" \/>\n\t<meta property=\"og:image:type\" content=\"image\/png\" \/>\n<meta name=\"twitter:card\" content=\"summary_large_image\" \/>\n<meta name=\"twitter:site\" content=\"@swimlane\" \/>\n<meta name=\"twitter:label1\" content=\"Tempo estimado de leitura\" \/>\n\t<meta name=\"twitter:data1\" content=\"3 minutos\" \/>\n<script type=\"application\/ld+json\" class=\"yoast-schema-graph\">{\"@context\":\"https:\/\/schema.org\",\"@graph\":[{\"@type\":\"WebPage\",\"@id\":\"https:\/\/swimlane.com\/pt\/trust-center\/\",\"url\":\"https:\/\/swimlane.com\/pt\/trust-center\/\",\"name\":\"Trust Center (Security) - AI Security Automation\",\"isPartOf\":{\"@id\":\"https:\/\/swimlane.com\/pt\/#website\"},\"primaryImageOfPage\":{\"@id\":\"https:\/\/swimlane.com\/pt\/trust-center\/#primaryimage\"},\"image\":{\"@id\":\"https:\/\/swimlane.com\/pt\/trust-center\/#primaryimage\"},\"thumbnailUrl\":\"https:\/\/swimlane.com\/wp-content\/uploads\/Trust-Center.png\",\"datePublished\":\"2022-11-11T14:29:17+00:00\",\"dateModified\":\"2026-03-20T07:59:36+00:00\",\"description\":\"The Trust Center is the resource hub for all of Swimlane's security privacy and compliance resources. Learn about our controls framework for regulatory schemes for security and privacy of our customers data.\",\"breadcrumb\":{\"@id\":\"https:\/\/swimlane.com\/pt\/trust-center\/#breadcrumb\"},\"inLanguage\":\"pt-PT\",\"potentialAction\":[{\"@type\":\"ReadAction\",\"target\":[\"https:\/\/swimlane.com\/pt\/trust-center\/\"]}]},{\"@type\":\"ImageObject\",\"inLanguage\":\"pt-PT\",\"@id\":\"https:\/\/swimlane.com\/pt\/trust-center\/#primaryimage\",\"url\":\"https:\/\/swimlane.com\/wp-content\/uploads\/Trust-Center.png\",\"contentUrl\":\"https:\/\/swimlane.com\/wp-content\/uploads\/Trust-Center.png\",\"width\":1200,\"height\":630},{\"@type\":\"BreadcrumbList\",\"@id\":\"https:\/\/swimlane.com\/pt\/trust-center\/#breadcrumb\",\"itemListElement\":[{\"@type\":\"ListItem\",\"position\":1,\"name\":\"Home\",\"item\":\"https:\/\/swimlane.com\/\"},{\"@type\":\"ListItem\",\"position\":2,\"name\":\"Trust Center (Security)\"}]},{\"@type\":\"WebSite\",\"@id\":\"https:\/\/swimlane.com\/pt\/#website\",\"url\":\"https:\/\/swimlane.com\/pt\/\",\"name\":\"Low-Code Security Automation & SOAR Platform | Swimlane\",\"description\":\"Agentic AI automation for every security function\",\"publisher\":{\"@id\":\"https:\/\/swimlane.com\/pt\/#organization\"},\"potentialAction\":[{\"@type\":\"SearchAction\",\"target\":{\"@type\":\"EntryPoint\",\"urlTemplate\":\"https:\/\/swimlane.com\/pt\/?s={search_term_string}\"},\"query-input\":{\"@type\":\"PropertyValueSpecification\",\"valueRequired\":true,\"valueName\":\"search_term_string\"}}],\"inLanguage\":\"pt-PT\"},{\"@type\":\"Organization\",\"@id\":\"https:\/\/swimlane.com\/pt\/#organization\",\"name\":\"Low-Code Security Automation & SOAR Platform | Swimlane\",\"url\":\"https:\/\/swimlane.com\/pt\/\",\"logo\":{\"@type\":\"ImageObject\",\"inLanguage\":\"pt-PT\",\"@id\":\"https:\/\/swimlane.com\/pt\/#\/schema\/logo\/image\/\",\"url\":\"https:\/\/swimlane.com\/wp-content\/uploads\/sw-inline-logo-color-white.svg\",\"contentUrl\":\"https:\/\/swimlane.com\/wp-content\/uploads\/sw-inline-logo-color-white.svg\",\"width\":912,\"height\":190,\"caption\":\"Low-Code Security Automation & SOAR Platform | Swimlane\"},\"image\":{\"@id\":\"https:\/\/swimlane.com\/pt\/#\/schema\/logo\/image\/\"},\"sameAs\":[\"https:\/\/x.com\/swimlane\",\"https:\/\/www.linkedin.com\/company\/swimlane\/\"]}]}<\/script>\n<!-- \/ Yoast SEO Premium plugin. -->","yoast_head_json":{"title":"Central de Confian\u00e7a (Seguran\u00e7a) - Automa\u00e7\u00e3o de Seguran\u00e7a com IA","description":"O Centro de Confian\u00e7a \u00e9 o n\u00facleo de recursos para todas as informa\u00e7\u00f5es da Swimlane sobre seguran\u00e7a, privacidade e conformidade. Saiba mais sobre nossa estrutura de controles para os regimes regulat\u00f3rios de seguran\u00e7a e privacidade dos dados de nossos clientes.","robots":{"index":"index","follow":"follow","max-snippet":"max-snippet:-1","max-image-preview":"max-image-preview:large","max-video-preview":"max-video-preview:-1"},"canonical":"https:\/\/swimlane.com\/pt\/centro-de-confianca\/","og_locale":"pt_PT","og_type":"article","og_title":"Trust Center (Security)","og_description":"Swimlane is the largest and fastest-growing pure-play security automation company. Our platform is trusted by major organizations world-wide.","og_url":"https:\/\/swimlane.com\/pt\/centro-de-confianca\/","og_site_name":"AI Security Automation","article_modified_time":"2026-03-20T07:59:36+00:00","og_image":[{"width":1200,"height":630,"url":"https:\/\/swimlane.com\/wp-content\/uploads\/Trust-Center.png","type":"image\/png"}],"twitter_card":"summary_large_image","twitter_site":"@swimlane","twitter_misc":{"Tempo estimado de leitura":"3 minutos"},"schema":{"@context":"https:\/\/schema.org","@graph":[{"@type":"WebPage","@id":"https:\/\/swimlane.com\/pt\/trust-center\/","url":"https:\/\/swimlane.com\/pt\/trust-center\/","name":"Central de Confian\u00e7a (Seguran\u00e7a) - Automa\u00e7\u00e3o de Seguran\u00e7a com IA","isPartOf":{"@id":"https:\/\/swimlane.com\/pt\/#website"},"primaryImageOfPage":{"@id":"https:\/\/swimlane.com\/pt\/trust-center\/#primaryimage"},"image":{"@id":"https:\/\/swimlane.com\/pt\/trust-center\/#primaryimage"},"thumbnailUrl":"https:\/\/swimlane.com\/wp-content\/uploads\/Trust-Center.png","datePublished":"2022-11-11T14:29:17+00:00","dateModified":"2026-03-20T07:59:36+00:00","description":"O Centro de Confian\u00e7a \u00e9 o n\u00facleo de recursos para todas as informa\u00e7\u00f5es da Swimlane sobre seguran\u00e7a, privacidade e conformidade. Saiba mais sobre nossa estrutura de controles para os regimes regulat\u00f3rios de seguran\u00e7a e privacidade dos dados de nossos clientes.","breadcrumb":{"@id":"https:\/\/swimlane.com\/pt\/trust-center\/#breadcrumb"},"inLanguage":"pt-PT","potentialAction":[{"@type":"ReadAction","target":["https:\/\/swimlane.com\/pt\/trust-center\/"]}]},{"@type":"ImageObject","inLanguage":"pt-PT","@id":"https:\/\/swimlane.com\/pt\/trust-center\/#primaryimage","url":"https:\/\/swimlane.com\/wp-content\/uploads\/Trust-Center.png","contentUrl":"https:\/\/swimlane.com\/wp-content\/uploads\/Trust-Center.png","width":1200,"height":630},{"@type":"BreadcrumbList","@id":"https:\/\/swimlane.com\/pt\/trust-center\/#breadcrumb","itemListElement":[{"@type":"ListItem","position":1,"name":"Home","item":"https:\/\/swimlane.com\/"},{"@type":"ListItem","position":2,"name":"Trust Center (Security)"}]},{"@type":"WebSite","@id":"https:\/\/swimlane.com\/pt\/#website","url":"https:\/\/swimlane.com\/pt\/","name":"Automa\u00e7\u00e3o de seguran\u00e7a de baixo c\u00f3digo e plataforma SOAR | Swimlane","description":"Automa\u00e7\u00e3o de IA ag\u00eantica para todas as fun\u00e7\u00f5es de seguran\u00e7a","publisher":{"@id":"https:\/\/swimlane.com\/pt\/#organization"},"potentialAction":[{"@type":"SearchAction","target":{"@type":"EntryPoint","urlTemplate":"https:\/\/swimlane.com\/pt\/?s={search_term_string}"},"query-input":{"@type":"PropertyValueSpecification","valueRequired":true,"valueName":"search_term_string"}}],"inLanguage":"pt-PT"},{"@type":"Organization","@id":"https:\/\/swimlane.com\/pt\/#organization","name":"Automa\u00e7\u00e3o de seguran\u00e7a de baixo c\u00f3digo e plataforma SOAR | Swimlane","url":"https:\/\/swimlane.com\/pt\/","logo":{"@type":"ImageObject","inLanguage":"pt-PT","@id":"https:\/\/swimlane.com\/pt\/#\/schema\/logo\/image\/","url":"https:\/\/swimlane.com\/wp-content\/uploads\/sw-inline-logo-color-white.svg","contentUrl":"https:\/\/swimlane.com\/wp-content\/uploads\/sw-inline-logo-color-white.svg","width":912,"height":190,"caption":"Low-Code Security Automation & SOAR Platform | Swimlane"},"image":{"@id":"https:\/\/swimlane.com\/pt\/#\/schema\/logo\/image\/"},"sameAs":["https:\/\/x.com\/swimlane","https:\/\/www.linkedin.com\/company\/swimlane\/"]}]}},"publishpress_future_action":{"enabled":false,"date":"2026-04-21 16:34:16","action":"change-status","newStatus":"draft","terms":[],"taxonomy":"","extraData":[]},"publishpress_future_workflow_manual_trigger":{"enabledWorkflows":[]},"_links":{"self":[{"href":"https:\/\/swimlane.com\/pt\/wp-json\/wp\/v2\/pages\/551","targetHints":{"allow":["GET"]}}],"collection":[{"href":"https:\/\/swimlane.com\/pt\/wp-json\/wp\/v2\/pages"}],"about":[{"href":"https:\/\/swimlane.com\/pt\/wp-json\/wp\/v2\/types\/page"}],"author":[{"embeddable":true,"href":"https:\/\/swimlane.com\/pt\/wp-json\/wp\/v2\/users\/1"}],"replies":[{"embeddable":true,"href":"https:\/\/swimlane.com\/pt\/wp-json\/wp\/v2\/comments?post=551"}],"version-history":[{"count":1,"href":"https:\/\/swimlane.com\/pt\/wp-json\/wp\/v2\/pages\/551\/revisions"}],"predecessor-version":[{"id":55168,"href":"https:\/\/swimlane.com\/pt\/wp-json\/wp\/v2\/pages\/551\/revisions\/55168"}],"wp:featuredmedia":[{"embeddable":true,"href":"https:\/\/swimlane.com\/pt\/wp-json\/wp\/v2\/media\/45627"}],"wp:attachment":[{"href":"https:\/\/swimlane.com\/pt\/wp-json\/wp\/v2\/media?parent=551"}],"curies":[{"name":"wp","href":"https:\/\/api.w.org\/{rel}","templated":true}]}}